{"id":62926,"date":"2026-03-18T20:25:57","date_gmt":"2026-03-18T20:25:57","guid":{"rendered":"https:\/\/espacetriathlon.com\/product\/ultimate-race-belt\/"},"modified":"2026-03-18T20:25:57","modified_gmt":"2026-03-18T20:25:57","slug":"ultimate-race-belt","status":"publish","type":"product","link":"https:\/\/espacetriathlon.com\/de\/product\/ultimate-race-belt\/","title":{"rendered":"Ultimate race belt"},"content":{"rendered":"","protected":false},"excerpt":{"rendered":"<p>Ein unverzichtbarer Triathlon-G\u00fcrtel, mit dem Sie Ihre Startnummer w\u00e4hrend der Schwimm-, Rad- und Laufdisziplinen an Ort und Stelle halten k\u00f6nnen; der einfachste Weg, um beim Wechsel Zeit zu sparen! Befestigen Sie Ihre Startnummer einfach mit den Knebelverschl\u00fcssen am G\u00fcrtel und schon kann es losgehen. <\/p>\n<p>Gr\u00f6\u00dfe einstellbar<\/p>\n<p>Zone3<\/p>\n<p>&nbsp;<\/p>\n","protected":false},"featured_media":62921,"template":"","meta":[],"product_brand":[],"product_cat":[1712],"product_tag":[],"class_list":{"0":"post-62926","1":"product","2":"type-product","3":"status-publish","4":"has-post-thumbnail","6":"product_cat-accessories-tri-de-2","7":"pa_brand-zone3","9":"first","10":"instock","11":"shipping-taxable","12":"purchasable","13":"product-type-simple"},"_links":{"self":[{"href":"https:\/\/espacetriathlon.com\/de\/wp-json\/wp\/v2\/product\/62926","targetHints":{"allow":["GET"]}}],"collection":[{"href":"https:\/\/espacetriathlon.com\/de\/wp-json\/wp\/v2\/product"}],"about":[{"href":"https:\/\/espacetriathlon.com\/de\/wp-json\/wp\/v2\/types\/product"}],"version-history":[{"count":0,"href":"https:\/\/espacetriathlon.com\/de\/wp-json\/wp\/v2\/product\/62926\/revisions"}],"wp:featuredmedia":[{"embeddable":true,"href":"https:\/\/espacetriathlon.com\/de\/wp-json\/wp\/v2\/media\/62921"}],"wp:attachment":[{"href":"https:\/\/espacetriathlon.com\/de\/wp-json\/wp\/v2\/media?parent=62926"}],"wp:term":[{"taxonomy":"product_brand","embeddable":true,"href":"https:\/\/espacetriathlon.com\/de\/wp-json\/wp\/v2\/product_brand?post=62926"},{"taxonomy":"product_cat","embeddable":true,"href":"https:\/\/espacetriathlon.com\/de\/wp-json\/wp\/v2\/product_cat?post=62926"},{"taxonomy":"product_tag","embeddable":true,"href":"https:\/\/espacetriathlon.com\/de\/wp-json\/wp\/v2\/product_tag?post=62926"}],"curies":[{"name":"wp","href":"https:\/\/api.w.org\/{rel}","templated":true}]}}