{"id":62944,"date":"2026-03-18T20:33:45","date_gmt":"2026-03-18T20:33:45","guid":{"rendered":"https:\/\/espacetriathlon.com\/product\/leichtes-rennvisier\/"},"modified":"2026-03-18T20:33:45","modified_gmt":"2026-03-18T20:33:45","slug":"leichtes-rennvisier","status":"publish","type":"product","link":"https:\/\/espacetriathlon.com\/de\/product\/leichtes-rennvisier\/","title":{"rendered":"Leichtes Rennvisier"},"content":{"rendered":"","protected":false},"excerpt":{"rendered":"<p>Der Lightweight Race Visor wurde f\u00fcr L\u00e4ufe, Training und den Alltag entwickelt und bietet k\u00fchlenden Komfort und Sonnenschutz in einer schlanken, leistungsorientierten Passform.<\/p>\n","protected":false},"featured_media":62938,"template":"","meta":[],"product_brand":[],"product_cat":[301],"product_tag":[],"class_list":{"0":"post-62944","1":"product","2":"type-product","3":"status-publish","4":"has-post-thumbnail","6":"product_cat-run-accessories-triathlon-de","7":"pa_brand-zone3","8":"pa_color_n-black-de","9":"pa_color_n-white-de","11":"first","12":"instock","13":"shipping-taxable","14":"purchasable","15":"product-type-variable"},"_links":{"self":[{"href":"https:\/\/espacetriathlon.com\/de\/wp-json\/wp\/v2\/product\/62944","targetHints":{"allow":["GET"]}}],"collection":[{"href":"https:\/\/espacetriathlon.com\/de\/wp-json\/wp\/v2\/product"}],"about":[{"href":"https:\/\/espacetriathlon.com\/de\/wp-json\/wp\/v2\/types\/product"}],"version-history":[{"count":0,"href":"https:\/\/espacetriathlon.com\/de\/wp-json\/wp\/v2\/product\/62944\/revisions"}],"wp:featuredmedia":[{"embeddable":true,"href":"https:\/\/espacetriathlon.com\/de\/wp-json\/wp\/v2\/media\/62938"}],"wp:attachment":[{"href":"https:\/\/espacetriathlon.com\/de\/wp-json\/wp\/v2\/media?parent=62944"}],"wp:term":[{"taxonomy":"product_brand","embeddable":true,"href":"https:\/\/espacetriathlon.com\/de\/wp-json\/wp\/v2\/product_brand?post=62944"},{"taxonomy":"product_cat","embeddable":true,"href":"https:\/\/espacetriathlon.com\/de\/wp-json\/wp\/v2\/product_cat?post=62944"},{"taxonomy":"product_tag","embeddable":true,"href":"https:\/\/espacetriathlon.com\/de\/wp-json\/wp\/v2\/product_tag?post=62944"}],"curies":[{"name":"wp","href":"https:\/\/api.w.org\/{rel}","templated":true}]}}