{"id":62981,"date":"2026-03-19T20:41:01","date_gmt":"2026-03-19T20:41:01","guid":{"rendered":"https:\/\/espacetriathlon.com\/product\/activate-tri-short-frauen-schwarz-tuerkis\/"},"modified":"2026-03-19T20:41:01","modified_gmt":"2026-03-19T20:41:01","slug":"activate-tri-short-frauen-schwarz-tuerkis","status":"publish","type":"product","link":"https:\/\/espacetriathlon.com\/de\/product\/activate-tri-short-frauen-schwarz-tuerkis\/","title":{"rendered":"Activate Tri Short Frauen Schwarz\/T\u00fcrkis"},"content":{"rendered":"<p>Die Activate-Kollektion hat sich in der Triathlonwelt zu einer festen Gr\u00f6\u00dfe entwickelt und sich zu Recht den Ruf erworben, ein qualitativ hochwertiges Produkt zu sein, das ein extrem gutes Preis-Leistungs-Verh\u00e4ltnis bietet. Die Kollektion, die Tri-Anz\u00fcge, Oberteile und Shorts umfasst, wurde erstmals 2014 vorgestellt und wird seitdem von Tausenden von Athleten auf der ganzen Welt genutzt. <\/p>\n<p>Urspr\u00fcnglich haben wir diese Kollektion f\u00fcr Einsteiger in den Triathlonsport oder f\u00fcr diejenigen entworfen, die einen preiswerten Anzug f\u00fcr ihr Training suchen. Wir wissen, dass unsere Activate-Kollektion dazu beigetragen hat, die Teilnahme am Multisport zu f\u00f6rdern, indem sie Neueinsteigern ein hochwertiges Produkt zu einem erschwinglichen Preis bietet. <\/p>\n<p>Unsere neueste Activate-Reihe ist besser als je zuvor, mit einer Vielzahl neuer Funktionen zur Verbesserung des Komforts und einem neuen Panel-Design, um eine noch bessere Passform zu gew\u00e4hrleisten. Der Tri-Anzug ist aus Lycra Sport gefertigt, um Langlebigkeit, Atmungsaktivit\u00e4t, Komfort und Leistung zu gew\u00e4hrleisten. <\/p>\n<p>Dieses Produkt eignet sich perfekt als erster Tri-Anzug, aber wenn Sie das gewisse Extra suchen, sollten Sie sich unsere Aquaflo+ Serie ansehen, die in Bezug auf Leistung und \u00c4sthetik hervorragend ist.<\/p>\n","protected":false},"excerpt":{"rendered":"<p>Unglaublicher Wert in Anbetracht von Leistung, Qualit\u00e4t und Stil. Hochwertige Materialien und komfortorientiertes Design. Merkmale, die Sie von Spitzenprodukten kennen, wie z.B. das Tri-spezifische Polster und die internen Beinklemmen. Neues Panel-Design zur weiteren Verbesserung der Passform.   <\/p>\n<p>Zone3<\/p>\n","protected":false},"featured_media":62971,"template":"","meta":[],"product_brand":[],"product_cat":[314],"product_tag":[],"class_list":{"0":"post-62981","1":"product","2":"type-product","3":"status-publish","4":"has-post-thumbnail","6":"product_cat-gear-de","7":"pa_brand-zone3","8":"pa_size-xs-de","9":"pa_size-s-de","10":"pa_size-m-de","11":"pa_size-l-de","12":"pa_size-xl-de","14":"first","15":"instock","16":"shipping-taxable","17":"purchasable","18":"product-type-variable"},"_links":{"self":[{"href":"https:\/\/espacetriathlon.com\/de\/wp-json\/wp\/v2\/product\/62981","targetHints":{"allow":["GET"]}}],"collection":[{"href":"https:\/\/espacetriathlon.com\/de\/wp-json\/wp\/v2\/product"}],"about":[{"href":"https:\/\/espacetriathlon.com\/de\/wp-json\/wp\/v2\/types\/product"}],"version-history":[{"count":0,"href":"https:\/\/espacetriathlon.com\/de\/wp-json\/wp\/v2\/product\/62981\/revisions"}],"wp:featuredmedia":[{"embeddable":true,"href":"https:\/\/espacetriathlon.com\/de\/wp-json\/wp\/v2\/media\/62971"}],"wp:attachment":[{"href":"https:\/\/espacetriathlon.com\/de\/wp-json\/wp\/v2\/media?parent=62981"}],"wp:term":[{"taxonomy":"product_brand","embeddable":true,"href":"https:\/\/espacetriathlon.com\/de\/wp-json\/wp\/v2\/product_brand?post=62981"},{"taxonomy":"product_cat","embeddable":true,"href":"https:\/\/espacetriathlon.com\/de\/wp-json\/wp\/v2\/product_cat?post=62981"},{"taxonomy":"product_tag","embeddable":true,"href":"https:\/\/espacetriathlon.com\/de\/wp-json\/wp\/v2\/product_tag?post=62981"}],"curies":[{"name":"wp","href":"https:\/\/api.w.org\/{rel}","templated":true}]}}