{"id":63019,"date":"2026-03-20T14:56:27","date_gmt":"2026-03-20T14:56:27","guid":{"rendered":"https:\/\/espacetriathlon.com\/product\/aktivieren-tri-short-maenner\/"},"modified":"2026-03-20T15:04:48","modified_gmt":"2026-03-20T15:04:48","slug":"aktivieren-tri-short-maenner","status":"publish","type":"product","link":"https:\/\/espacetriathlon.com\/de\/product\/aktivieren-tri-short-maenner\/","title":{"rendered":"Tri Short Aktivate M\u00e4nner"},"content":{"rendered":"<p>Wir haben diesen Anzug urspr\u00fcnglich f\u00fcr Einsteiger in den Triathlonsport oder f\u00fcr alle, die einen preiswerten Anzug zum Trainieren suchen, entworfen. Wir wissen, dass diese Kollektion die Teilnahme am Multisport gef\u00f6rdert hat, indem sie neuen Teilnehmern den Zugang zu einem qualitativ hochwertigen, marktf\u00fchrenden Produkt zu einem erschwinglichen Preis erm\u00f6glicht.<\/p>\n<p>Unsere neueste Activate-Reihe ist jetzt besser als je zuvor, mit einer Vielzahl neuer Funktionen zur Verbesserung des Komforts und einem neuen Panel-Design, um eine noch bessere Passform zu gew\u00e4hrleisten. Unsere Tri-Shorts sind aus Lycra Sport gefertigt, um Langlebigkeit, Atmungsaktivit\u00e4t, Komfort und Leistung zu gew\u00e4hrleisten. <\/p>\n<p>Was dieses Produkt auszeichnet:<\/p>\n<p>Mit einem unglaublichen Wert in Anbetracht der Leistung, der Qualit\u00e4t und des Stils. Die hochwertigen Materialien sind auf Komfort und Design ausgerichtet. Diese Merkmale finden Sie auch bei Spitzenprodukten wie dem Tri-spezifischen Polster und den internen Beingreifern.  <\/p>\n<p>Dieser Anzug ist perfekt f\u00fcr Ihren ersten Tri-Anzug, aber schauen Sie sich auch die ZONE3 Aquaflo+ Serie an, wenn Sie das gewisse Extra in Bezug auf Leistung, Temperaturkontrolle und Aussehen suchen.<\/p>\n","protected":false},"excerpt":{"rendered":"<p>Unsere Activate-Kollektion hat sich in der Triathlonwelt zu einer festen Gr\u00f6\u00dfe entwickelt und sich zu Recht den Ruf erworben, ein qualitativ hochwertiges Produkt zu einem extrem guten Preis zu sein. Die Kollektion kam 2014 auf den Markt und wurde seitdem von Tausenden von Athleten genutzt <\/p>\n<p>Zone3<\/p>\n","protected":false},"featured_media":63010,"template":"","meta":[],"product_brand":[],"product_cat":[314],"product_tag":[],"class_list":{"0":"post-63019","1":"product","2":"type-product","3":"status-publish","4":"has-post-thumbnail","6":"product_cat-gear-de","7":"pa_brand-zone3","8":"pa_size-s-de","9":"pa_size-m-de","10":"pa_size-l-de","11":"pa_size-xl-de","12":"pa_size-xxl-de","14":"first","15":"instock","16":"shipping-taxable","17":"purchasable","18":"product-type-variable"},"_links":{"self":[{"href":"https:\/\/espacetriathlon.com\/de\/wp-json\/wp\/v2\/product\/63019","targetHints":{"allow":["GET"]}}],"collection":[{"href":"https:\/\/espacetriathlon.com\/de\/wp-json\/wp\/v2\/product"}],"about":[{"href":"https:\/\/espacetriathlon.com\/de\/wp-json\/wp\/v2\/types\/product"}],"version-history":[{"count":1,"href":"https:\/\/espacetriathlon.com\/de\/wp-json\/wp\/v2\/product\/63019\/revisions"}],"predecessor-version":[{"id":63032,"href":"https:\/\/espacetriathlon.com\/de\/wp-json\/wp\/v2\/product\/63019\/revisions\/63032"}],"wp:featuredmedia":[{"embeddable":true,"href":"https:\/\/espacetriathlon.com\/de\/wp-json\/wp\/v2\/media\/63010"}],"wp:attachment":[{"href":"https:\/\/espacetriathlon.com\/de\/wp-json\/wp\/v2\/media?parent=63019"}],"wp:term":[{"taxonomy":"product_brand","embeddable":true,"href":"https:\/\/espacetriathlon.com\/de\/wp-json\/wp\/v2\/product_brand?post=63019"},{"taxonomy":"product_cat","embeddable":true,"href":"https:\/\/espacetriathlon.com\/de\/wp-json\/wp\/v2\/product_cat?post=63019"},{"taxonomy":"product_tag","embeddable":true,"href":"https:\/\/espacetriathlon.com\/de\/wp-json\/wp\/v2\/product_tag?post=63019"}],"curies":[{"name":"wp","href":"https:\/\/api.w.org\/{rel}","templated":true}]}}