{"id":63056,"date":"2026-03-20T15:30:17","date_gmt":"2026-03-20T15:30:17","guid":{"rendered":"https:\/\/espacetriathlon.com\/product\/lava-short-langstrecke-maenner\/"},"modified":"2026-03-20T15:30:17","modified_gmt":"2026-03-20T15:30:17","slug":"lava-short-langstrecke-maenner","status":"publish","type":"product","link":"https:\/\/espacetriathlon.com\/de\/product\/lava-short-langstrecke-maenner\/","title":{"rendered":"Lava Short &#8211; Langstrecke &#8211; M\u00e4nner"},"content":{"rendered":"<p>Wenn Sie sich f\u00fcr IM-Distanzrennen und dar\u00fcber hinaus engagieren, m\u00fcssen Sie wissen, dass Ihr Ausr\u00fcster genauso engagiert ist wie Sie selbst. \u00dcber diese Distanzen werden Sie jede Unvollkommenheit, jede voreilige Entscheidung und jede Kosteneinsparung sp\u00fcren, die eine Marke vorgenommen hat. <\/p>\n<p>Die mehrfach preisgekr\u00f6nte Lava-Kollektion ist seit ihrer Einf\u00fchrung im Jahr 2013 das Ausdauersportprodukt von Zone3, das wir seither kontinuierlich weiterentwickelt haben. Jetzt ist sie eine vollwertige Kollektion f\u00fcr M\u00e4nner und Frauen. Wir haben die besten italienischen und franz\u00f6sischen Materialien ausgew\u00e4hlt, um Wasser abzuweisen, die Aerodynamik zu optimieren und den Komfort zu erh\u00f6hen. <\/p>\n<p>Komfort ist bei Ausdauerwettk\u00e4mpfen das A und O. Der Lava-Anzug profitiert von einer deutlichen Verbesserung des Materials am Oberk\u00f6rper, um die Atmungsaktivit\u00e4t, Temperaturkontrolle und Bewegungsfreiheit zu verbessern.<\/p>\n<p>Die Tri Shorts<\/p>\n<p>Genau wie beim Lava Tri Top haben wir versucht, diese Shorts so bequem und leistungsf\u00e4hig wie m\u00f6glich zu machen. Das 220 Magazine hat diesen Zweiteiler getestet und ihm eine Bewertung von 92% und den &#8216;Editor&#8217;s choice award&#8217; verliehen, mit der Begr\u00fcndung, die Shorts seien &#8220;bemerkenswert gut im Sattel&#8221;. Die Materialien wurden sorgf\u00e4ltig ausgew\u00e4hlt, um die beste Balance zwischen Unterst\u00fctzung und Komfort zu bieten.  <\/p>\n<p>Die Lava Shorts und das Top haben eine Menge Forschung und Entwicklung gebraucht, um dorthin zu gelangen, wo sie heute sind. Es ist keine leichte Aufgabe, diese Distanz zu bew\u00e4ltigen, und wir hoffen, dass diese Shorts Sie bei jedem Schritt unterst\u00fctzen werden. Vollst\u00e4ndige Anz\u00fcge sind ebenfalls erh\u00e4ltlich, wenn Sie diese den Einzelteilen vorziehen.  <\/p>\n","protected":false},"excerpt":{"rendered":"<p>Premium-Materialien sorgen f\u00fcr ein perfektes Ma\u00df an Kompression, Leistung und Komfort w\u00e4hrend des gesamten Rennens. Ergonomisches Design, Passform und Stofflagen sind auf Temperaturkontrolle ausgelegt. Extrem hochwertiges Tri Comp Polster von Cytech.   <\/p>\n<p>Zone3<\/p>\n","protected":false},"featured_media":63047,"template":"","meta":[],"product_brand":[],"product_cat":[314],"product_tag":[],"class_list":{"0":"post-63056","1":"product","2":"type-product","3":"status-publish","4":"has-post-thumbnail","6":"product_cat-gear-de","7":"pa_brand-zone3","8":"pa_size-m-de","9":"pa_size-l-de","10":"pa_size-xl-de","12":"first","13":"instock","14":"shipping-taxable","15":"purchasable","16":"product-type-variable"},"_links":{"self":[{"href":"https:\/\/espacetriathlon.com\/de\/wp-json\/wp\/v2\/product\/63056","targetHints":{"allow":["GET"]}}],"collection":[{"href":"https:\/\/espacetriathlon.com\/de\/wp-json\/wp\/v2\/product"}],"about":[{"href":"https:\/\/espacetriathlon.com\/de\/wp-json\/wp\/v2\/types\/product"}],"version-history":[{"count":0,"href":"https:\/\/espacetriathlon.com\/de\/wp-json\/wp\/v2\/product\/63056\/revisions"}],"wp:featuredmedia":[{"embeddable":true,"href":"https:\/\/espacetriathlon.com\/de\/wp-json\/wp\/v2\/media\/63047"}],"wp:attachment":[{"href":"https:\/\/espacetriathlon.com\/de\/wp-json\/wp\/v2\/media?parent=63056"}],"wp:term":[{"taxonomy":"product_brand","embeddable":true,"href":"https:\/\/espacetriathlon.com\/de\/wp-json\/wp\/v2\/product_brand?post=63056"},{"taxonomy":"product_cat","embeddable":true,"href":"https:\/\/espacetriathlon.com\/de\/wp-json\/wp\/v2\/product_cat?post=63056"},{"taxonomy":"product_tag","embeddable":true,"href":"https:\/\/espacetriathlon.com\/de\/wp-json\/wp\/v2\/product_tag?post=63056"}],"curies":[{"name":"wp","href":"https:\/\/api.w.org\/{rel}","templated":true}]}}