{"id":63306,"date":"2026-03-27T13:45:44","date_gmt":"2026-03-27T13:45:44","guid":{"rendered":"https:\/\/espacetriathlon.com\/product\/powerfin-pro-ii-sage-arctic-lime\/"},"modified":"2026-03-27T13:45:44","modified_gmt":"2026-03-27T13:45:44","slug":"powerfin-pro-ii-sage-arctic-lime","status":"publish","type":"product","link":"https:\/\/espacetriathlon.com\/de\/product\/powerfin-pro-ii-sage-arctic-lime\/","title":{"rendered":"Powerfin Pro II Sage \/ Arctic Lime"},"content":{"rendered":"<p>PVC-frei.<br \/>\nTrainingshilfe f\u00fcr fortgeschrittene Schwimmer zur Verbesserung der Beintechnik und f\u00fcr das Krafttraining<br \/>\nKurzes Flossenblatt f\u00fcr maximalen Vorw\u00e4rtsdrang. Seitliche Kanten f\u00fcr bessere Kontrolle. Offene Ferse f\u00fcr optimale Stabilit\u00e4t und Komfort.<br \/>\nStrapazierf\u00e4higes Silikon f\u00fcr maximalen Komfort und vermindertes Risiko von Blasenbildung. PVC-frei. Linke und rechte Seite sind individuell geformt.<br \/>\nIdeal f\u00fcr Leistungsschwimmer    <\/p>\n","protected":false},"excerpt":{"rendered":"<p>Die kurze arena Powerfin Pro II Unisex Trainingsflosse ist ideal f\u00fcr Wettkampfschwimmer. Sie ist f\u00fcr das Krafttraining und die Verbesserung der Beintechnik konzipiert. Sie verf\u00fcgt \u00fcber ein kurzes Flossenblatt f\u00fcr maximalen Vorw\u00e4rtsdrang. Der offene Fersenriemen sorgt f\u00fcr maximale Kn\u00f6chelflexibilit\u00e4t, optimale Stabilit\u00e4t und hohen Komfort. Die linke und rechte Flosse haben unterschiedliche ergonomische Formen. Das weiche Silikonmaterial sorgt f\u00fcr maximalen Komfort und reduziert das Risiko von Blasenbildung.<br \/>\nArena<\/p>\n","protected":false},"featured_media":63296,"template":"","meta":[],"product_brand":[],"product_cat":[292],"product_tag":[],"class_list":{"0":"post-63306","1":"product","2":"type-product","3":"status-publish","4":"has-post-thumbnail","6":"product_cat-training-aid-de","7":"pa_brand-arena-de-2","8":"pa_size_arena-36-37-de","9":"pa_size_arena-38-39-de","10":"pa_size_arena-40-41-de","11":"pa_size_arena-42-43-de","12":"pa_size_arena-44-45-de","13":"pa_size_arena-46-47-de","15":"first","16":"instock","17":"sale","18":"shipping-taxable","19":"purchasable","20":"product-type-variable"},"_links":{"self":[{"href":"https:\/\/espacetriathlon.com\/de\/wp-json\/wp\/v2\/product\/63306","targetHints":{"allow":["GET"]}}],"collection":[{"href":"https:\/\/espacetriathlon.com\/de\/wp-json\/wp\/v2\/product"}],"about":[{"href":"https:\/\/espacetriathlon.com\/de\/wp-json\/wp\/v2\/types\/product"}],"version-history":[{"count":0,"href":"https:\/\/espacetriathlon.com\/de\/wp-json\/wp\/v2\/product\/63306\/revisions"}],"wp:featuredmedia":[{"embeddable":true,"href":"https:\/\/espacetriathlon.com\/de\/wp-json\/wp\/v2\/media\/63296"}],"wp:attachment":[{"href":"https:\/\/espacetriathlon.com\/de\/wp-json\/wp\/v2\/media?parent=63306"}],"wp:term":[{"taxonomy":"product_brand","embeddable":true,"href":"https:\/\/espacetriathlon.com\/de\/wp-json\/wp\/v2\/product_brand?post=63306"},{"taxonomy":"product_cat","embeddable":true,"href":"https:\/\/espacetriathlon.com\/de\/wp-json\/wp\/v2\/product_cat?post=63306"},{"taxonomy":"product_tag","embeddable":true,"href":"https:\/\/espacetriathlon.com\/de\/wp-json\/wp\/v2\/product_tag?post=63306"}],"curies":[{"name":"wp","href":"https:\/\/api.w.org\/{rel}","templated":true}]}}