{"id":63453,"date":"2026-03-28T19:31:14","date_gmt":"2026-03-28T19:31:14","guid":{"rendered":"https:\/\/espacetriathlon.com\/product\/the-one-plus-polarized-blau-schwarz\/"},"modified":"2026-03-28T19:31:14","modified_gmt":"2026-03-28T19:31:14","slug":"the-one-plus-polarized-blau-schwarz","status":"publish","type":"product","link":"https:\/\/espacetriathlon.com\/de\/product\/the-one-plus-polarized-blau-schwarz\/","title":{"rendered":"The One Plus Polarized Blau\/Schwarz"},"content":{"rendered":"<p>Elegante polarisierende Schwimmbrille, die sich an die meisten Gesichtsformen anpasst und Komfort und Passform auf ein ganz neues Niveau hebt. Mit der neuen Anti-Beschlag-Technologie, die doppelt so lange h\u00e4lt.<br \/>\nSpezielle Dichtungen mit Orbit-Proof-Technologie, die sich an fast alle Gesichtsformen anpassen, um ein Auslaufen zu verhindern<br \/>\nStromlinienf\u00f6rmiges Design f\u00fcr optimale periphere Sicht. Das geteilte Kopfband l\u00e4sst sich leicht einstellen. Mit UV-Schutz.<br \/>\nIdeal f\u00fcr Leistungsschwimmer und Triathleten<br \/>\nDiese Schwimmbrille mit dunklen Gl\u00e4sern ist ideal f\u00fcr das Schwimmen in heller Umgebung und f\u00fcr optimalen Lichtschutz.   <\/p>\n","protected":false},"excerpt":{"rendered":"<p>Schwimmbrille, verspiegelt, unisex, Anti-Beschlag, komfortabel, stilvoll, gro\u00df, universell, einfach<br \/>\nArena<\/p>\n","protected":false},"featured_media":63449,"template":"","meta":[],"product_brand":[],"product_cat":[283],"product_tag":[],"class_list":{"0":"post-63453","1":"product","2":"type-product","3":"status-publish","4":"has-post-thumbnail","6":"product_cat-goggles-de","7":"pa_brand-arena-de-2","9":"first","10":"instock","11":"sale","12":"shipping-taxable","13":"purchasable","14":"product-type-simple"},"_links":{"self":[{"href":"https:\/\/espacetriathlon.com\/de\/wp-json\/wp\/v2\/product\/63453","targetHints":{"allow":["GET"]}}],"collection":[{"href":"https:\/\/espacetriathlon.com\/de\/wp-json\/wp\/v2\/product"}],"about":[{"href":"https:\/\/espacetriathlon.com\/de\/wp-json\/wp\/v2\/types\/product"}],"version-history":[{"count":0,"href":"https:\/\/espacetriathlon.com\/de\/wp-json\/wp\/v2\/product\/63453\/revisions"}],"wp:featuredmedia":[{"embeddable":true,"href":"https:\/\/espacetriathlon.com\/de\/wp-json\/wp\/v2\/media\/63449"}],"wp:attachment":[{"href":"https:\/\/espacetriathlon.com\/de\/wp-json\/wp\/v2\/media?parent=63453"}],"wp:term":[{"taxonomy":"product_brand","embeddable":true,"href":"https:\/\/espacetriathlon.com\/de\/wp-json\/wp\/v2\/product_brand?post=63453"},{"taxonomy":"product_cat","embeddable":true,"href":"https:\/\/espacetriathlon.com\/de\/wp-json\/wp\/v2\/product_cat?post=63453"},{"taxonomy":"product_tag","embeddable":true,"href":"https:\/\/espacetriathlon.com\/de\/wp-json\/wp\/v2\/product_tag?post=63453"}],"curies":[{"name":"wp","href":"https:\/\/api.w.org\/{rel}","templated":true}]}}