{"id":63514,"date":"2026-03-28T19:52:41","date_gmt":"2026-03-28T19:52:41","guid":{"rendered":"https:\/\/espacetriathlon.com\/product\/kid-tri-suit-digital-print\/"},"modified":"2026-03-28T19:52:41","modified_gmt":"2026-03-28T19:52:41","slug":"kid-tri-suit-digital-print","status":"publish","type":"product","link":"https:\/\/espacetriathlon.com\/de\/product\/kid-tri-suit-digital-print\/","title":{"rendered":"Kid Tri Suit Digital Print"},"content":{"rendered":"","protected":false},"excerpt":{"rendered":"<p>Die Kinderkollektion wird aus dem gleichen Lycra-Sportmaterial hergestellt wie unsere Activate-Kollektion f\u00fcr Erwachsene, um Atmungsaktivit\u00e4t, Komfort und Leistung zu gew\u00e4hrleisten. Der Anzug verf\u00fcgt \u00fcber ein auff\u00e4lliges, farbenfrohes Druckmotiv an den Seiten, mit dem Sie sich von anderen Spielern abheben. <\/p>\n","protected":false},"featured_media":63507,"template":"","meta":[],"product_brand":[],"product_cat":[314],"product_tag":[],"class_list":{"0":"post-63514","1":"product","2":"type-product","3":"status-publish","4":"has-post-thumbnail","6":"product_cat-gear-de","7":"pa_brand-zone3","8":"pa_kid-10-years-de","9":"pa_kid-12-years-de","10":"pa_kid-8-years-de","12":"first","13":"instock","14":"shipping-taxable","15":"purchasable","16":"product-type-variable"},"_links":{"self":[{"href":"https:\/\/espacetriathlon.com\/de\/wp-json\/wp\/v2\/product\/63514","targetHints":{"allow":["GET"]}}],"collection":[{"href":"https:\/\/espacetriathlon.com\/de\/wp-json\/wp\/v2\/product"}],"about":[{"href":"https:\/\/espacetriathlon.com\/de\/wp-json\/wp\/v2\/types\/product"}],"version-history":[{"count":0,"href":"https:\/\/espacetriathlon.com\/de\/wp-json\/wp\/v2\/product\/63514\/revisions"}],"wp:featuredmedia":[{"embeddable":true,"href":"https:\/\/espacetriathlon.com\/de\/wp-json\/wp\/v2\/media\/63507"}],"wp:attachment":[{"href":"https:\/\/espacetriathlon.com\/de\/wp-json\/wp\/v2\/media?parent=63514"}],"wp:term":[{"taxonomy":"product_brand","embeddable":true,"href":"https:\/\/espacetriathlon.com\/de\/wp-json\/wp\/v2\/product_brand?post=63514"},{"taxonomy":"product_cat","embeddable":true,"href":"https:\/\/espacetriathlon.com\/de\/wp-json\/wp\/v2\/product_cat?post=63514"},{"taxonomy":"product_tag","embeddable":true,"href":"https:\/\/espacetriathlon.com\/de\/wp-json\/wp\/v2\/product_tag?post=63514"}],"curies":[{"name":"wp","href":"https:\/\/api.w.org\/{rel}","templated":true}]}}