{"id":63671,"date":"2026-03-28T20:58:21","date_gmt":"2026-03-28T20:58:21","guid":{"rendered":"https:\/\/espacetriathlon.com\/?post_type=product&#038;p=63671"},"modified":"2026-03-28T21:01:22","modified_gmt":"2026-03-28T21:01:22","slug":"activate-short-sleeves-trisuit-men-black","status":"publish","type":"product","link":"https:\/\/espacetriathlon.com\/de\/product\/activate-short-sleeves-trisuit-men-black\/","title":{"rendered":"Activate+ Short Sleeves Trisuit Men Black"},"content":{"rendered":"<p>100% recycelte Hochleistungsmaterialien: Eine Kombination aus drei leistungsstarken recycelten Stoffen, die optimale Leistung und Komfort bieten.<br \/>\nAerostripe-\u00c4rmel: Verbessern die Aerodynamik, den Luftstrom und den Komfort.<br \/>\nVerbessertes R\u00fcckenpanel aus recyceltem Mesh: Verbessert die Atmungsaktivit\u00e4t und das Schwei\u00dfmanagement.<br \/>\nFortschrittliche N\u00e4hte und Platzierung der N\u00e4hte: \u00dcber ein Jahrzehnt perfektioniert, um Reibung zu minimieren und den Komfort zu erh\u00f6hen.<br \/>\nSchnelltrocknende Stoffe: Reduziert die Wasseraufnahme beim Schwimmen und trocknet schnell auf dem Rad, um das Gewicht zu minimieren und den Komfort zu erh\u00f6hen.<br \/>\nKompression f\u00fcr den unteren K\u00f6rperbereich: Bietet muskul\u00e4re Unterst\u00fctzung, Formbest\u00e4ndigkeit und eine stromlinienf\u00f6rmige Passform.<br \/>\nKurze \u00c4rmel f\u00fcr Sonnenschutz: Erh\u00f6hen Sie den Schutz und reduzieren Sie die UV-Belastung.<br \/>\nAktualisierte Halskonstruktion: Erh\u00f6ht die Flexibilit\u00e4t und verbessert den Komfort.<br \/>\nTri-Lite Polster: Recyceltes Sitzpolster mit variabler Dicke f\u00fcr Langstreckenkomfort auf dem Fahrradsattel.<br \/>\nRecycelte UFO-Beinschoner aus Silikon: Verhindern Bewegungen und Irritationen.<br \/>\nAufbewahrungstasche: Elastisch f\u00fcr die sichere Aufbewahrung von wichtigen Dingen.<\/p>\n","protected":false},"excerpt":{"rendered":"<p>Die neueste Entwicklung des Activate+ Short Sleeve Trisuit baut auf der bew\u00e4hrten Leistung mit wichtigen Innovationen f\u00fcr SS26 auf. Eine neue Cargo-Tasche erm\u00f6glicht den m\u00fchelosen Zugang zu Nahrungsmitteln w\u00e4hrend des Rennens, w\u00e4hrend ein verbessertes, recyceltes Mesh-R\u00fcckenteil die Luftzirkulation und K\u00fchlung verbessert. Die Einf\u00fchrung des Aerostripe-\u00c4rmelstoffs verbessert die Aerodynamik und den Komfort, unterst\u00fctzt durch eine aktualisierte Halskonstruktion f\u00fcr eine glattere, flexiblere Passform.  <\/p>\n<p>Der Anzug besteht zu 100 % aus recycelten Hochleistungsmaterialien, einschlie\u00dflich des Sitzpolsters und der Silikongriffe, und bietet gleicherma\u00dfen Kompression, Atmungsaktivit\u00e4t und schnelltrocknende Leistung. Das Tri-Lite-Polster bietet gezielten Komfort, w\u00e4hrend die pr\u00e4zise Platzierung der N\u00e4hte bei jeder Disziplin f\u00fcr ein reizfreies Erlebnis sorgt. <\/p>\n","protected":false},"featured_media":63714,"template":"","meta":[],"product_brand":[],"product_cat":[314],"product_tag":[],"class_list":{"0":"post-63671","1":"product","2":"type-product","3":"status-publish","4":"has-post-thumbnail","6":"product_cat-gear-de","7":"pa_brand-zone3","8":"pa_size-s-de","9":"pa_size-m-de","10":"pa_size-l-de","11":"pa_size-xl-de","12":"pa_size-xxl-de","14":"first","15":"instock","16":"sale","17":"shipping-taxable","18":"purchasable","19":"product-type-variable"},"_links":{"self":[{"href":"https:\/\/espacetriathlon.com\/de\/wp-json\/wp\/v2\/product\/63671","targetHints":{"allow":["GET"]}}],"collection":[{"href":"https:\/\/espacetriathlon.com\/de\/wp-json\/wp\/v2\/product"}],"about":[{"href":"https:\/\/espacetriathlon.com\/de\/wp-json\/wp\/v2\/types\/product"}],"version-history":[{"count":2,"href":"https:\/\/espacetriathlon.com\/de\/wp-json\/wp\/v2\/product\/63671\/revisions"}],"predecessor-version":[{"id":63721,"href":"https:\/\/espacetriathlon.com\/de\/wp-json\/wp\/v2\/product\/63671\/revisions\/63721"}],"wp:featuredmedia":[{"embeddable":true,"href":"https:\/\/espacetriathlon.com\/de\/wp-json\/wp\/v2\/media\/63714"}],"wp:attachment":[{"href":"https:\/\/espacetriathlon.com\/de\/wp-json\/wp\/v2\/media?parent=63671"}],"wp:term":[{"taxonomy":"product_brand","embeddable":true,"href":"https:\/\/espacetriathlon.com\/de\/wp-json\/wp\/v2\/product_brand?post=63671"},{"taxonomy":"product_cat","embeddable":true,"href":"https:\/\/espacetriathlon.com\/de\/wp-json\/wp\/v2\/product_cat?post=63671"},{"taxonomy":"product_tag","embeddable":true,"href":"https:\/\/espacetriathlon.com\/de\/wp-json\/wp\/v2\/product_tag?post=63671"}],"curies":[{"name":"wp","href":"https:\/\/api.w.org\/{rel}","templated":true}]}}