{"id":63943,"date":"2026-03-30T10:19:53","date_gmt":"2026-03-30T10:19:53","guid":{"rendered":"https:\/\/espacetriathlon.com\/?post_type=product&#038;p=63943"},"modified":"2026-03-30T10:24:45","modified_gmt":"2026-03-30T10:24:45","slug":"women-streamline-sleeveless-swimskin","status":"publish","type":"product","link":"https:\/\/espacetriathlon.com\/de\/product\/women-streamline-sleeveless-swimskin\/","title":{"rendered":"Frauen Streamline Sleeveless Swimskin"},"content":{"rendered":"<p>Entwickelt, um \u00fcber Ihrer Rennausr\u00fcstung getragen zu werden.<br \/>\nHergestellt aus hochwertigen italienischen Stoffen, darunter unser bew\u00e4hrtes Revo Energy-Gewebe auf dem Hauptteil.<br \/>\nHydrophobes Gewebe f\u00fcr maximale Kompression und minimale Wasseraufnahme.<br \/>\nVollst\u00e4ndig verschwei\u00dfte N\u00e4hte und wasserabweisendes High-Tech-Gewebe mit Nanobeschichtung f\u00fcr Komfort und minimalen Luftwiderstand.<br \/>\nRei\u00dfverschluss hinten.<br \/>\nChlorresistent<\/p>\n","protected":false},"excerpt":{"rendered":"<p>Dieser Anzug ist aus einem leichten und komprimierenden italienischen Gewebe gefertigt und verf\u00fcgt \u00fcber ein helles R\u00fcckenteil, das f\u00fcr zus\u00e4tzliche Sichtbarkeit sorgt und den Widerstand im Wasser drastisch reduziert.<br \/>\nZone3<\/p>\n","protected":false},"featured_media":63970,"template":"","meta":[],"product_brand":[],"product_cat":[314],"product_tag":[],"class_list":{"0":"post-63943","1":"product","2":"type-product","3":"status-publish","4":"has-post-thumbnail","6":"product_cat-gear-de","7":"pa_brand-zone3","8":"pa_size-s-de","9":"pa_size-m-de","10":"pa_size-l-de","12":"first","13":"instock","14":"shipping-taxable","15":"purchasable","16":"product-type-variable"},"_links":{"self":[{"href":"https:\/\/espacetriathlon.com\/de\/wp-json\/wp\/v2\/product\/63943","targetHints":{"allow":["GET"]}}],"collection":[{"href":"https:\/\/espacetriathlon.com\/de\/wp-json\/wp\/v2\/product"}],"about":[{"href":"https:\/\/espacetriathlon.com\/de\/wp-json\/wp\/v2\/types\/product"}],"version-history":[{"count":2,"href":"https:\/\/espacetriathlon.com\/de\/wp-json\/wp\/v2\/product\/63943\/revisions"}],"predecessor-version":[{"id":63977,"href":"https:\/\/espacetriathlon.com\/de\/wp-json\/wp\/v2\/product\/63943\/revisions\/63977"}],"wp:featuredmedia":[{"embeddable":true,"href":"https:\/\/espacetriathlon.com\/de\/wp-json\/wp\/v2\/media\/63970"}],"wp:attachment":[{"href":"https:\/\/espacetriathlon.com\/de\/wp-json\/wp\/v2\/media?parent=63943"}],"wp:term":[{"taxonomy":"product_brand","embeddable":true,"href":"https:\/\/espacetriathlon.com\/de\/wp-json\/wp\/v2\/product_brand?post=63943"},{"taxonomy":"product_cat","embeddable":true,"href":"https:\/\/espacetriathlon.com\/de\/wp-json\/wp\/v2\/product_cat?post=63943"},{"taxonomy":"product_tag","embeddable":true,"href":"https:\/\/espacetriathlon.com\/de\/wp-json\/wp\/v2\/product_tag?post=63943"}],"curies":[{"name":"wp","href":"https:\/\/api.w.org\/{rel}","templated":true}]}}