{"id":64000,"date":"2026-03-30T10:32:17","date_gmt":"2026-03-30T10:32:17","guid":{"rendered":"https:\/\/espacetriathlon.com\/product\/frauen-activate-trisuit\/"},"modified":"2026-03-30T10:32:17","modified_gmt":"2026-03-30T10:32:17","slug":"frauen-activate-trisuit","status":"publish","type":"product","link":"https:\/\/espacetriathlon.com\/de\/product\/frauen-activate-trisuit\/","title":{"rendered":"Frauen Activate Trisuit"},"content":{"rendered":"<p>Stoff<\/p>\n<p>  Hochwertiges Lycra Sport Material:Dieses hochgradig atmungsaktive Material reguliert die Temperatur und wird auf der Vorderseite des Oberk\u00f6rpers und an den Beinen verwendet, um Bescheidenheit und Abdeckung zu gew\u00e4hrleisten.<br \/>\n  Waffel-R\u00fcckenteil: Das R\u00fcckenteil besteht aus einem extrem leichten und hochelastischen Stoff mit Waffelstruktur, der maximale Atmungsaktivit\u00e4t und eine bequeme Passform bietet.  <\/p>\n<p>Leistung  <\/p>\n<p>  Tri-Lite-Pad: Kleines und \u00fcbersichtliches Polster mit verschiedenen Dicken und feinen N\u00e4hten f\u00fcr mehr Komfort, weniger Irritationen und weniger Schmerzen im Sattel.<br \/>\n  Elastische Technologie: Sorgt f\u00fcr einen passgenauen Sitz ohne Unbehagen an Armen und Hals.<br \/>\n  Front-Rei\u00dfverschluss: F\u00fcr zus\u00e4tzliche Bel\u00fcftung w\u00e4hrend des Radfahrens oder Laufens.<br \/>\n  UFO-Beinhalter aus Silikon<\/p>\n","protected":false},"excerpt":{"rendered":"<p>Unsere Activate-Kollektion hat sich in der Triathlonwelt zu einer festen Gr\u00f6\u00dfe entwickelt und sich zu Recht den Ruf erworben, ein qualitativ hochwertiges Produkt zu einem extrem guten Preis zu sein. Die Kollektion, die Tri-Anz\u00fcge, Oberteile und Shorts umfasst, kam 2014 auf den Markt und wurde seitdem von Tausenden von Athleten auf der ganzen Welt genutzt.   <\/p>\n<p>Urspr\u00fcnglich haben wir die Activate-Reihe f\u00fcr Einsteiger in den Triathlonsport oder f\u00fcr diejenigen entwickelt, die einen preiswerten Anzug f\u00fcr ihr Training suchen. Mit dieser Serie haben wir die Teilnahme am Multisport gef\u00f6rdert, indem wir den Teilnehmern ein hochwertiges Produkt zu einem erschwinglichen Preis zur Verf\u00fcgung gestellt haben.   <\/p>\n","protected":false},"featured_media":63991,"template":"","meta":[],"product_brand":[],"product_cat":[314],"product_tag":[],"class_list":{"0":"post-64000","1":"product","2":"type-product","3":"status-publish","4":"has-post-thumbnail","6":"product_cat-gear-de","7":"pa_brand-zone3","8":"pa_size-xs-de","9":"pa_size-s-de","10":"pa_size-m-de","11":"pa_size-l-de","12":"pa_size-xl-de","14":"first","15":"instock","16":"shipping-taxable","17":"purchasable","18":"product-type-variable"},"_links":{"self":[{"href":"https:\/\/espacetriathlon.com\/de\/wp-json\/wp\/v2\/product\/64000","targetHints":{"allow":["GET"]}}],"collection":[{"href":"https:\/\/espacetriathlon.com\/de\/wp-json\/wp\/v2\/product"}],"about":[{"href":"https:\/\/espacetriathlon.com\/de\/wp-json\/wp\/v2\/types\/product"}],"version-history":[{"count":0,"href":"https:\/\/espacetriathlon.com\/de\/wp-json\/wp\/v2\/product\/64000\/revisions"}],"wp:featuredmedia":[{"embeddable":true,"href":"https:\/\/espacetriathlon.com\/de\/wp-json\/wp\/v2\/media\/63991"}],"wp:attachment":[{"href":"https:\/\/espacetriathlon.com\/de\/wp-json\/wp\/v2\/media?parent=64000"}],"wp:term":[{"taxonomy":"product_brand","embeddable":true,"href":"https:\/\/espacetriathlon.com\/de\/wp-json\/wp\/v2\/product_brand?post=64000"},{"taxonomy":"product_cat","embeddable":true,"href":"https:\/\/espacetriathlon.com\/de\/wp-json\/wp\/v2\/product_cat?post=64000"},{"taxonomy":"product_tag","embeddable":true,"href":"https:\/\/espacetriathlon.com\/de\/wp-json\/wp\/v2\/product_tag?post=64000"}],"curies":[{"name":"wp","href":"https:\/\/api.w.org\/{rel}","templated":true}]}}