{"id":64623,"date":"2026-04-02T20:31:03","date_gmt":"2026-04-02T20:31:03","guid":{"rendered":"https:\/\/espacetriathlon.com\/product\/active-flex-neoprenanzug-frauen\/"},"modified":"2026-04-02T20:31:03","modified_gmt":"2026-04-02T20:31:03","slug":"active-flex-neoprenanzug-frauen","status":"publish","type":"product","link":"https:\/\/espacetriathlon.com\/de\/product\/active-flex-neoprenanzug-frauen\/","title":{"rendered":"Active-Flex Neoprenanzug Frauen"},"content":{"rendered":"<p>Multi-Sport Design: Ideal f\u00fcr Anf\u00e4nger im Freiwasserschwimmen und Wassersportler, einschlie\u00dflich Surfen, Kajakfahren, Kanufahren, SUP, Segeln und Wasserski.<br \/>\n\u00dcberragende Flexibilit\u00e4t: Hochelastisches Neopren sorgt f\u00fcr Bewegungsfreiheit bei verschiedenen Schl\u00e4gen und Aktivit\u00e4ten.<br \/>\nBrustschwimmen-freundliches Design: D\u00fcnneres Neopren an den Beinen und ein gro\u00dfer Zwickel im Schritt sorgen daf\u00fcr, dass die Beine untergetaucht bleiben, was eine nat\u00fcrliche Brustschwimmhaltung f\u00f6rdert.<br \/>\nYulex\u00ae Naturkautschuk-Brustpaneel: 3 mm starke Kernisolierung, die W\u00e4rme spendet und die Umwelt schont (Yulex\u00ae ist eine pflanzliche Alternative zu Neopren).<br \/>\nHydrodynamische Speedflo-Beschichtung der Paneele: Reduziert den Luftwiderstand f\u00fcr eine verbesserte Schwimmleistung.<br \/>\nWasserdichte N\u00e4hte: Die geklebte und blindgen\u00e4hte Konstruktion sorgt f\u00fcr W\u00e4rme und Haltbarkeit.<br \/>\nAbnutzungsresistenz: Verst\u00e4rkte Knieeins\u00e4tze erh\u00f6hen die Strapazierf\u00e4higkeit f\u00fcr Boardsportarten und aktiven Gebrauch.<br \/>\nEinfaches An- und Ausziehen: Leichteres An- und Ausziehen als bei Neoprenanz\u00fcgen mit glatter Haut.<br \/>\nErh\u00f6hte Sichtbarkeit: Strategische orangefarbene Verkleidung erh\u00f6ht die Sicherheit auf offenem Wasser.<br \/>\nVerbesserter Ausschnitt: Der etwas h\u00f6her geschnittene Ausschnitt bietet Komfort und Wasserschutz und eignet sich daher f\u00fcr zahlreiche Wassersportarten.  <\/p>\n","protected":false},"excerpt":{"rendered":"<p>Der Active-Flex Neoprenanzug ist der ultimative Allrounder f\u00fcr Schwimmanf\u00e4nger und Wassersportler, jetzt mit verbessertem brustschwimmfreundlichem Design. Mit einer ausgewogenen Mischung aus W\u00e4rme, Flexibilit\u00e4t und Strapazierf\u00e4higkeit ist er einer der einzigen Neoprenanz\u00fcge auf dem Markt, der f\u00fcr den Mehrzweckeinsatz konzipiert wurde &#8211; perfekt f\u00fcr das Schwimmen im offenen Wasser, Surfen, SUP, Kajakfahren, Segeln und mehr. <\/p>\n<p>Zone3<\/p>\n","protected":false},"featured_media":64616,"template":"","meta":[],"product_brand":[],"product_cat":[271],"product_tag":[],"class_list":{"0":"post-64623","1":"product","2":"type-product","3":"status-publish","4":"has-post-thumbnail","6":"product_cat-openwater-de","7":"pa_brand-zone3","9":"first","10":"instock","11":"sale","12":"shipping-taxable","13":"purchasable","14":"product-type-variable"},"_links":{"self":[{"href":"https:\/\/espacetriathlon.com\/de\/wp-json\/wp\/v2\/product\/64623","targetHints":{"allow":["GET"]}}],"collection":[{"href":"https:\/\/espacetriathlon.com\/de\/wp-json\/wp\/v2\/product"}],"about":[{"href":"https:\/\/espacetriathlon.com\/de\/wp-json\/wp\/v2\/types\/product"}],"version-history":[{"count":0,"href":"https:\/\/espacetriathlon.com\/de\/wp-json\/wp\/v2\/product\/64623\/revisions"}],"wp:featuredmedia":[{"embeddable":true,"href":"https:\/\/espacetriathlon.com\/de\/wp-json\/wp\/v2\/media\/64616"}],"wp:attachment":[{"href":"https:\/\/espacetriathlon.com\/de\/wp-json\/wp\/v2\/media?parent=64623"}],"wp:term":[{"taxonomy":"product_brand","embeddable":true,"href":"https:\/\/espacetriathlon.com\/de\/wp-json\/wp\/v2\/product_brand?post=64623"},{"taxonomy":"product_cat","embeddable":true,"href":"https:\/\/espacetriathlon.com\/de\/wp-json\/wp\/v2\/product_cat?post=64623"},{"taxonomy":"product_tag","embeddable":true,"href":"https:\/\/espacetriathlon.com\/de\/wp-json\/wp\/v2\/product_tag?post=64623"}],"curies":[{"name":"wp","href":"https:\/\/api.w.org\/{rel}","templated":true}]}}