{"id":64710,"date":"2026-04-03T11:07:02","date_gmt":"2026-04-03T11:07:02","guid":{"rendered":"https:\/\/espacetriathlon.com\/product\/buoyancy-short-die-premium-option\/"},"modified":"2026-04-03T11:07:02","modified_gmt":"2026-04-03T11:07:02","slug":"buoyancy-short-die-premium-option","status":"publish","type":"product","link":"https:\/\/espacetriathlon.com\/de\/product\/buoyancy-short-die-premium-option\/","title":{"rendered":"Buoyancy Short &#8211; Die Premium-Option"},"content":{"rendered":"<p>Sehr schwimmf\u00e4higes Design f\u00fcr Schwimmer mit schweren Beinen.<br \/>\nSCS Nano-Beschichtung zur Verringerung des Luftwiderstands.<br \/>\nDas Konzept hat Tausenden von Schwimmern geholfen, ihre Schwimmtechnik und Geschwindigkeit zu verbessern<br \/>\nNeuer, auf Komfort ausgerichteter Bund<br \/>\nZone3 ist der urspr\u00fcngliche Erfinder dieses Produkts aus dem Jahr 2008.<\/p>\n","protected":false},"excerpt":{"rendered":"<p>Die Buoyancy Shorts wurden von Zone3 erstmals im Jahr 2008 entwickelt. Die urspr\u00fcngliche Erfindung dieses Produkts bestand aus einem 5:3 mm dicken Glatthautmaterial, aber aufgrund der \u00fcberw\u00e4ltigenden Beliebtheit hat Zone3 nun ein schwimmf\u00e4higeres und auf geringeren Widerstand ausgerichtetes Design mit dem Namen &#8216;The Premium Option&#8217; herausgebracht.<br \/>\nZone-3<br \/>\nDie Shorts bestehen aus einer Kombination aus 3 mm Yamamoto #39 SCS auf der Vorder- und R\u00fcckseite und 5 mm Yamamoto SCS Aerodome auf den Seiten, das 30 % mehr Auftrieb bietet als Standardneopren. <\/p>\n<p>Das #39 SCS-Material sorgt f\u00fcr eine weichere, leichtere und flexiblere Passform, w\u00e4hrend der Aerodome den Athleten mit mehr Auftrieb und H\u00fcftrotation unterst\u00fctzt. Dies eignet sich insbesondere f\u00fcr Schwimmer mit schweren Beinen, die ihre Technik verfeinern m\u00f6chten. <\/p>\n<p>Die SCS-Beschichtung sorgt f\u00fcr minimalen Widerstand im Wasser und das Aerodome-Material mit Luftblasen zwischen den Neoprenschichten bietet 30 % mehr Auftrieb als Standard-Neopren. Die 3 mm auf der Vorder- und R\u00fcckseite sorgen f\u00fcr den zus\u00e4tzlichen Auftrieb, w\u00e4hrend die 5 mm Seitenteile dies erg\u00e4nzen, indem sie die H\u00fcftrotation bei jedem Schwimmzug f\u00f6rdern. Ein weicheres und dehnbareres Innenfutter sorgt f\u00fcr mehr Komfort. Die Shorts sind genau wie ein Triathlon-Neoprenanzug gen\u00e4ht und verklebt.   <\/p>\n","protected":false},"featured_media":64702,"template":"","meta":[],"product_brand":[],"product_cat":[1712,271],"product_tag":[],"class_list":{"0":"post-64710","1":"product","2":"type-product","3":"status-publish","4":"has-post-thumbnail","6":"product_cat-accessories-tri-de-2","7":"product_cat-openwater-de","8":"pa_brand-zone3","9":"pa_size-m-de","10":"pa_size-l-de","11":"pa_size-xl-de","12":"pa_size-xxl-de","14":"first","15":"instock","16":"shipping-taxable","17":"purchasable","18":"product-type-variable"},"_links":{"self":[{"href":"https:\/\/espacetriathlon.com\/de\/wp-json\/wp\/v2\/product\/64710","targetHints":{"allow":["GET"]}}],"collection":[{"href":"https:\/\/espacetriathlon.com\/de\/wp-json\/wp\/v2\/product"}],"about":[{"href":"https:\/\/espacetriathlon.com\/de\/wp-json\/wp\/v2\/types\/product"}],"version-history":[{"count":0,"href":"https:\/\/espacetriathlon.com\/de\/wp-json\/wp\/v2\/product\/64710\/revisions"}],"wp:featuredmedia":[{"embeddable":true,"href":"https:\/\/espacetriathlon.com\/de\/wp-json\/wp\/v2\/media\/64702"}],"wp:attachment":[{"href":"https:\/\/espacetriathlon.com\/de\/wp-json\/wp\/v2\/media?parent=64710"}],"wp:term":[{"taxonomy":"product_brand","embeddable":true,"href":"https:\/\/espacetriathlon.com\/de\/wp-json\/wp\/v2\/product_brand?post=64710"},{"taxonomy":"product_cat","embeddable":true,"href":"https:\/\/espacetriathlon.com\/de\/wp-json\/wp\/v2\/product_cat?post=64710"},{"taxonomy":"product_tag","embeddable":true,"href":"https:\/\/espacetriathlon.com\/de\/wp-json\/wp\/v2\/product_tag?post=64710"}],"curies":[{"name":"wp","href":"https:\/\/api.w.org\/{rel}","templated":true}]}}