{"id":64742,"date":"2026-04-03T11:12:18","date_gmt":"2026-04-03T11:12:18","guid":{"rendered":"https:\/\/espacetriathlon.com\/product\/buoyancy-short-das-original\/"},"modified":"2026-04-03T11:12:18","modified_gmt":"2026-04-03T11:12:18","slug":"buoyancy-short-das-original","status":"publish","type":"product","link":"https:\/\/espacetriathlon.com\/de\/product\/buoyancy-short-das-original\/","title":{"rendered":"Buoyancy Short : Das Original"},"content":{"rendered":"<p>  \u00c4u\u00dferst schwimmf\u00e4higes Design f\u00fcr Schwimmer mit schweren Beinen.<br \/>\n 3mm Yamamoto Smoothskin Vorder- und R\u00fcckenteile.<br \/>\n Seitliche Eins\u00e4tze aus 5 mm Yamamoto Smoothskin.<br \/>\n Neuer, auf Komfort ausgerichteter Taillenbund.<\/p>\n<p>Wichtige Vorteile:<\/p>\n<p> Verbessert Ihre K\u00f6rperhaltung und Schwimmtechnik.<br \/>\n Entwickelt als nat\u00fcrliches Gef\u00fchl anstelle einer Zugboje.<br \/>\n Verbesserte Unterst\u00fctzung der K\u00f6rpermitte zur Unterst\u00fctzung der Technikentwicklung.<br \/>\n Mehr als ein Jahrzehnt positiver Bewertungen sprechen f\u00fcr sich.<\/p>\n","protected":false},"excerpt":{"rendered":"<p>Die Buoyancy Shorts wurden erstmals 2007 von Zone3 entwickelt. Als die urspr\u00fcnglichen Erfinder dieses Produkts hielt Zone3 es f\u00fcr angemessen, sie als &#8216;The Originals&#8217; zu bezeichnen. Sie haben nun mehr als ein Jahrzehnt fantastischer Kundenrezensionen hinter sich und haben vielen Tausenden von Schwimmern geholfen, sowohl ihre K\u00f6rperposition im Wasser als auch ihre Schwimmtechnik zu verbessern.<br \/>\n5-3mm<br \/>\nZone3  <\/p>\n","protected":false},"featured_media":64731,"template":"","meta":[],"product_brand":[],"product_cat":[1712,271],"product_tag":[],"class_list":{"0":"post-64742","1":"product","2":"type-product","3":"status-publish","4":"has-post-thumbnail","6":"product_cat-accessories-tri-de-2","7":"product_cat-openwater-de","8":"pa_brand-zone3","9":"pa_size-m-de","10":"pa_size-l-de","11":"pa_size-xl-de","13":"first","14":"instock","15":"shipping-taxable","16":"purchasable","17":"product-type-variable"},"_links":{"self":[{"href":"https:\/\/espacetriathlon.com\/de\/wp-json\/wp\/v2\/product\/64742","targetHints":{"allow":["GET"]}}],"collection":[{"href":"https:\/\/espacetriathlon.com\/de\/wp-json\/wp\/v2\/product"}],"about":[{"href":"https:\/\/espacetriathlon.com\/de\/wp-json\/wp\/v2\/types\/product"}],"version-history":[{"count":0,"href":"https:\/\/espacetriathlon.com\/de\/wp-json\/wp\/v2\/product\/64742\/revisions"}],"wp:featuredmedia":[{"embeddable":true,"href":"https:\/\/espacetriathlon.com\/de\/wp-json\/wp\/v2\/media\/64731"}],"wp:attachment":[{"href":"https:\/\/espacetriathlon.com\/de\/wp-json\/wp\/v2\/media?parent=64742"}],"wp:term":[{"taxonomy":"product_brand","embeddable":true,"href":"https:\/\/espacetriathlon.com\/de\/wp-json\/wp\/v2\/product_brand?post=64742"},{"taxonomy":"product_cat","embeddable":true,"href":"https:\/\/espacetriathlon.com\/de\/wp-json\/wp\/v2\/product_cat?post=64742"},{"taxonomy":"product_tag","embeddable":true,"href":"https:\/\/espacetriathlon.com\/de\/wp-json\/wp\/v2\/product_tag?post=64742"}],"curies":[{"name":"wp","href":"https:\/\/api.w.org\/{rel}","templated":true}]}}