{"id":64768,"date":"2026-04-03T11:44:30","date_gmt":"2026-04-03T11:44:30","guid":{"rendered":"https:\/\/espacetriathlon.com\/product\/heat-tech-schwimmhandschuhe\/"},"modified":"2026-04-03T11:44:30","modified_gmt":"2026-04-03T11:44:30","slug":"heat-tech-schwimmhandschuhe","status":"publish","type":"product","link":"https:\/\/espacetriathlon.com\/de\/product\/heat-tech-schwimmhandschuhe\/","title":{"rendered":"Heat-tech Schwimmhandschuhe"},"content":{"rendered":"<p>  3,5 mm hoch dehnbares Neopren: Verbessert mit einem Heat-Tech-Futter f\u00fcr hervorragende W\u00e4rmeisolierung<br \/>\n.<br \/>\n Liquid Seal Finish &amp; Smoothskin-Verschluss: Sorgt f\u00fcr einen wasserdichten und bequemen Sitz.<br \/>\n Verl\u00e4ngerte L\u00e4nge mit Klettverschluss: Sorgt f\u00fcr einen sicheren Sitz und verhindert das Eindringen von Wasser<br \/>\n.<br \/>\n 3D-Handfl\u00e4chenmuster-Griff: Bietet hervorragenden Grip bei nassen Bedingungen.<br \/>\n Doppelte Blindstichn\u00e4hte, geklebte N\u00e4hte: Erh\u00f6ht die Haltbarkeit und Wasserbest\u00e4ndigkeit.<br \/>\n Vielseitiges Design: Teil eines Neopren-Zubeh\u00f6rsortiments f\u00fcr das ganzj\u00e4hrige Training.<\/p>\n<p>Hauptvorteile<\/p>\n<p> Sicherer und passgenauer Sitz, um das Eindringen von Wasser zu minimieren.<br \/>\n Verbesserte W\u00e4rme und ein komfortables Design.<br \/>\n L\u00e4sst sich f\u00fcr eine nahtlose Abdichtung einfach in Ihren Neoprenanzug stecken.<\/p>\n","protected":false},"excerpt":{"rendered":"<p>Mit 3,5 mm sind sie etwas dicker als die Standardhandschuhe von ZONE3 und verf\u00fcgen \u00fcber ein Heat-Tech-Futter f\u00fcr verbesserte W\u00e4rmeeigenschaften<\/p>\n<p>Ein fantastisches Paar Handschuhe, das Sie im Wasser so lange warm h\u00e4lt, wie Sie es schaffen k\u00f6nnen.<\/p>\n","protected":false},"featured_media":64761,"template":"","meta":[],"product_brand":[],"product_cat":[271],"product_tag":[],"class_list":{"0":"post-64768","1":"product","2":"type-product","3":"status-publish","4":"has-post-thumbnail","6":"product_cat-openwater-de","7":"pa_brand-zone3","8":"pa_size-s-de","9":"pa_size-m-de","10":"pa_size-l-de","12":"first","13":"instock","14":"shipping-taxable","15":"purchasable","16":"product-type-variable"},"_links":{"self":[{"href":"https:\/\/espacetriathlon.com\/de\/wp-json\/wp\/v2\/product\/64768","targetHints":{"allow":["GET"]}}],"collection":[{"href":"https:\/\/espacetriathlon.com\/de\/wp-json\/wp\/v2\/product"}],"about":[{"href":"https:\/\/espacetriathlon.com\/de\/wp-json\/wp\/v2\/types\/product"}],"version-history":[{"count":0,"href":"https:\/\/espacetriathlon.com\/de\/wp-json\/wp\/v2\/product\/64768\/revisions"}],"wp:featuredmedia":[{"embeddable":true,"href":"https:\/\/espacetriathlon.com\/de\/wp-json\/wp\/v2\/media\/64761"}],"wp:attachment":[{"href":"https:\/\/espacetriathlon.com\/de\/wp-json\/wp\/v2\/media?parent=64768"}],"wp:term":[{"taxonomy":"product_brand","embeddable":true,"href":"https:\/\/espacetriathlon.com\/de\/wp-json\/wp\/v2\/product_brand?post=64768"},{"taxonomy":"product_cat","embeddable":true,"href":"https:\/\/espacetriathlon.com\/de\/wp-json\/wp\/v2\/product_cat?post=64768"},{"taxonomy":"product_tag","embeddable":true,"href":"https:\/\/espacetriathlon.com\/de\/wp-json\/wp\/v2\/product_tag?post=64768"}],"curies":[{"name":"wp","href":"https:\/\/api.w.org\/{rel}","templated":true}]}}