{"id":64787,"date":"2026-04-03T11:48:21","date_gmt":"2026-04-03T11:48:21","guid":{"rendered":"https:\/\/espacetriathlon.com\/product\/heat-tech-schwimmsocken\/"},"modified":"2026-04-03T11:48:21","modified_gmt":"2026-04-03T11:48:21","slug":"heat-tech-schwimmsocken","status":"publish","type":"product","link":"https:\/\/espacetriathlon.com\/de\/product\/heat-tech-schwimmsocken\/","title":{"rendered":"Heat-Tech Schwimmsocken"},"content":{"rendered":"<p>  Gefertigt aus hoch dehnbarem 3,5 mm dickem Neopren mit Titanium-Futter.<br \/>\n  Ausgestattet mit einer Fl\u00fcssigversiegelung und einem Smoothskin-Verschlusssystem f\u00fcr zus\u00e4tzlichen Komfort.<br \/>\n  Bietet mehr L\u00e4nge mit einem praktischen Klettverschluss.<br \/>\n  Die griffige 3D-Sohle sorgt f\u00fcr verbesserte Traktion.<br \/>\n  Doppelte Blindstichn\u00e4hte und geleimte N\u00e4hte f\u00fcr verbesserte Haltbarkeit.<br \/>\n  Teil unserer Neopren-Zubeh\u00f6rserie f\u00fcr das ganzj\u00e4hrige Training.<\/p>\n<p>Wichtigste Vorteile:<\/p>\n<p>  Sorgt f\u00fcr einen sicheren und passgenauen Sitz, damit kein Wasser eindringen kann.<br \/>\n  Bietet ein warmes und sicheres Design f\u00fcr dauerhaften Komfort.<br \/>\n  Kann f\u00fcr zus\u00e4tzlichen Komfort einfach in Ihren Neoprenanzug gesteckt werden.<br \/>\n  Bietet Halt und Schutz beim Betreten und Verlassen des Wassers.<\/p>\n","protected":false},"excerpt":{"rendered":"<p>Diese innovativen Schwimmsocken geh\u00f6ren zu den w\u00e4rmsten, die auf dem Markt erh\u00e4ltlich sind. Sie sind perfekt f\u00fcr alle, die unter kalten F\u00fc\u00dfen leiden oder im Fr\u00fchjahr, Herbst oder Winter schwimmen gehen. Mit 3,5 mm sind sie etwas dicker als die Standardsocken von ZONE3 und verf\u00fcgen \u00fcber ein Heat-Tech-Futter f\u00fcr bessere W\u00e4rmeeigenschaften. <\/p>\n<p>Ein fantastisches Paar Socken, das Sie warm h\u00e4lt und so lange im Wasser bleibt, wie Sie es schaffen.  <\/p>\n","protected":false},"featured_media":64784,"template":"","meta":[],"product_brand":[],"product_cat":[271],"product_tag":[],"class_list":{"0":"post-64787","1":"product","2":"type-product","3":"status-publish","4":"has-post-thumbnail","6":"product_cat-openwater-de","7":"pa_brand-zone3","8":"pa_size-s-de","9":"pa_size-m-de","10":"pa_size-l-de","12":"first","13":"instock","14":"shipping-taxable","15":"purchasable","16":"product-type-variable"},"_links":{"self":[{"href":"https:\/\/espacetriathlon.com\/de\/wp-json\/wp\/v2\/product\/64787","targetHints":{"allow":["GET"]}}],"collection":[{"href":"https:\/\/espacetriathlon.com\/de\/wp-json\/wp\/v2\/product"}],"about":[{"href":"https:\/\/espacetriathlon.com\/de\/wp-json\/wp\/v2\/types\/product"}],"version-history":[{"count":0,"href":"https:\/\/espacetriathlon.com\/de\/wp-json\/wp\/v2\/product\/64787\/revisions"}],"wp:featuredmedia":[{"embeddable":true,"href":"https:\/\/espacetriathlon.com\/de\/wp-json\/wp\/v2\/media\/64784"}],"wp:attachment":[{"href":"https:\/\/espacetriathlon.com\/de\/wp-json\/wp\/v2\/media?parent=64787"}],"wp:term":[{"taxonomy":"product_brand","embeddable":true,"href":"https:\/\/espacetriathlon.com\/de\/wp-json\/wp\/v2\/product_brand?post=64787"},{"taxonomy":"product_cat","embeddable":true,"href":"https:\/\/espacetriathlon.com\/de\/wp-json\/wp\/v2\/product_cat?post=64787"},{"taxonomy":"product_tag","embeddable":true,"href":"https:\/\/espacetriathlon.com\/de\/wp-json\/wp\/v2\/product_tag?post=64787"}],"curies":[{"name":"wp","href":"https:\/\/api.w.org\/{rel}","templated":true}]}}