{"id":64851,"date":"2026-04-04T11:21:38","date_gmt":"2026-04-04T11:21:38","guid":{"rendered":"https:\/\/espacetriathlon.com\/product\/lava-long-distance-kurzarm-trisuit-herren\/"},"modified":"2026-04-04T11:21:38","modified_gmt":"2026-04-04T11:21:38","slug":"lava-long-distance-kurzarm-trisuit-herren","status":"publish","type":"product","link":"https:\/\/espacetriathlon.com\/de\/product\/lava-long-distance-kurzarm-trisuit-herren\/","title":{"rendered":"Lava Long Distance Kurzarm Trisuit Herren"},"content":{"rendered":"<p><strong>STOFFE<\/strong><\/p>\n<p><strong>AERO-STRIPE <\/strong>&#8211; Ein innovatives gestreiftes Material aus Italien befindet sich an den Raglan\u00e4rmeln, um die Aerodynamik zu verbessern. Dieses UPF-50 strukturierte Material erzeugt bei hohen Geschwindigkeiten auf dem Rad Turbulenzen an den wichtigsten Grenzschichten, wodurch der Luftwiderstand reduziert und die Rennzeiten verbessert werden. <\/p>\n<p><strong>Aeroforce Soft-Touch <\/strong>&#8211; Ein revolution\u00e4res franz\u00f6sisches Gewebe wird f\u00fcr die Hauptteile der Vorder- und R\u00fcckseite verwendet und ist extrem angenehm auf der Haut und technisch fortschrittlich. Es ist eines der teuersten Hochleistungsgewebe auf dem Markt, aber wenn Sie es einmal ausprobiert haben, werden Sie verstehen, warum. <\/p>\n<p><strong>Die wichtigsten Vorteile sind:<\/strong><\/p>\n<ol>\n<li>&#8211; <strong>\u00c4u\u00dferst atmungsaktiv<\/strong> und schwei\u00dfableitend f\u00fcr optimale Temperaturkontrolle.<\/li>\n<li>&#8211; <strong>Unglaublich leicht<\/strong> und schnell trocknend, aber dennoch strapazierf\u00e4hig und mit einem UPF-Schutz von 50+<\/li>\n<li>&#8211; <strong>360\u00b0 Stretch<\/strong> f\u00fcr absolute Bewegungsfreiheit.<\/li>\n<li>&#8211;<strong> Die wasserabweisende Nano-Beschichtung<\/strong> reduziert den Luftwiderstand im und au\u00dferhalb des Wassers. Sie verbessert Ihre Schwimmzeit, weist Schwei\u00df ab und h\u00e4lt Sie trockener und w\u00e4rmer, wenn es regnet. <\/li>\n<li>\n \t<\/li>\n<li><strong>Sinnlich<\/strong>: Ein extrem glatter und weicher Stoff, der sich fantastisch auf der Haut anf\u00fchlt. Er bietet zus\u00e4tzlichen Halt und Kompression an den Beinen und ist zudem vollst\u00e4ndig wasserabweisend beschichtet. Der Stoff ist hochgradig atmungsaktiv und schwei\u00dfableitend, w\u00e4hrend der 360\u00ba-Stretch f\u00fcr absolute Bewegungsfreiheit sorgt. <\/li>\n<li><strong>Integrierte Beinklemmen:<\/strong> Hochwertiges italienisches Design mit nat\u00fcrlichen Goldfasern f\u00fcr verbesserten Komfort. Dieses verl\u00e4ngerte Panel ist f\u00fcr eine optimale Passform und Widerstandsf\u00e4higkeit verklebt. Die Greifer halten die Beine auf dem Rad und beim Laufen an Ort und Stelle, ohne dass eine zus\u00e4tzliche Naht wie bei den meisten Tri-Anz\u00fcgen entsteht. Der Stoff ist au\u00dferdem hoch atmungsaktiv, transportiert Feuchtigkeit ab und liegt bequem am K\u00f6rper an, was eine hervorragende Passform erm\u00f6glicht.   <\/li>\n<\/ol>\n<p><strong>PERFORMANCE:<\/strong><\/p>\n<ol>\n<li>Jeder Stoff wurde sorgf\u00e4ltig ausgew\u00e4hlt und positioniert, um Leistung, Komfort und Ausdauer zu verbessern.<\/li>\n<li>Durchgehender Rei\u00dfverschluss an der Vorderseite &#8211; Mit dieser Funktion lassen sich die Anz\u00fcge leichter und schneller an- und ausziehen. Das ist wichtig, wenn Sie w\u00e4hrend eines Rennens schnell auf die Toilette m\u00fcssen. Au\u00dferdem erm\u00f6glicht es eine vollst\u00e4ndige Bel\u00fcftung des Oberk\u00f6rpers bei sehr warmen Bedingungen. <\/li>\n<li>Dank der sorgf\u00e4ltig konzipierten Plattenform und der hohen Denier-Zahl des Sensory-Gewebes wird eine ausgewogene Kompression an den Beinen erreicht. Dies verbessert die Muskelunterst\u00fctzung und tr\u00e4gt dazu bei, den Blutfluss von den Beinen weg zu erh\u00f6hen. Dadurch wird die Bildung von Milchs\u00e4ure reduziert und die Ausdauer und das Durchhalteverm\u00f6gen verbessert. <\/li>\n<li>Brandneues Tri Comp Pad.<\/li>\n<li>W\u00e4rmeverschwei\u00dfte \u00c4rmel &#8211; F\u00fcr optimale Passform und Komfort und geringeren Luftwiderstand im Vergleich zu gen\u00e4hten \u00c4rmeln.<\/li>\n<li>Die bequeme Passform am ganzen K\u00f6rper erm\u00f6glicht es Ihnen, Ihre Leistung beim Schwimmen, Radfahren und Laufen zu maximieren.<\/li>\n<li>Optisch wei\u00dfe Farbe f\u00fcr den Gro\u00dfteil des Verdecks, um die Sonnenw\u00e4rme zu reflektieren.<\/li>\n<li>Taschen zur Aufbewahrung von Nahrungsmitteln: Die Taschen befinden sich auf der R\u00fcckseite und sind mit einer w\u00e4rmegeklebten Abdeckung versehen, in der Sie Gels aufbewahren k\u00f6nnen und die beim Radfahren oder Laufen leicht zug\u00e4nglich ist.<\/li>\n<\/ol>\n","protected":false},"excerpt":{"rendered":"<p>Wenn Sie sich f\u00fcr IM-Distanzrennen und dar\u00fcber hinaus engagieren, m\u00fcssen Sie wissen, dass Ihr Ausr\u00fcster genauso engagiert ist wie Sie selbst. \u00dcber diese Distanzen werden Sie jede Unvollkommenheit, jede voreilige Entscheidung und jede Kosteneinsparung sp\u00fcren, die eine Marke vorgenommen hat. <\/p>\n<p>Die mehrfach preisgekr\u00f6nte Lava-Kollektion ist seit ihrer Einf\u00fchrung im Jahr 2013 das Ausdauersportprodukt von ZONE3, das wir seither kontinuierlich weiterentwickelt haben. Jetzt ist sie eine vollwertige Kollektion von Anz\u00fcgen und Einzelteilen f\u00fcr M\u00e4nner und Frauen. Wir haben die besten italienischen und franz\u00f6sischen Materialien ausgew\u00e4hlt, um Wasser abzuweisen, die Aerodynamik zu optimieren und den Komfort zu verbessern. <\/p>\n<p>Der im Velodrom getestete und von unseren Elite-Athleten 2019 international bew\u00e4hrte Lava-Anzug kombiniert fortschrittliche aerodynamische Paneele mit wasserabweisenden Beschichtungen und widerstandsf\u00e4higer Ausr\u00fcstung und ist damit unser schnellster Lava-Ausdaueranzug aller Zeiten.<\/p>\n<p>Der Anzug bietet Rundum-Komfort in Kombination mit Leistung bei allen drei Disziplinen. Wenn Sie in dieser Saison ein Langstreckenrennen bestreiten, dann hoffen wir, dass dies der perfekte Anzug f\u00fcr Sie ist. <\/p>\n","protected":false},"featured_media":64846,"template":"","meta":[],"product_brand":[],"product_cat":[2196,314],"product_tag":[],"class_list":{"0":"post-64851","1":"product","2":"type-product","3":"status-publish","4":"has-post-thumbnail","6":"product_cat-sales-de","7":"product_cat-gear-de","8":"pa_brand-zone3","9":"pa_size-m-de","10":"pa_size-l-de","11":"pa_size-xl-de","13":"first","14":"instock","15":"sale","16":"shipping-taxable","17":"purchasable","18":"product-type-variable"},"_links":{"self":[{"href":"https:\/\/espacetriathlon.com\/de\/wp-json\/wp\/v2\/product\/64851","targetHints":{"allow":["GET"]}}],"collection":[{"href":"https:\/\/espacetriathlon.com\/de\/wp-json\/wp\/v2\/product"}],"about":[{"href":"https:\/\/espacetriathlon.com\/de\/wp-json\/wp\/v2\/types\/product"}],"version-history":[{"count":0,"href":"https:\/\/espacetriathlon.com\/de\/wp-json\/wp\/v2\/product\/64851\/revisions"}],"wp:featuredmedia":[{"embeddable":true,"href":"https:\/\/espacetriathlon.com\/de\/wp-json\/wp\/v2\/media\/64846"}],"wp:attachment":[{"href":"https:\/\/espacetriathlon.com\/de\/wp-json\/wp\/v2\/media?parent=64851"}],"wp:term":[{"taxonomy":"product_brand","embeddable":true,"href":"https:\/\/espacetriathlon.com\/de\/wp-json\/wp\/v2\/product_brand?post=64851"},{"taxonomy":"product_cat","embeddable":true,"href":"https:\/\/espacetriathlon.com\/de\/wp-json\/wp\/v2\/product_cat?post=64851"},{"taxonomy":"product_tag","embeddable":true,"href":"https:\/\/espacetriathlon.com\/de\/wp-json\/wp\/v2\/product_tag?post=64851"}],"curies":[{"name":"wp","href":"https:\/\/api.w.org\/{rel}","templated":true}]}}