{"id":64954,"date":"2026-04-04T11:43:06","date_gmt":"2026-04-04T11:43:06","guid":{"rendered":"https:\/\/espacetriathlon.com\/?post_type=product&#038;p=64954"},"modified":"2026-04-04T11:48:00","modified_gmt":"2026-04-04T11:48:00","slug":"aeroforce-x-ii-kurzarm-trisuit-frauen","status":"publish","type":"product","link":"https:\/\/espacetriathlon.com\/de\/product\/aeroforce-x-ii-kurzarm-trisuit-frauen\/","title":{"rendered":"Aeroforce-X II Kurzarm Trisuit Frauen"},"content":{"rendered":"<ul>\n<li><strong>Lasergeschnittene Arm- und Beinl\u00f6cher<\/strong> mit integriertem, leichtem Silikongriff sorgen daf\u00fcr, dass Arme und Beine an ihrem Platz bleiben. Dieses einzigartige Design verbessert auch das aerodynamische Profil, da keine N\u00e4hte mehr vorhanden sind.<\/li>\n<li><strong>Der flache Halsausschnitt<\/strong> sorgt f\u00fcr eine bessere Passform ohne Reibung.<\/li>\n<li><strong>Wasserabweisende Beschichtungen<\/strong> reduzieren den Luftwiderstand und die Absorption im Wasser, was zu mehr Geschwindigkeit f\u00fchrt und die Erm\u00fcdung vor dem Radfahren verringert.<\/li>\n<li><strong>Aufbewahrung von Nahrung:<\/strong> Aero-Taschen f\u00fcr die Aufbewahrung von Nahrung, ohne die Leistung zu beeintr\u00e4chtigen oder den Luftwiderstand zu erh\u00f6hen.<\/li>\n<li><strong>Ein einzigartiger, flexibler Rei\u00dfverschluss<\/strong> wurde aus Japan bezogen, um eine bessere Aero-Position auf dem Rad zu erm\u00f6glichen und gleichzeitig den Komfort beim Laufen im Stehen zu bewahren.<\/li>\n<li><strong>Hochleistungspolster <\/strong>von Cytech in Italien, speziell f\u00fcr den Triathlon entwickelt und f\u00fcr alle Distanzen geeignet, ob Sprint, Olympic, 70.3 oder Long.<\/li>\n<li>Arm- und Beinl\u00e4nge sind etwas l\u00e4nger als bei einem herk\u00f6mmlichen Trisuit, um die aerodynamischen Vorteile zu maximieren.<\/li>\n<\/ul>\n","protected":false},"excerpt":{"rendered":"<p>Das Sch\u00f6ne an diesem Anzug ist, dass die Daten zeigen, dass er mehr leistet als alle Aeroanz\u00fcge unserer Konkurrenten und &#8211; was am wichtigsten ist &#8211; dass er dies bei einer Reihe von Schl\u00fcsselgeschwindigkeiten tut. Also nicht nur bei 40 km\/h, sondern auch bei 30, 35 und 45 km\/h, den h\u00e4ufigsten Geschwindigkeiten w\u00e4hrend der Radphase.<\/p>\n<p>Wir haben uns vorgenommen, einen Anzug zu entwickeln, der in einer Reihe von Szenarien Verbesserungen bringt, und das ist uns gelungen. Wir m\u00f6chten, dass der Kunde in einen Aeroforce-X II Anzug investieren kann und wei\u00df, dass er schneller ist und einen Vorteil gegen\u00fcber allen anderen Athleten an der Startlinie hat, die diesen Anzug nicht tragen.<\/p>\n<p>Ganz gleich, welche Strecke Sie fahren oder wie schnell Sie auf dem Rad sein werden &#8211; mit diesem Anzug k\u00f6nnen Sie garantiert Watt sparen, Ihre Geschwindigkeit erh\u00f6hen und sich beim Laufen frischer f\u00fchlen.<\/p>\n","protected":false},"featured_media":64983,"template":"","meta":[],"product_brand":[],"product_cat":[2196,314],"product_tag":[],"class_list":{"0":"post-64954","1":"product","2":"type-product","3":"status-publish","4":"has-post-thumbnail","6":"product_cat-sales-de","7":"product_cat-gear-de","8":"pa_brand-zone3","9":"pa_size-s-de","10":"pa_size-m-de","12":"first","13":"instock","14":"sale","15":"shipping-taxable","16":"purchasable","17":"product-type-variable"},"_links":{"self":[{"href":"https:\/\/espacetriathlon.com\/de\/wp-json\/wp\/v2\/product\/64954","targetHints":{"allow":["GET"]}}],"collection":[{"href":"https:\/\/espacetriathlon.com\/de\/wp-json\/wp\/v2\/product"}],"about":[{"href":"https:\/\/espacetriathlon.com\/de\/wp-json\/wp\/v2\/types\/product"}],"version-history":[{"count":2,"href":"https:\/\/espacetriathlon.com\/de\/wp-json\/wp\/v2\/product\/64954\/revisions"}],"predecessor-version":[{"id":64990,"href":"https:\/\/espacetriathlon.com\/de\/wp-json\/wp\/v2\/product\/64954\/revisions\/64990"}],"wp:featuredmedia":[{"embeddable":true,"href":"https:\/\/espacetriathlon.com\/de\/wp-json\/wp\/v2\/media\/64983"}],"wp:attachment":[{"href":"https:\/\/espacetriathlon.com\/de\/wp-json\/wp\/v2\/media?parent=64954"}],"wp:term":[{"taxonomy":"product_brand","embeddable":true,"href":"https:\/\/espacetriathlon.com\/de\/wp-json\/wp\/v2\/product_brand?post=64954"},{"taxonomy":"product_cat","embeddable":true,"href":"https:\/\/espacetriathlon.com\/de\/wp-json\/wp\/v2\/product_cat?post=64954"},{"taxonomy":"product_tag","embeddable":true,"href":"https:\/\/espacetriathlon.com\/de\/wp-json\/wp\/v2\/product_tag?post=64954"}],"curies":[{"name":"wp","href":"https:\/\/api.w.org\/{rel}","templated":true}]}}