{"id":65097,"date":"2026-04-04T19:18:02","date_gmt":"2026-04-04T19:18:02","guid":{"rendered":"https:\/\/espacetriathlon.com\/product\/advance-neoprenanzug-frauen\/"},"modified":"2026-04-04T19:18:02","modified_gmt":"2026-04-04T19:18:02","slug":"advance-neoprenanzug-frauen","status":"publish","type":"product","link":"https:\/\/espacetriathlon.com\/de\/product\/advance-neoprenanzug-frauen\/","title":{"rendered":"Advance Neoprenanzug Frauen"},"content":{"rendered":"<ul>\n<li>Das brandneue<strong> 1,5 mm Yamamoto #39 SCS Free-Flex Schulterpanel<\/strong> bietet ein hohes Ma\u00df an Flexibilit\u00e4t, Komfort und Effizienz bei jedem Schlag.<\/li>\n<li><strong>16% Gewichtsreduzierung<\/strong>gegen\u00fcber dem 2020er Modell bei gleichbleibendem Auftrieb und gleicher W\u00e4rmeleistung.<\/li>\n<li><strong>AQUA-X-Beschichtungen<\/strong>zur Minimierung des Luftwiderstands und Erh\u00f6hung der Geschwindigkeit im Wasser.<\/li>\n<li><strong>Glatthautgewebe<\/strong>, das verhindert, dass Wasser in den Anzug eindringt und ihn beschwert.<\/li>\n<li><strong>Die 4 mm starken Auftriebsk\u00f6rper<\/strong>an den Oberschenkeln sorgen daf\u00fcr, dass die Beine an der Wasseroberfl\u00e4che bleiben, was den Luftwiderstand und die Erm\u00fcdung deutlich reduziert.<\/li>\n<li><strong>Aufdrucke mit hoher Sichtbarkeit<\/strong>, um im Wasser besser aufzufallen<\/li>\n<li><strong>Die schlanken Pro-Speed-Manschetten<\/strong>bieten eine \u00fcberragende Entnahmegeschwindigkeit.<\/li>\n<li>Der <strong>Laser-Pr\u00e4zisionskragen<\/strong>sorgt f\u00fcr eine bequeme &#8216;soft-close&#8217; Passform um den Hals.<\/li>\n<li><strong>Das Raglan-\u00c4rmel-Layout<\/strong> bietet mehr Flexibilit\u00e4t f\u00fcr einen effizienteren Hub.<\/li>\n<\/ul>\n","protected":false},"excerpt":{"rendered":"<p>Die neueste Ausgabe des Advance baut auf diesen bereits sehr guten Grundlagen auf und macht einen weiteren gro\u00dfen Schritt nach vorn. Vor allem ist er jetzt mit dem weltweit leistungsst\u00e4rksten YAMAMOTO Neopren-Gummi ausgestattet. Der Advance Neoprenanzug ist die perfekte Wahl f\u00fcr Anf\u00e4nger und fortgeschrittene Schwimmer, die einen komfortablen und leistungsorientierten Neoprenanzug f\u00fcr Training, Rennen oder einfach nur zum Erkunden des Freiwassers suchen, und das zu einem moderaten Preis.  <\/p>\n<p>F\u00fcr den Advance Neoprenanzug werden 10 verschiedene Materialien verwendet, um ein Maximum an Leistung, Komfort und Strapazierf\u00e4higkeit zu gew\u00e4hrleisten und gleichzeitig einen niedrigen Preis zu erzielen.Und es gibt keine Nylonelemente oder externe Flatlock-N\u00e4hte, um das Eindringen von Wasser zu verhindern und Geschwindigkeit und Komfort zu verbessern.<\/p>\n<p>Nachdem er die Auszeichnung &#8216;Best on Test&#8217; gewonnen hatte, kommentierte das 220 Triathlon Magazine:<br \/>\n<em>Der Advance w\u00fcrde sich im Vergleich zu vielen Mittelklassemodellen, die doppelt so teuer sind, nicht fehl am Platz f\u00fchlen. Ein brillanter Allrounder zu einem g\u00fcnstigen Preis. <\/em><\/p>\n","protected":false},"featured_media":65088,"template":"","meta":[],"product_brand":[],"product_cat":[1720],"product_tag":[],"class_list":{"0":"post-65097","1":"product","2":"type-product","3":"status-publish","4":"has-post-thumbnail","6":"product_cat-wetsuit-neopren-de-2","7":"pa_brand-zone3","9":"first","10":"instock","11":"shipping-taxable","12":"purchasable","13":"product-type-variable"},"_links":{"self":[{"href":"https:\/\/espacetriathlon.com\/de\/wp-json\/wp\/v2\/product\/65097","targetHints":{"allow":["GET"]}}],"collection":[{"href":"https:\/\/espacetriathlon.com\/de\/wp-json\/wp\/v2\/product"}],"about":[{"href":"https:\/\/espacetriathlon.com\/de\/wp-json\/wp\/v2\/types\/product"}],"version-history":[{"count":0,"href":"https:\/\/espacetriathlon.com\/de\/wp-json\/wp\/v2\/product\/65097\/revisions"}],"wp:featuredmedia":[{"embeddable":true,"href":"https:\/\/espacetriathlon.com\/de\/wp-json\/wp\/v2\/media\/65088"}],"wp:attachment":[{"href":"https:\/\/espacetriathlon.com\/de\/wp-json\/wp\/v2\/media?parent=65097"}],"wp:term":[{"taxonomy":"product_brand","embeddable":true,"href":"https:\/\/espacetriathlon.com\/de\/wp-json\/wp\/v2\/product_brand?post=65097"},{"taxonomy":"product_cat","embeddable":true,"href":"https:\/\/espacetriathlon.com\/de\/wp-json\/wp\/v2\/product_cat?post=65097"},{"taxonomy":"product_tag","embeddable":true,"href":"https:\/\/espacetriathlon.com\/de\/wp-json\/wp\/v2\/product_tag?post=65097"}],"curies":[{"name":"wp","href":"https:\/\/api.w.org\/{rel}","templated":true}]}}