{"id":65384,"date":"2026-04-06T16:19:14","date_gmt":"2026-04-06T16:19:14","guid":{"rendered":"https:\/\/espacetriathlon.com\/product\/pro-racing-visor-star-wight-blau-gruen\/"},"modified":"2026-04-06T16:19:14","modified_gmt":"2026-04-06T16:19:14","slug":"pro-racing-visor-star-wight-blau-gruen","status":"publish","type":"product","link":"https:\/\/espacetriathlon.com\/de\/product\/pro-racing-visor-star-wight-blau-gruen\/","title":{"rendered":"Pro racing Visor Star Wight\/Blau\/Gr\u00fcn"},"content":{"rendered":"<p>Ultraleichtes, perforiertes, schnell trocknendes Mesh-Gewebe, das Schwei\u00df schnell ableitet und \u00dcberhitzung bei intensiven sportlichen Aktivit\u00e4ten verhindert<\/p>\n<p>Klappbares Visier, das f\u00fcr erh\u00f6hten Sonnenschutz abgesenkt oder zur Erweiterung des Sichtfeldes angehoben werden kann<\/p>\n<p>Bequeme, ergonomische Unisex-Passform dank breitem, elastischem Kopfband f\u00fcr optimalen Halt&#8230;<\/p>\n","protected":false},"excerpt":{"rendered":"<p>Ultraleichtes, ergonomisches Laufvisier mit klappbarem Visier und bel\u00fcftetem Kopfband f\u00fcr ultimativen Sonnenschutz beim Wettkampf<\/p>\n<p>&nbsp;<\/p>\n","protected":false},"featured_media":65371,"template":"","meta":[],"product_brand":[],"product_cat":[1712,301],"product_tag":[],"class_list":{"0":"post-65384","1":"product","2":"type-product","3":"status-publish","4":"has-post-thumbnail","6":"product_cat-accessories-tri-de-2","7":"product_cat-run-accessories-triathlon-de","8":"product_shipping_class-petitarticle-de","9":"pa_brand-compressport-de","11":"first","12":"instock","13":"shipping-taxable","14":"purchasable","15":"product-type-simple"},"_links":{"self":[{"href":"https:\/\/espacetriathlon.com\/de\/wp-json\/wp\/v2\/product\/65384","targetHints":{"allow":["GET"]}}],"collection":[{"href":"https:\/\/espacetriathlon.com\/de\/wp-json\/wp\/v2\/product"}],"about":[{"href":"https:\/\/espacetriathlon.com\/de\/wp-json\/wp\/v2\/types\/product"}],"version-history":[{"count":0,"href":"https:\/\/espacetriathlon.com\/de\/wp-json\/wp\/v2\/product\/65384\/revisions"}],"wp:featuredmedia":[{"embeddable":true,"href":"https:\/\/espacetriathlon.com\/de\/wp-json\/wp\/v2\/media\/65371"}],"wp:attachment":[{"href":"https:\/\/espacetriathlon.com\/de\/wp-json\/wp\/v2\/media?parent=65384"}],"wp:term":[{"taxonomy":"product_brand","embeddable":true,"href":"https:\/\/espacetriathlon.com\/de\/wp-json\/wp\/v2\/product_brand?post=65384"},{"taxonomy":"product_cat","embeddable":true,"href":"https:\/\/espacetriathlon.com\/de\/wp-json\/wp\/v2\/product_cat?post=65384"},{"taxonomy":"product_tag","embeddable":true,"href":"https:\/\/espacetriathlon.com\/de\/wp-json\/wp\/v2\/product_tag?post=65384"}],"curies":[{"name":"wp","href":"https:\/\/api.w.org\/{rel}","templated":true}]}}