{"id":65438,"date":"2026-04-07T18:28:16","date_gmt":"2026-04-07T18:28:16","guid":{"rendered":"https:\/\/espacetriathlon.com\/?post_type=product&#038;p=65438"},"modified":"2026-04-07T18:31:36","modified_gmt":"2026-04-07T18:31:36","slug":"vision-frauen","status":"publish","type":"product","link":"https:\/\/espacetriathlon.com\/de\/product\/vision-frauen\/","title":{"rendered":"Vision Frauen"},"content":{"rendered":"<p>  Bester Triathlon-Neoprenanzug des Jahres 2024 von Triathlete.com: Anerkannt f\u00fcr herausragende Leistung, Innovation und Nachhaltigkeit.<br \/>\n  100% B-Prene Yamamoto Neopren: Leistungsstarkes, biologisch abbaubares Material, das die Umweltbelastung reduziert.<br \/>\n  X-10 Einteilige Schulterplatte: Erm\u00f6glicht eine uneingeschr\u00e4nkte Armbewegung f\u00fcr einen nat\u00fcrlichen und effizienten Schlag, so dass bei jedem Zug keine Energie verschwendet wird.<br \/>\n  B.R.E. Body Rotation Enhancement: Wird auf der Brust positioniert, um die Effizienz des Schlags zu verbessern und die K\u00f6rperrolle zu straffen, um die Distanz pro Schlag zu maximieren.<br \/>\n  Optimiertes Auftriebsprofil: &#8211; 5 mm starke Auftriebselemente am Rumpf und an den Vorderbeinen f\u00fcr zus\u00e4tzliche Unterst\u00fctzung des Rumpfes. &#8211; Aerodome-H\u00fcftpaneele erh\u00f6hen den Auftrieb um 30% f\u00fcr eine stromlinienf\u00f6rmige Position.<br \/>\n  Super Composite Skin (SCS) Beschichtung: Reduziert den Luftwiderstand auf 0,021, erm\u00f6glicht schnelleres, effizienteres Schwimmen und verhindert die Wasseraufnahme.<br \/>\n  Hochdehnbare Materialien: Hergestellt aus 10 verschiedenen Materialien, um Flexibilit\u00e4t, Komfort und Haltbarkeit zu maximieren.<br \/>\n  Pro Speed Manschetten: Beschichtete Manschetten f\u00fcr schnelles und nahtloses Ausziehen des Neoprenanzugs.<br \/>\n  Entwickelt f\u00fcr alle Schwimmer: Ideal f\u00fcr Anf\u00e4nger, erfahrene Athleten und diejenigen, die auf einen flexibleren, leistungsstarken Neoprenanzug umsteigen.<\/p>\n","protected":false},"excerpt":{"rendered":"<p>Ausgewogene Leistung &#8211; schneller, reibungsloser, effizienter.  <\/p>\n<p>In einer unabh\u00e4ngigen Fallstudie von Loughborough Sport, an der drei Athleten teilnahmen, f\u00fchrte der Vision Neoprenanzug zu konsistenten, messbaren Verbesserungen der Schwimmleistung. Die Daten zeigten schnellere Zeiten, eine verbesserte Schlageffizienz und eine geringere physiologische Belastung im Vergleich zum Schwimmen ohne Neoprenanzug.   <\/p>\n<p>Wichtigste Ergebnisse (Durchschnitt \u00fcber 3 Athleten)  <\/p>\n<p>+3,4 % schneller \u00fcber 750 m  <\/p>\n<p>+3,6 % Verbesserung der Effizienz  <\/p>\n<p>-12 % Reduzierung der physiologischen Belastung (Blutlaktat)  <\/p>\n","protected":false},"featured_media":65479,"template":"","meta":[],"product_brand":[],"product_cat":[1720],"product_tag":[],"class_list":{"0":"post-65438","1":"product","2":"type-product","3":"status-publish","4":"has-post-thumbnail","6":"product_cat-wetsuit-neopren-de-2","7":"pa_brand-zone3","9":"first","10":"instock","11":"shipping-taxable","12":"purchasable","13":"product-type-variable"},"_links":{"self":[{"href":"https:\/\/espacetriathlon.com\/de\/wp-json\/wp\/v2\/product\/65438","targetHints":{"allow":["GET"]}}],"collection":[{"href":"https:\/\/espacetriathlon.com\/de\/wp-json\/wp\/v2\/product"}],"about":[{"href":"https:\/\/espacetriathlon.com\/de\/wp-json\/wp\/v2\/types\/product"}],"version-history":[{"count":2,"href":"https:\/\/espacetriathlon.com\/de\/wp-json\/wp\/v2\/product\/65438\/revisions"}],"predecessor-version":[{"id":65486,"href":"https:\/\/espacetriathlon.com\/de\/wp-json\/wp\/v2\/product\/65438\/revisions\/65486"}],"wp:featuredmedia":[{"embeddable":true,"href":"https:\/\/espacetriathlon.com\/de\/wp-json\/wp\/v2\/media\/65479"}],"wp:attachment":[{"href":"https:\/\/espacetriathlon.com\/de\/wp-json\/wp\/v2\/media?parent=65438"}],"wp:term":[{"taxonomy":"product_brand","embeddable":true,"href":"https:\/\/espacetriathlon.com\/de\/wp-json\/wp\/v2\/product_brand?post=65438"},{"taxonomy":"product_cat","embeddable":true,"href":"https:\/\/espacetriathlon.com\/de\/wp-json\/wp\/v2\/product_cat?post=65438"},{"taxonomy":"product_tag","embeddable":true,"href":"https:\/\/espacetriathlon.com\/de\/wp-json\/wp\/v2\/product_tag?post=65438"}],"curies":[{"name":"wp","href":"https:\/\/api.w.org\/{rel}","templated":true}]}}