{"id":65556,"date":"2026-04-07T19:43:48","date_gmt":"2026-04-07T19:43:48","guid":{"rendered":"https:\/\/espacetriathlon.com\/product\/thermotech-wickelmantel\/"},"modified":"2026-04-07T19:43:48","modified_gmt":"2026-04-07T19:43:48","slug":"thermotech-wickelmantel","status":"publish","type":"product","link":"https:\/\/espacetriathlon.com\/de\/product\/thermotech-wickelmantel\/","title":{"rendered":"Thermotech Wickelmantel"},"content":{"rendered":"<p>Key Features<\/p>\n<p>  Innenfutter und Au\u00dfenh\u00fclle aus recyceltem Polyester: Strapazierf\u00e4hige und nachhaltige Materialien f\u00fcr lang anhaltende Leistung.<br \/>\n  Sherpa-Fleece-Futter: Leitet Feuchtigkeit ab, speichert W\u00e4rme und f\u00fchlt sich weich und kuschelig auf der Haut an.<br \/>\n  Wasserdichtes Au\u00dfenmaterial: Behandelt mit BIONIC-FINISH\u00ae ECO f\u00fcr erweiterte Wasser- und Windbest\u00e4ndigkeit.<br \/>\n  Tapered Fit: Bietet Komfort und Bewegungsfreiheit und h\u00e4lt gleichzeitig warm.<br \/>\n  Sturmklappe mit Druckkn\u00f6pfen: H\u00e4lt Wind und Regen ab und bietet zus\u00e4tzlichen Schutz.<br \/>\n  Verstellbare Klettverschl\u00fcsse f\u00fcr das Handgelenk: Sorgt f\u00fcr eine angenehme, wetterfeste Abdichtung.<br \/>\n  \u00dcbergro\u00dfe, verstellbare Kapuze: Bietet zus\u00e4tzlichen Schutz und passt bequem \u00fcber eine M\u00fctze.<br \/>\n  5 F\u00e4cher (2 mit Rei\u00dfverschluss): Mit sicheren Rei\u00dfverschlu\u00dff\u00e4chern f\u00fcr Wertsachen und reichlich Stauraum f\u00fcr das N\u00f6tigste.  <\/p>\n","protected":false},"excerpt":{"rendered":"<p>Der Thermo-Tech Wickelmantel ist f\u00fcr das h\u00e4rteste Wetter gemacht und bietet unschlagbare W\u00e4rme und Schutz. Das wasserdichte Material und das feuchtigkeitsableitende Fleece-Futter halten Sie unter allen Bedingungen warm und trocken. <\/p>\n","protected":false},"featured_media":65547,"template":"","meta":[],"product_brand":[],"product_cat":[280],"product_tag":[],"class_list":{"0":"post-65556","1":"product","2":"type-product","3":"status-publish","4":"has-post-thumbnail","6":"product_cat-accessories-swims-de","7":"pa_brand-zone3","8":"pa_size-m-de","9":"pa_size-l-de","11":"first","12":"instock","13":"shipping-taxable","14":"purchasable","15":"product-type-variable"},"_links":{"self":[{"href":"https:\/\/espacetriathlon.com\/de\/wp-json\/wp\/v2\/product\/65556","targetHints":{"allow":["GET"]}}],"collection":[{"href":"https:\/\/espacetriathlon.com\/de\/wp-json\/wp\/v2\/product"}],"about":[{"href":"https:\/\/espacetriathlon.com\/de\/wp-json\/wp\/v2\/types\/product"}],"version-history":[{"count":0,"href":"https:\/\/espacetriathlon.com\/de\/wp-json\/wp\/v2\/product\/65556\/revisions"}],"wp:featuredmedia":[{"embeddable":true,"href":"https:\/\/espacetriathlon.com\/de\/wp-json\/wp\/v2\/media\/65547"}],"wp:attachment":[{"href":"https:\/\/espacetriathlon.com\/de\/wp-json\/wp\/v2\/media?parent=65556"}],"wp:term":[{"taxonomy":"product_brand","embeddable":true,"href":"https:\/\/espacetriathlon.com\/de\/wp-json\/wp\/v2\/product_brand?post=65556"},{"taxonomy":"product_cat","embeddable":true,"href":"https:\/\/espacetriathlon.com\/de\/wp-json\/wp\/v2\/product_cat?post=65556"},{"taxonomy":"product_tag","embeddable":true,"href":"https:\/\/espacetriathlon.com\/de\/wp-json\/wp\/v2\/product_tag?post=65556"}],"curies":[{"name":"wp","href":"https:\/\/api.w.org\/{rel}","templated":true}]}}