{"id":65566,"date":"2026-04-07T19:49:34","date_gmt":"2026-04-07T19:49:34","guid":{"rendered":"https:\/\/espacetriathlon.com\/product\/microfibre-changing-robe-black-grey\/"},"modified":"2026-04-07T19:49:34","modified_gmt":"2026-04-07T19:49:34","slug":"microfibre-changing-robe-black-grey","status":"publish","type":"product","link":"https:\/\/espacetriathlon.com\/de\/product\/microfibre-changing-robe-black-grey\/","title":{"rendered":"Microfibre Changing Robe Black\/Grey"},"content":{"rendered":"<p>Hauptmerkmale<\/p>\n<p> Leistungsstarkes Mikrofaser-Gewebe: Schnell trocknend, leicht und saugf\u00e4hig f\u00fcr optimalen Komfort.<br \/>\n Kompaktes Design: L\u00e4sst sich f\u00fcr eine bequeme Aufbewahrung und zum Reisen einfach zusammenfalten.<br \/>\n Ger\u00e4umige Kapuze: Sorgt f\u00fcr zus\u00e4tzliche W\u00e4rme und Komfort.<br \/>\n Mehrzweckeinsatz: Ideal zum Schwimmen, f\u00fcr Strandausfl\u00fcge, zum Campen oder f\u00fcr jede andere Outdoor-Aktivit\u00e4t.<br \/>\n Zwei stilvolle Farboptionen: Erh\u00e4ltlich in Khaki\/Wei\u00df und Schwarz\/Grau.<br \/>\n Fronttasche &#8211; Praktische Aufbewahrung f\u00fcr kleine Dinge.<br \/>\n Tragetasche &#8211; Kompakt und praktisch f\u00fcr den einfachen Transport.  <\/p>\n","protected":false},"excerpt":{"rendered":"<p>Der Mikrofaser-Wickelmantel ist ein Muss f\u00fcr alle, die gerne im Freien aktiv sind. Der Bademantel aus Hochleistungsmikrofaser ist leicht, schnelltrocknend und sehr saugf\u00e4hig und sorgt daf\u00fcr, dass Sie nach dem Schwimmen oder Training im Freien warm und trocken bleiben. Durch sein kompaktes Design l\u00e4sst er sich leicht einpacken und mitnehmen, ideal f\u00fcr Reisen und Unternehmungen.    <\/p>\n<p>Mit einer ger\u00e4umigen Kapuze f\u00fcr zus\u00e4tzliche W\u00e4rme und einer gro\u00dfz\u00fcgigen Passform f\u00fcr einfaches Umziehen kombiniert dieser Bademantel Funktionalit\u00e4t mit Komfort. Egal, ob Sie am Strand, am Pool oder auf dem Campingplatz sind, der Mikrofaser-Wickelmantel ist Ihr zuverl\u00e4ssiger Begleiter, um sich abzutrocknen und gem\u00fctlich zu bleiben.   <\/p>\n","protected":false},"featured_media":65562,"template":"","meta":[],"product_brand":[],"product_cat":[280],"product_tag":[],"class_list":{"0":"post-65566","1":"product","2":"type-product","3":"status-publish","4":"has-post-thumbnail","6":"product_cat-accessories-swims-de","7":"pa_brand-zone3","9":"first","10":"instock","11":"shipping-taxable","12":"purchasable","13":"product-type-simple"},"_links":{"self":[{"href":"https:\/\/espacetriathlon.com\/de\/wp-json\/wp\/v2\/product\/65566","targetHints":{"allow":["GET"]}}],"collection":[{"href":"https:\/\/espacetriathlon.com\/de\/wp-json\/wp\/v2\/product"}],"about":[{"href":"https:\/\/espacetriathlon.com\/de\/wp-json\/wp\/v2\/types\/product"}],"version-history":[{"count":0,"href":"https:\/\/espacetriathlon.com\/de\/wp-json\/wp\/v2\/product\/65566\/revisions"}],"wp:featuredmedia":[{"embeddable":true,"href":"https:\/\/espacetriathlon.com\/de\/wp-json\/wp\/v2\/media\/65562"}],"wp:attachment":[{"href":"https:\/\/espacetriathlon.com\/de\/wp-json\/wp\/v2\/media?parent=65566"}],"wp:term":[{"taxonomy":"product_brand","embeddable":true,"href":"https:\/\/espacetriathlon.com\/de\/wp-json\/wp\/v2\/product_brand?post=65566"},{"taxonomy":"product_cat","embeddable":true,"href":"https:\/\/espacetriathlon.com\/de\/wp-json\/wp\/v2\/product_cat?post=65566"},{"taxonomy":"product_tag","embeddable":true,"href":"https:\/\/espacetriathlon.com\/de\/wp-json\/wp\/v2\/product_tag?post=65566"}],"curies":[{"name":"wp","href":"https:\/\/api.w.org\/{rel}","templated":true}]}}