{"id":65604,"date":"2026-04-07T20:00:31","date_gmt":"2026-04-07T20:00:31","guid":{"rendered":"https:\/\/espacetriathlon.com\/?post_type=product&#038;p=65604"},"modified":"2026-04-07T20:08:24","modified_gmt":"2026-04-07T20:08:24","slug":"vanquish-x-frauen","status":"publish","type":"product","link":"https:\/\/espacetriathlon.com\/de\/product\/vanquish-x-frauen\/","title":{"rendered":"Vanquish-X Frauen"},"content":{"rendered":"<p>Key Features<\/p>\n<p>  GLOBALE EXKLUSIVVEREINBARUNG mit der Yamamoto Corporation f\u00fcr die Verwendung von Bio-Gummi-Material.<br \/>\n  NEUES ALPHA TITANIUM LINING am Oberk\u00f6rper f\u00fcr bessere Durchblutung und W\u00e4rme sowie SILK X f\u00fcr sanftere \u00dcberg\u00e4nge.<br \/>\n  X-10 EXTREME SHOULDER PANEL Design mit neuem #40 SCS 1mm SCS nano.<br \/>\n  B.R.E BODY ROTATION ENHANCEMENT auf der Brust, um die Distanz pro Schlag zu verbessern.<br \/>\n  MAXIMUM BUOYANCY mit Aerodome und NBR-Platten.<br \/>\n  BRS MARK 0,3MM SCS am \u00c4rmel f\u00fcr eine ultraleichte Armdrehung.<br \/>\n  COOL-SPOT FOREARM PANELS f\u00fcr ein besseres Gef\u00fchl und einen besseren Fang im Wasser.<br \/>\n  Aktualisierungen des Kragens und des Beindesigns zur Verbesserung der Passform.<\/p>\n","protected":false},"excerpt":{"rendered":"<p>Bew\u00e4hrte Effizienz. Elite-Geschwindigkeit. <\/p>\n<p>Der Vanquish-X war der leistungsst\u00e4rkste Anzug in der unabh\u00e4ngigen Loughborough Sport Studie mit drei Athleten. Er lieferte messbare Verbesserungen in jeder Schl\u00fcsselmetrik &#8211; Effizienz, Geschwindigkeit und physiologische Belastung &#8211; und best\u00e4tigte damit seinen Leistungsvorteil auf Elite-Niveau.   <\/p>\n<p>Wichtigste Ergebnisse (Durchschnitt \u00fcber 3 Athleten)  <\/p>\n<p>+10,3 % Verbesserung der Effizienz  <\/p>\n<p>+5,2 % schneller \u00fcber 750 m  <\/p>\n<p>-25 % Reduzierung der physiologischen Belastung (Blutlaktat)  <\/p>\n<p>Interpretation:  <\/p>\n<p>Die durchschnittlichen Ergebnisse von drei Athleten zeigten, dass der Vanquish-X die gr\u00f6\u00dften Leistungs- und Effizienzsteigerungen bei den geringsten physiologischen Kosten lieferte. Diese Ergebnisse untermauern die Absicht des Designs: messbare, reale, marginale Verbesserungen f\u00fcr erfahrene Athleten zu liefern.   <\/p>\n","protected":false},"featured_media":65633,"template":"","meta":[],"product_brand":[],"product_cat":[1720],"product_tag":[],"class_list":{"0":"post-65604","1":"product","2":"type-product","3":"status-publish","4":"has-post-thumbnail","6":"product_cat-wetsuit-neopren-de-2","7":"pa_brand-zone3","9":"first","10":"instock","11":"shipping-taxable","12":"purchasable","13":"product-type-variable"},"_links":{"self":[{"href":"https:\/\/espacetriathlon.com\/de\/wp-json\/wp\/v2\/product\/65604","targetHints":{"allow":["GET"]}}],"collection":[{"href":"https:\/\/espacetriathlon.com\/de\/wp-json\/wp\/v2\/product"}],"about":[{"href":"https:\/\/espacetriathlon.com\/de\/wp-json\/wp\/v2\/types\/product"}],"version-history":[{"count":2,"href":"https:\/\/espacetriathlon.com\/de\/wp-json\/wp\/v2\/product\/65604\/revisions"}],"predecessor-version":[{"id":65637,"href":"https:\/\/espacetriathlon.com\/de\/wp-json\/wp\/v2\/product\/65604\/revisions\/65637"}],"wp:featuredmedia":[{"embeddable":true,"href":"https:\/\/espacetriathlon.com\/de\/wp-json\/wp\/v2\/media\/65633"}],"wp:attachment":[{"href":"https:\/\/espacetriathlon.com\/de\/wp-json\/wp\/v2\/media?parent=65604"}],"wp:term":[{"taxonomy":"product_brand","embeddable":true,"href":"https:\/\/espacetriathlon.com\/de\/wp-json\/wp\/v2\/product_brand?post=65604"},{"taxonomy":"product_cat","embeddable":true,"href":"https:\/\/espacetriathlon.com\/de\/wp-json\/wp\/v2\/product_cat?post=65604"},{"taxonomy":"product_tag","embeddable":true,"href":"https:\/\/espacetriathlon.com\/de\/wp-json\/wp\/v2\/product_tag?post=65604"}],"curies":[{"name":"wp","href":"https:\/\/api.w.org\/{rel}","templated":true}]}}