{"id":65667,"date":"2026-04-08T19:36:34","date_gmt":"2026-04-08T19:36:34","guid":{"rendered":"https:\/\/espacetriathlon.com\/product\/thermo-tech-schwimmhandschuhe\/"},"modified":"2026-04-08T19:36:34","modified_gmt":"2026-04-08T19:36:34","slug":"thermo-tech-schwimmhandschuhe","status":"publish","type":"product","link":"https:\/\/espacetriathlon.com\/de\/product\/thermo-tech-schwimmhandschuhe\/","title":{"rendered":"Thermo-tech Schwimmhandschuhe"},"content":{"rendered":"","protected":false},"excerpt":{"rendered":"<p><span id=\"prodDescEn\" class=\"\">Die Hauptfunktion der Thermo Tech Warmth Swim Mitts besteht darin, das An- und Ausziehen der F\u00e4ustlinge zu erleichtern. Sie eignen sich f\u00fcr extrem kalte Bedingungen, wo sie \u00fcber Neoprenhandschuhen getragen werden k\u00f6nnen, um Ihre H\u00e4nde vor K\u00e4lte zu sch\u00fctzen. Mit 3,5 mm Neopren und einer doppelt gef\u00fctterten Handfl\u00e4che f\u00fcr zus\u00e4tzliche W\u00e4rme und einem aufgedruckten Gripper auf den Handfl\u00e4chen f\u00fcr zus\u00e4tzliche Griffigkeit. Das verl\u00e4ngerte Handgelenk f\u00fcr zus\u00e4tzliche Abdeckung erm\u00f6glicht es Ihnen, dank des gepolsterten Neoprenmaterials und des sicheren Sitzes warm und trocken zu bleiben.   <\/span><\/p>\n","protected":false},"featured_media":65659,"template":"","meta":[],"product_brand":[],"product_cat":[271],"product_tag":[],"class_list":{"0":"post-65667","1":"product","2":"type-product","3":"status-publish","4":"has-post-thumbnail","6":"product_cat-openwater-de","7":"pa_brand-zone3","8":"pa_size-s-de","9":"pa_size-m-de","10":"pa_size-l-de","12":"first","13":"instock","14":"shipping-taxable","15":"purchasable","16":"product-type-variable"},"_links":{"self":[{"href":"https:\/\/espacetriathlon.com\/de\/wp-json\/wp\/v2\/product\/65667","targetHints":{"allow":["GET"]}}],"collection":[{"href":"https:\/\/espacetriathlon.com\/de\/wp-json\/wp\/v2\/product"}],"about":[{"href":"https:\/\/espacetriathlon.com\/de\/wp-json\/wp\/v2\/types\/product"}],"version-history":[{"count":0,"href":"https:\/\/espacetriathlon.com\/de\/wp-json\/wp\/v2\/product\/65667\/revisions"}],"wp:featuredmedia":[{"embeddable":true,"href":"https:\/\/espacetriathlon.com\/de\/wp-json\/wp\/v2\/media\/65659"}],"wp:attachment":[{"href":"https:\/\/espacetriathlon.com\/de\/wp-json\/wp\/v2\/media?parent=65667"}],"wp:term":[{"taxonomy":"product_brand","embeddable":true,"href":"https:\/\/espacetriathlon.com\/de\/wp-json\/wp\/v2\/product_brand?post=65667"},{"taxonomy":"product_cat","embeddable":true,"href":"https:\/\/espacetriathlon.com\/de\/wp-json\/wp\/v2\/product_cat?post=65667"},{"taxonomy":"product_tag","embeddable":true,"href":"https:\/\/espacetriathlon.com\/de\/wp-json\/wp\/v2\/product_tag?post=65667"}],"curies":[{"name":"wp","href":"https:\/\/api.w.org\/{rel}","templated":true}]}}