{"id":65705,"date":"2026-04-08T19:43:03","date_gmt":"2026-04-08T19:43:03","guid":{"rendered":"https:\/\/espacetriathlon.com\/product\/heat-tech-badekappe\/"},"modified":"2026-04-08T19:43:03","modified_gmt":"2026-04-08T19:43:03","slug":"heat-tech-badekappe","status":"publish","type":"product","link":"https:\/\/espacetriathlon.com\/de\/product\/heat-tech-badekappe\/","title":{"rendered":"Heat-Tech Badekappe"},"content":{"rendered":"<h2><strong><span data-preserver-spaces=\"true\">DIE DETAILS:<\/span><\/strong><\/h2>\n<ul>\n<li><span data-preserver-spaces=\"true\">Heat-tech Futter f\u00fcr verbesserte thermische Eigenschaften<\/span><\/li>\n<li><span data-preserver-spaces=\"true\">Klettverschlussband unter dem Kinn<\/span><\/li>\n<li><span data-preserver-spaces=\"true\">Hochwertiges 4mm Yamamoto Glattleder Material<\/span><\/li>\n<li><span data-preserver-spaces=\"true\">Teil einer Neopren-Zubeh\u00f6rserie, die f\u00fcr das ganzj\u00e4hrige Training entwickelt wurde<\/span><\/li>\n<\/ul>\n<h2><strong><span data-preserver-spaces=\"true\">DIE VORTEILE:<br \/>\n<\/span><\/strong><\/h2>\n<ul>\n<li><span data-preserver-spaces=\"true\">Geeignet f\u00fcr eine Vielzahl von Kopfgr\u00f6\u00dfen<\/span><\/li>\n<li><span data-preserver-spaces=\"true\">Erh\u00f6hte W\u00e4rme f\u00fcr Ihre k\u00e4ltesten Freiwasserschwimmen<\/span><\/li>\n<li><span data-preserver-spaces=\"true\">Hydrodynamisches Design mit geringem Widerstand<\/span><\/li>\n<\/ul>\n","protected":false},"excerpt":{"rendered":"<p><span id=\"prodDescEn\" class=\"\"><span data-preserver-spaces=\"true\">Jeder, der beim Schwimmen in kaltem Wasser schon einmal einen &#8220;Hirnfrost&#8221; erlebt hat, wei\u00df, wie wertvoll Triathlon-Sch\u00e4delm\u00fctzen sein k\u00f6nnen, um Sie in Schwung zu bringen! Unsere Neopren Heat-Tech Warmth Swim Cap bietet eine Fleece-gef\u00fctterte Isolierung und sorgt gleichzeitig f\u00fcr eine optimale Hydrodynamik im Wasser. <\/span><\/span><\/p>\n","protected":false},"featured_media":65681,"template":"","meta":[],"product_brand":[],"product_cat":[271],"product_tag":[],"class_list":{"0":"post-65705","1":"product","2":"type-product","3":"status-publish","4":"has-post-thumbnail","6":"product_cat-openwater-de","7":"pa_brand-zone3","8":"pa_size-s-de","9":"pa_size-m-de","10":"pa_size-l-de","12":"first","13":"instock","14":"shipping-taxable","15":"purchasable","16":"product-type-variable"},"_links":{"self":[{"href":"https:\/\/espacetriathlon.com\/de\/wp-json\/wp\/v2\/product\/65705","targetHints":{"allow":["GET"]}}],"collection":[{"href":"https:\/\/espacetriathlon.com\/de\/wp-json\/wp\/v2\/product"}],"about":[{"href":"https:\/\/espacetriathlon.com\/de\/wp-json\/wp\/v2\/types\/product"}],"version-history":[{"count":0,"href":"https:\/\/espacetriathlon.com\/de\/wp-json\/wp\/v2\/product\/65705\/revisions"}],"wp:featuredmedia":[{"embeddable":true,"href":"https:\/\/espacetriathlon.com\/de\/wp-json\/wp\/v2\/media\/65681"}],"wp:attachment":[{"href":"https:\/\/espacetriathlon.com\/de\/wp-json\/wp\/v2\/media?parent=65705"}],"wp:term":[{"taxonomy":"product_brand","embeddable":true,"href":"https:\/\/espacetriathlon.com\/de\/wp-json\/wp\/v2\/product_brand?post=65705"},{"taxonomy":"product_cat","embeddable":true,"href":"https:\/\/espacetriathlon.com\/de\/wp-json\/wp\/v2\/product_cat?post=65705"},{"taxonomy":"product_tag","embeddable":true,"href":"https:\/\/espacetriathlon.com\/de\/wp-json\/wp\/v2\/product_tag?post=65705"}],"curies":[{"name":"wp","href":"https:\/\/api.w.org\/{rel}","templated":true}]}}