{"id":65728,"date":"2026-04-08T20:02:28","date_gmt":"2026-04-08T20:02:28","guid":{"rendered":"https:\/\/espacetriathlon.com\/product\/active-flex-schwimmsocken\/"},"modified":"2026-04-08T20:02:28","modified_gmt":"2026-04-08T20:02:28","slug":"active-flex-schwimmsocken","status":"publish","type":"product","link":"https:\/\/espacetriathlon.com\/de\/product\/active-flex-schwimmsocken\/","title":{"rendered":"Active-Flex Schwimmsocken"},"content":{"rendered":"<div id=\"shopify-section-template--25852196487549__zone3_text_cMzMjh\" class=\"shopify-section zone3__section-title\">\n<div id=\"zone3-section-text-template--25852196487549__zone3_text_cMzMjh\" class=\"zone3__section-text\">\n<div class=\"zone3__section-text__inner px-4 md:px-8 grid grid-cols-12 gap-8 w-full\">\n<div>\n<div class=\" spacing-style text-block text-block--AdGlxc2M2K1BVL3UyZ__text_4BKn3F custom text-block--align-left text-block--full-width custom-typography custom-font-size custom-color \">\n<p>Key Features<\/p>\n<\/div>\n<\/div>\n<\/div>\n<\/div>\n<\/div>\n<div id=\"shopify-section-template--25852196487549__zone3_text_J9fTnx\" class=\"shopify-section zone3__section-title\">\n<div id=\"zone3-section-text-template--25852196487549__zone3_text_J9fTnx\" class=\"zone3__section-text\">\n<div class=\"zone3__section-text__inner px-4 md:px-8 grid grid-cols-12 gap-8 w-full\">\n<div>\n<div class=\" spacing-style text-block text-block--AUHpEMFdINW9zZHpYV__text_DqGhKT custom text-block--align-left text-block--full-width custom-typography custom-font-size custom-color \">\n<div class=\"metafield-rich_text_field\">\n<ol>\n<li><strong>3mm warmes und dehnbares Neopren:<\/strong> Bietet W\u00e4rmeisolierung und Flexibilit\u00e4t.<\/li>\n<li><strong>Strapazierf\u00e4hige, ergonomische Sohle:<\/strong> Verbessert den Komfort und die Abriebfestigkeit.<\/li>\n<li><strong>Geteiltes Zehendesign:<\/strong> Verbessert den Halt, den Komfort und reduziert die Erm\u00fcdung der F\u00fc\u00dfe.<\/li>\n<li><strong>Erweiterte Manschettenl\u00e4nge<\/strong> &#8211; Bietet zus\u00e4tzliche W\u00e4rme und Schutz.<\/li>\n<li><strong>Verstellbarer Klettverschluss<\/strong> &#8211; Sichert die Passform und verhindert Bewegungen und Verrutschen<\/li>\n<\/ol>\n<\/div>\n<\/div>\n<\/div>\n<\/div>\n<\/div>\n<\/div>\n","protected":false},"excerpt":{"rendered":"<p>Die Active-Flex Neoprensocken bieten 3 mm W\u00e4rmeisolierung f\u00fcr W\u00e4rme und Flexibilit\u00e4t im Wasser. Sie wurden f\u00fcr Komfort und Strapazierf\u00e4higkeit entwickelt und verf\u00fcgen \u00fcber eine strapazierf\u00e4hige, ergonomische Sohle, die den Halt und den Schutz verbessert. Das geteilte Zehendesign verbessert die Stabilit\u00e4t und Kontrolle, insbesondere bei Boardsportarten. Geklebte und blindgen\u00e4hte N\u00e4hte sorgen f\u00fcr eine wasserdichte Abdichtung und halten die F\u00fc\u00dfe warm und gesch\u00fctzt. Ein verstellbarer Klettverschluss sorgt f\u00fcr einen sicheren Sitz und verhindert, dass die Socken w\u00e4hrend der Aktivit\u00e4t verrutschen oder abrutschen. Perfekt zum Schwimmen, Surfen, Paddleboarding und anderen Wassersportarten.     <\/p>\n","protected":false},"featured_media":65719,"template":"","meta":[],"product_brand":[],"product_cat":[271],"product_tag":[],"class_list":{"0":"post-65728","1":"product","2":"type-product","3":"status-publish","4":"has-post-thumbnail","6":"product_cat-openwater-de","7":"pa_brand-zone3","8":"pa_size-s-de","9":"pa_size-m-de","10":"pa_size-l-de","12":"first","13":"instock","14":"shipping-taxable","15":"purchasable","16":"product-type-variable"},"_links":{"self":[{"href":"https:\/\/espacetriathlon.com\/de\/wp-json\/wp\/v2\/product\/65728","targetHints":{"allow":["GET"]}}],"collection":[{"href":"https:\/\/espacetriathlon.com\/de\/wp-json\/wp\/v2\/product"}],"about":[{"href":"https:\/\/espacetriathlon.com\/de\/wp-json\/wp\/v2\/types\/product"}],"version-history":[{"count":0,"href":"https:\/\/espacetriathlon.com\/de\/wp-json\/wp\/v2\/product\/65728\/revisions"}],"wp:featuredmedia":[{"embeddable":true,"href":"https:\/\/espacetriathlon.com\/de\/wp-json\/wp\/v2\/media\/65719"}],"wp:attachment":[{"href":"https:\/\/espacetriathlon.com\/de\/wp-json\/wp\/v2\/media?parent=65728"}],"wp:term":[{"taxonomy":"product_brand","embeddable":true,"href":"https:\/\/espacetriathlon.com\/de\/wp-json\/wp\/v2\/product_brand?post=65728"},{"taxonomy":"product_cat","embeddable":true,"href":"https:\/\/espacetriathlon.com\/de\/wp-json\/wp\/v2\/product_cat?post=65728"},{"taxonomy":"product_tag","embeddable":true,"href":"https:\/\/espacetriathlon.com\/de\/wp-json\/wp\/v2\/product_tag?post=65728"}],"curies":[{"name":"wp","href":"https:\/\/api.w.org\/{rel}","templated":true}]}}