{"id":65754,"date":"2026-04-08T20:16:27","date_gmt":"2026-04-08T20:16:27","guid":{"rendered":"https:\/\/espacetriathlon.com\/product\/active-flex-schwimmhandschuhe\/"},"modified":"2026-04-08T20:16:27","modified_gmt":"2026-04-08T20:16:27","slug":"active-flex-schwimmhandschuhe","status":"publish","type":"product","link":"https:\/\/espacetriathlon.com\/de\/product\/active-flex-schwimmhandschuhe\/","title":{"rendered":"Active-Flex Schwimmhandschuhe"},"content":{"rendered":"<div id=\"shopify-section-template--25852196487549__zone3_text_cMzMjh\" class=\"shopify-section zone3__section-title\">\n<div id=\"zone3-section-text-template--25852196487549__zone3_text_cMzMjh\" class=\"zone3__section-text\">\n<div class=\"zone3__section-text__inner px-4 md:px-8 grid grid-cols-12 gap-8 w-full\">\n<div>\n<div class=\" spacing-style text-block text-block--AdGlxc2M2K1BVL3UyZ__text_4BKn3F custom text-block--align-left text-block--full-width custom-typography custom-font-size custom-color \">\n<p>Key Features<\/p>\n<\/div>\n<\/div>\n<\/div>\n<\/div>\n<\/div>\n<div id=\"shopify-section-template--25852196487549__zone3_text_J9fTnx\" class=\"shopify-section zone3__section-title\">\n<div id=\"zone3-section-text-template--25852196487549__zone3_text_J9fTnx\" class=\"zone3__section-text\">\n<div class=\"zone3__section-text__inner px-4 md:px-8 grid grid-cols-12 gap-8 w-full\">\n<div>\n<div class=\" spacing-style text-block text-block--AUHpEMFdINW9zZHpYV__text_DqGhKT custom text-block--align-left text-block--full-width custom-typography custom-font-size custom-color \">\n<div class=\"metafield-rich_text_field\">\n<ol>\n<li><strong>Multi-Sport Design: <\/strong>Ideal zum Schwimmen, SUP, Surfen, Kanufahren und f\u00fcr andere Wassersportarten.<\/li>\n<li><strong>3mm warmes und dehnbares Neopren:<\/strong> W\u00e4rmeisolierung bei voller Flexibilit\u00e4t.<\/li>\n<li><strong>Gripy Raised Ink Palm:<\/strong> Verbessert die Griffigkeit bei nassen und rutschigen Bedingungen.<\/li>\n<li><strong>Wasserdichte N\u00e4hte:<\/strong> Verhindert das Eindringen von Wasser f\u00fcr dauerhafte W\u00e4rme und Komfort.<\/li>\n<li><strong>Erweiterte Handgelenkl\u00e4nge<\/strong> &#8211; Bietet zus\u00e4tzliche Abdeckung und W\u00e4rme.<\/li>\n<li><strong>Klettverschluss:<\/strong> Verhindert Bewegungen und Verrutschen und sorgt f\u00fcr einen sicheren, festen Sitz<\/li>\n<\/ol>\n<\/div>\n<\/div>\n<\/div>\n<\/div>\n<\/div>\n<\/div>\n","protected":false},"excerpt":{"rendered":"<p>Die Active-Flex Neoprenhandschuhe wurden f\u00fcr k\u00e4ltere Bedingungen entwickelt und bieten 3 mm W\u00e4rmeisolierung bei gleichzeitiger Flexibilit\u00e4t. Die griffige, hochgezogene Handfl\u00e4che verbessert die Griffigkeit bei nassen Bedingungen und ist damit ideal f\u00fcr Paddelsportarten und Surfen, wo ein hohes Ma\u00df an Kontrolle unerl\u00e4sslich ist. Die hochwertigen geklebten und blindgen\u00e4hten N\u00e4hte gew\u00e4hrleisten eine wasserdichte Abdichtung f\u00fcr zuverl\u00e4ssige W\u00e4rme. Diese Handschuhe bieten sowohl Komfort als auch Strapazierf\u00e4higkeit, damit Ihre H\u00e4nde bei jeder Session gesch\u00fctzt sind.   <\/p>\n","protected":false},"featured_media":65746,"template":"","meta":[],"product_brand":[],"product_cat":[271],"product_tag":[],"class_list":{"0":"post-65754","1":"product","2":"type-product","3":"status-publish","4":"has-post-thumbnail","6":"product_cat-openwater-de","7":"pa_brand-zone3","8":"pa_size-s-de","9":"pa_size-m-de","10":"pa_size-l-de","12":"first","13":"instock","14":"shipping-taxable","15":"purchasable","16":"product-type-variable"},"_links":{"self":[{"href":"https:\/\/espacetriathlon.com\/de\/wp-json\/wp\/v2\/product\/65754","targetHints":{"allow":["GET"]}}],"collection":[{"href":"https:\/\/espacetriathlon.com\/de\/wp-json\/wp\/v2\/product"}],"about":[{"href":"https:\/\/espacetriathlon.com\/de\/wp-json\/wp\/v2\/types\/product"}],"version-history":[{"count":0,"href":"https:\/\/espacetriathlon.com\/de\/wp-json\/wp\/v2\/product\/65754\/revisions"}],"wp:featuredmedia":[{"embeddable":true,"href":"https:\/\/espacetriathlon.com\/de\/wp-json\/wp\/v2\/media\/65746"}],"wp:attachment":[{"href":"https:\/\/espacetriathlon.com\/de\/wp-json\/wp\/v2\/media?parent=65754"}],"wp:term":[{"taxonomy":"product_brand","embeddable":true,"href":"https:\/\/espacetriathlon.com\/de\/wp-json\/wp\/v2\/product_brand?post=65754"},{"taxonomy":"product_cat","embeddable":true,"href":"https:\/\/espacetriathlon.com\/de\/wp-json\/wp\/v2\/product_cat?post=65754"},{"taxonomy":"product_tag","embeddable":true,"href":"https:\/\/espacetriathlon.com\/de\/wp-json\/wp\/v2\/product_tag?post=65754"}],"curies":[{"name":"wp","href":"https:\/\/api.w.org\/{rel}","templated":true}]}}