{"id":65772,"date":"2026-04-08T20:22:57","date_gmt":"2026-04-08T20:22:57","guid":{"rendered":"https:\/\/espacetriathlon.com\/product\/active-flex-schwimm-muetzen\/"},"modified":"2026-04-08T20:22:57","modified_gmt":"2026-04-08T20:22:57","slug":"active-flex-schwimm-muetzen","status":"publish","type":"product","link":"https:\/\/espacetriathlon.com\/de\/product\/active-flex-schwimm-muetzen\/","title":{"rendered":"Active-Flex-Schwimm-M\u00fctzen"},"content":{"rendered":"<div id=\"shopify-section-template--25852196487549__zone3_text_cMzMjh\" class=\"shopify-section zone3__section-title\">\n<div id=\"zone3-section-text-template--25852196487549__zone3_text_cMzMjh\" class=\"zone3__section-text\">\n<div class=\"zone3__section-text__inner px-4 md:px-8 grid grid-cols-12 gap-8 w-full\">\n<div>\n<div class=\" spacing-style text-block text-block--AdGlxc2M2K1BVL3UyZ__text_4BKn3F custom text-block--align-left text-block--full-width custom-typography custom-font-size custom-color \">\n<p>Key Features<\/p>\n<\/div>\n<\/div>\n<\/div>\n<\/div>\n<\/div>\n<div id=\"shopify-section-template--25852196487549__zone3_text_J9fTnx\" class=\"shopify-section zone3__section-title\">\n<div id=\"zone3-section-text-template--25852196487549__zone3_text_J9fTnx\" class=\"zone3__section-text\">\n<div class=\"zone3__section-text__inner px-4 md:px-8 grid grid-cols-12 gap-8 w-full\">\n<div>\n<div class=\" spacing-style text-block text-block--AUHpEMFdINW9zZHpYV__text_DqGhKT custom text-block--align-left text-block--full-width custom-typography custom-font-size custom-color \">\n<div class=\"metafield-rich_text_field\">\n<ol>\n<li><strong>2mm warmes und dehnbares Neopren<\/strong>: Bietet W\u00e4rmeisolierung und Flexibilit\u00e4t.<\/li>\n<li><strong>Verstellbarer Saum<\/strong>: Sorgt f\u00fcr eine bequeme und enge Passform.<\/li>\n<li><strong>Wasserdichte N\u00e4hte<\/strong>: H\u00e4lt Wasser ab und sorgt f\u00fcr dauerhafte W\u00e4rme und Komfort.<\/li>\n<\/ol>\n<\/div>\n<\/div>\n<\/div>\n<\/div>\n<\/div>\n<\/div>\n","protected":false},"excerpt":{"rendered":"<p>Die Active-Flex Neoprenm\u00fctze bietet hervorragende W\u00e4rmeisolierung und Komfort. Sie besteht aus 2 mm dehnbarem Neopren und w\u00e4rmt, ohne die Bewegungsfreiheit einzuschr\u00e4nken. Der verstellbare Saum sorgt f\u00fcr eine sichere Passform, w\u00e4hrend geklebte und blindgen\u00e4hte N\u00e4hte Wasser abhalten und so f\u00fcr zuverl\u00e4ssigen Schutz bei k\u00e4lteren Bedingungen sorgen. Diese M\u00fctze eignet sich perfekt f\u00fcr eine Reihe von wasserbasierten Aktivit\u00e4ten und ist ein unverzichtbares Accessoire f\u00fcr Outdoor-Enthusiasten.   <\/p>\n","protected":false},"featured_media":65767,"template":"","meta":[],"product_brand":[],"product_cat":[271],"product_tag":[],"class_list":{"0":"post-65772","1":"product","2":"type-product","3":"status-publish","4":"has-post-thumbnail","6":"product_cat-openwater-de","7":"pa_brand-zone3","8":"pa_size_cap-s-m-de","9":"pa_size_cap-l-xl-de","11":"first","12":"instock","13":"shipping-taxable","14":"purchasable","15":"product-type-variable"},"_links":{"self":[{"href":"https:\/\/espacetriathlon.com\/de\/wp-json\/wp\/v2\/product\/65772","targetHints":{"allow":["GET"]}}],"collection":[{"href":"https:\/\/espacetriathlon.com\/de\/wp-json\/wp\/v2\/product"}],"about":[{"href":"https:\/\/espacetriathlon.com\/de\/wp-json\/wp\/v2\/types\/product"}],"version-history":[{"count":0,"href":"https:\/\/espacetriathlon.com\/de\/wp-json\/wp\/v2\/product\/65772\/revisions"}],"wp:featuredmedia":[{"embeddable":true,"href":"https:\/\/espacetriathlon.com\/de\/wp-json\/wp\/v2\/media\/65767"}],"wp:attachment":[{"href":"https:\/\/espacetriathlon.com\/de\/wp-json\/wp\/v2\/media?parent=65772"}],"wp:term":[{"taxonomy":"product_brand","embeddable":true,"href":"https:\/\/espacetriathlon.com\/de\/wp-json\/wp\/v2\/product_brand?post=65772"},{"taxonomy":"product_cat","embeddable":true,"href":"https:\/\/espacetriathlon.com\/de\/wp-json\/wp\/v2\/product_cat?post=65772"},{"taxonomy":"product_tag","embeddable":true,"href":"https:\/\/espacetriathlon.com\/de\/wp-json\/wp\/v2\/product_tag?post=65772"}],"curies":[{"name":"wp","href":"https:\/\/api.w.org\/{rel}","templated":true}]}}