{"id":65791,"date":"2026-04-09T13:52:55","date_gmt":"2026-04-09T13:52:55","guid":{"rendered":"https:\/\/espacetriathlon.com\/?post_type=product&#038;p=65791"},"modified":"2026-04-09T13:56:55","modified_gmt":"2026-04-09T13:56:55","slug":"ubergangsrucksack-navy-orange","status":"publish","type":"product","link":"https:\/\/espacetriathlon.com\/de\/product\/ubergangsrucksack-navy-orange\/","title":{"rendered":"\u00dcbergangsrucksack Navy \/ Orange"},"content":{"rendered":"<p>40L Kapazit\u00e4t: Ger\u00e4umiges Hauptfach f\u00fcr Kleidung, Schuhe, Accessoires und Trainingsausr\u00fcstung.<br \/>\nWasserdichtes Neoprenanzug-Fach: Der vollst\u00e4ndig versiegelte untere Bereich isoliert nasse Ausr\u00fcstung, damit der Rest Ihrer Ausr\u00fcstung trocken bleibt.<br \/>\nStrapazierf\u00e4hige Polyester- und PVC-Konstruktion: Robuste Au\u00dfenmaterialien kombiniert mit einem PU-beschichteten Futter f\u00fcr lang anhaltenden Schutz.<br \/>\nAtmungsaktives gepolstertes Tragesystem: Mit Mesh gef\u00fctterte R\u00fcckenplatte und Schultergurte sorgen f\u00fcr Komfort bei l\u00e4ngeren Tragezeiten.<br \/>\nErgonomisch verstellbare Gurte mit Brustgurt: Hilft, die Last zu stabilisieren und den Tragekomfort zu verbessern.<br \/>\nTriathlon-spezifische Organisation: Dreistufiges Layout zur Trennung von Schwimm-, Rad- und Laufausr\u00fcstung.<br \/>\nHelmbefestigungspunkte: Externe D-Ringe erm\u00f6glichen das sichere Tragen des Helms auf dem Weg zum und vom Training.<br \/>\nExterne Mesh-Halterungen: Die Seitentaschen bieten schnellen Zugriff auf Wasserflaschen oder kleine Gegenst\u00e4nde.<br \/>\nLeicht zug\u00e4ngliche Smartphone-Tasche: Bequeme und sch\u00fctzende Aufbewahrung f\u00fcr Wertsachen.<br \/>\nKompatibel mit dem Handgep\u00e4ck von Fluggesellschaften: Passend zur Gr\u00f6\u00dfe<\/p>\n","protected":false},"excerpt":{"rendered":"<p>Der Transition Backpack wurde entwickelt, um die Anforderungen der Triathlonvorbereitung zu vereinfachen. Er verf\u00fcgt \u00fcber ein strukturiertes, dreigeteiltes Layout, das Neoprenanz\u00fcge, Kleidung, Zubeh\u00f6r und Wertsachen f\u00fcr effizientes Packen vor und nach dem Training oder Rennen trennt. Ein vollst\u00e4ndig wasserdichtes unteres Fach isoliert nasse oder benutzte Ausr\u00fcstung und sorgt daf\u00fcr, dass der Hauptstauraum sauber und trocken bleibt.<\/p>\n<p>Strapazierf\u00e4hige Au\u00dfenmaterialien aus Polyester und PVC sorgen f\u00fcr strukturelle Festigkeit und Wetterbest\u00e4ndigkeit, w\u00e4hrend ein PU-beschichtetes Innenfutter mit versiegelten N\u00e4hten zuverl\u00e4ssigen Schutz vor Feuchtigkeit bietet. Das gro\u00dfz\u00fcgige Fassungsverm\u00f6gen von 40 Litern wird von einem breiten, stabilen Boden unterst\u00fctzt, so dass die Tasche beim Packen oder beim Zugriff auf F\u00e4cher aufrecht stehen bleibt.<br \/>\nZone3<\/p>\n","protected":false},"featured_media":65804,"template":"","meta":[],"product_brand":[],"product_cat":[1712,326],"product_tag":[],"class_list":{"0":"post-65791","1":"product","2":"type-product","3":"status-publish","4":"has-post-thumbnail","6":"product_cat-accessories-tri-de-2","7":"product_cat-bags-de","8":"pa_brand-zone3","10":"first","11":"instock","12":"shipping-taxable","13":"purchasable","14":"product-type-simple"},"_links":{"self":[{"href":"https:\/\/espacetriathlon.com\/de\/wp-json\/wp\/v2\/product\/65791","targetHints":{"allow":["GET"]}}],"collection":[{"href":"https:\/\/espacetriathlon.com\/de\/wp-json\/wp\/v2\/product"}],"about":[{"href":"https:\/\/espacetriathlon.com\/de\/wp-json\/wp\/v2\/types\/product"}],"version-history":[{"count":2,"href":"https:\/\/espacetriathlon.com\/de\/wp-json\/wp\/v2\/product\/65791\/revisions"}],"predecessor-version":[{"id":65812,"href":"https:\/\/espacetriathlon.com\/de\/wp-json\/wp\/v2\/product\/65791\/revisions\/65812"}],"wp:featuredmedia":[{"embeddable":true,"href":"https:\/\/espacetriathlon.com\/de\/wp-json\/wp\/v2\/media\/65804"}],"wp:attachment":[{"href":"https:\/\/espacetriathlon.com\/de\/wp-json\/wp\/v2\/media?parent=65791"}],"wp:term":[{"taxonomy":"product_brand","embeddable":true,"href":"https:\/\/espacetriathlon.com\/de\/wp-json\/wp\/v2\/product_brand?post=65791"},{"taxonomy":"product_cat","embeddable":true,"href":"https:\/\/espacetriathlon.com\/de\/wp-json\/wp\/v2\/product_cat?post=65791"},{"taxonomy":"product_tag","embeddable":true,"href":"https:\/\/espacetriathlon.com\/de\/wp-json\/wp\/v2\/product_tag?post=65791"}],"curies":[{"name":"wp","href":"https:\/\/api.w.org\/{rel}","templated":true}]}}