{"id":65943,"date":"2026-04-17T18:33:22","date_gmt":"2026-04-17T18:33:22","guid":{"rendered":"https:\/\/espacetriathlon.com\/product\/aeroforce-x-ii-aero-wadenstruempfe\/"},"modified":"2026-04-17T18:33:22","modified_gmt":"2026-04-17T18:33:22","slug":"aeroforce-x-ii-aero-wadenstruempfe","status":"publish","type":"product","link":"https:\/\/espacetriathlon.com\/de\/product\/aeroforce-x-ii-aero-wadenstruempfe\/","title":{"rendered":"Aeroforce-X II Aero Wadenstr\u00fcmpfe"},"content":{"rendered":"<p>Hauptmerkmale<\/p>\n<p> Hergestellt von NOPINZ: Entwickelt von Spezialisten f\u00fcr aerodynamische Performance-Bekleidung.<br \/>\n Aerodynamische Optimierung der Unterschenkel: Entwickelt, um die Unterbrechung des Luftstroms um die Wade herum zu reduzieren und die Effizienz auf dem Rad zu verbessern.<br \/>\n Airflow-Engineered Fabric Construction: Unterst\u00fctzt eine kontrollierte Luftzirkulation bei hoher Geschwindigkeit, ohne den Komfort zu beeintr\u00e4chtigen.<br \/>\n Leichtes, schnelltrocknendes Performance-Gewebe: Minimiert die Wasseraufnahme und unterst\u00fctzt den Komfort am Renntag.<br \/>\n Atmungsaktive Mesh-Zonen: F\u00f6rdern die Bel\u00fcftung und Temperaturregulierung bei anhaltender Anstrengung.<br \/>\n Pr\u00e4zise Rennpassform: Konturierte Formgebung, die den Unterschenkel geschmeidig umschlie\u00dft, ohne die Bewegungsfreiheit einzuschr\u00e4nken.<br \/>\n Oberer Silikon-Greifer: Sorgt f\u00fcr eine sichere Positionierung w\u00e4hrend der gesamten Radstrecke.<\/p>\n","protected":false},"excerpt":{"rendered":"<p>Die Aeroforce-X II Aero Calf Sleeves wurden in Zusammenarbeit mit NOPINZ, einem f\u00fchrenden Unternehmen f\u00fcr aerodynamische Bekleidung, entwickelt, um den Luftstrom um die Wade bei hohen Geschwindigkeiten zu optimieren. Der Unterschenkel tr\u00e4gt erheblich zum Luftwiderstand bei, und die Verbesserung der Luftstr\u00f6mung in diesem Bereich kann die Gesamteffizienz des Fahrens \u00fcber die Renndistanz verbessern. <\/p>\n<p>Die \u00c4rmel bestehen aus einem leichten, schnell trocknenden technischen Gewebe, das eine kontrollierte Luftzirkulation unterst\u00fctzt und auch bei hoher Rennintensit\u00e4t atmungsaktiv bleibt. Integrierte Mesh-Zonen f\u00f6rdern die Bel\u00fcftung und Temperaturregulierung, ohne das aerodynamische Profil zu beeintr\u00e4chtigen. Die eng anliegende, konturierte Passform sorgt f\u00fcr einen reibungslosen \u00dcbergang zum Bein und hilft, Turbulenzen zu reduzieren, ohne die Bewegungsfreiheit einzuschr\u00e4nken.  <\/p>\n<p>Ein Silikongreifer an der oberen Manschette sorgt daf\u00fcr, dass die \u00c4rmel w\u00e4hrend der gesamten Radstrecke sicher an ihrem Platz bleiben und vom \u00dcbergang bis zum Abstieg eine konsistente Position beibehalten. Die exklusiv f\u00fcr den Wettkampf entwickelten Aeroforce-X II Aero Calf Sleeves spiegeln den rennerprobten Ansatz von NOPINZ f\u00fcr aerodynamische Leistung wider <\/p>\n","protected":false},"featured_media":65925,"template":"","meta":[],"product_brand":[],"product_cat":[1712,319],"product_tag":[],"class_list":{"0":"post-65943","1":"product","2":"type-product","3":"status-publish","4":"has-post-thumbnail","6":"product_cat-accessories-tri-de-2","7":"product_cat-bike-de","8":"pa_brand-zone3","9":"pa_size-m-de","10":"pa_size-l-de","12":"first","13":"instock","14":"shipping-taxable","15":"purchasable","16":"product-type-variable"},"_links":{"self":[{"href":"https:\/\/espacetriathlon.com\/de\/wp-json\/wp\/v2\/product\/65943","targetHints":{"allow":["GET"]}}],"collection":[{"href":"https:\/\/espacetriathlon.com\/de\/wp-json\/wp\/v2\/product"}],"about":[{"href":"https:\/\/espacetriathlon.com\/de\/wp-json\/wp\/v2\/types\/product"}],"version-history":[{"count":0,"href":"https:\/\/espacetriathlon.com\/de\/wp-json\/wp\/v2\/product\/65943\/revisions"}],"wp:featuredmedia":[{"embeddable":true,"href":"https:\/\/espacetriathlon.com\/de\/wp-json\/wp\/v2\/media\/65925"}],"wp:attachment":[{"href":"https:\/\/espacetriathlon.com\/de\/wp-json\/wp\/v2\/media?parent=65943"}],"wp:term":[{"taxonomy":"product_brand","embeddable":true,"href":"https:\/\/espacetriathlon.com\/de\/wp-json\/wp\/v2\/product_brand?post=65943"},{"taxonomy":"product_cat","embeddable":true,"href":"https:\/\/espacetriathlon.com\/de\/wp-json\/wp\/v2\/product_cat?post=65943"},{"taxonomy":"product_tag","embeddable":true,"href":"https:\/\/espacetriathlon.com\/de\/wp-json\/wp\/v2\/product_tag?post=65943"}],"curies":[{"name":"wp","href":"https:\/\/api.w.org\/{rel}","templated":true}]}}