{"id":66096,"date":"2026-04-25T16:07:19","date_gmt":"2026-04-25T16:07:19","guid":{"rendered":"https:\/\/espacetriathlon.com\/product\/stream-ss-tri-suit-maenner-weiss-blau-gruen\/"},"modified":"2026-04-25T16:07:19","modified_gmt":"2026-04-25T16:07:19","slug":"stream-ss-tri-suit-maenner-weiss-blau-gruen","status":"publish","type":"product","link":"https:\/\/espacetriathlon.com\/de\/product\/stream-ss-tri-suit-maenner-weiss-blau-gruen\/","title":{"rendered":"Stream SS Tri Suit M\u00e4nner Wei\u00df\/Blau\/Gr\u00fcn"},"content":{"rendered":"<p>Der SS Stream Tri Suit f\u00fcr Herren geh\u00f6rt zu unserer komplett \u00fcberarbeiteten Triathlon-Kollektion und verbindet modernste Materialien mit au\u00dfergew\u00f6hnlichem Komfort, damit Sie bei jeder Disziplin konzentriert und schnell bleiben. Der Anzug wurde in Zusammenarbeit mit unseren Profi-Athleten entwickelt und im Windkanal getestet. Er besteht aus hochentwickeltem Payen-Garn f\u00fcr au\u00dfergew\u00f6hnliche Thermoregulierung, Feuchtigkeitsmanagement und Atmungsaktivit\u00e4t auf Ihrem Weg zur Ziellinie. Das tri-spezifische Design umfasst ultrabel\u00fcftete Mesh-Bereiche am R\u00fccken, entlang des Frontrei\u00dfverschlusses und an den Beinen, um die Luftzirkulation bei intensiven Anstrengungen zu verbessern. Die charakteristische Haltungsunterst\u00fctzung ist integriert, um Ihnen am Ende des Rennens einen zus\u00e4tzlichen Vorteil zu verschaffen, w\u00e4hrend die cleveren Armausschnitte und dehnbaren \u00c4rmeln\u00e4hte so positioniert sind, dass sie kein Scheuern verursachen und optimale Bewegungsfreiheit in jeder Disziplin gew\u00e4hrleisten. Die Verdoppelung auf der unteren Vorderseite bietet zus\u00e4tzliche Blickdichte, w\u00e4hrend strategisch platzierte Aero.Stripes an den \u00c4rmeln und Beinen den Luftwiderstand reduzieren, um die Geschwindigkeit auf der Radstrecke zu maximieren. Dieser Anzug verf\u00fcgt au\u00dferdem \u00fcber einen durchgehenden, offenen Rei\u00dfverschluss mit Schutzdopplung und Lasche f\u00fcr optimale Thermoregulierung, wenn es auf der Rennstrecke hei\u00df hergeht. Ein komprimierender und dennoch flexibler G\u00fcrtel um die Taille st\u00fctzt die Muskeln und bietet bequemen Stauraum f\u00fcr Nahrung oder kleine Dinge, w\u00e4hrend zwei zus\u00e4tzliche Taschen auf der R\u00fcckseite einen einfachen Zugang zu Gels bieten. Und nicht zuletzt ist das Multi-Density-Polster mit antibakteriellem Graphen-Garn durchzogen, das f\u00fcr au\u00dfergew\u00f6hnlichen Komfort und Unterst\u00fctzung bei Ihren l\u00e4ngsten Rennen sorgt. Sie machen keinen Triathlon, wenn Sie nicht bis zum Ende durchhalten, und der SS Stream Tri Suit ist da, um Sie vom Wasser bis zum Zielbogen zu unterst\u00fctzen. Das Rennen geh\u00f6rt Ihnen.         <\/p>\n","protected":false},"excerpt":{"rendered":"<p>Hochleistungs-Triathlonanzug f\u00fcr M\u00e4nner mit aerodynamischem Material, Bel\u00fcftung und gezieltem Komfort, damit Sie in jeder Disziplin Ihr Bestes geben k\u00f6nnen<br \/>\nCompressport<\/p>\n","protected":false},"featured_media":66032,"template":"","meta":[],"product_brand":[],"product_cat":[314],"product_tag":[],"class_list":{"0":"post-66096","1":"product","2":"type-product","3":"status-publish","4":"has-post-thumbnail","6":"product_cat-gear-de","7":"pa_brand-compressport-de","8":"pa_size-s-de","9":"pa_size-m-de","10":"pa_size-l-de","11":"pa_size-xl-de","13":"first","14":"instock","15":"shipping-taxable","16":"purchasable","17":"product-type-variable"},"_links":{"self":[{"href":"https:\/\/espacetriathlon.com\/de\/wp-json\/wp\/v2\/product\/66096","targetHints":{"allow":["GET"]}}],"collection":[{"href":"https:\/\/espacetriathlon.com\/de\/wp-json\/wp\/v2\/product"}],"about":[{"href":"https:\/\/espacetriathlon.com\/de\/wp-json\/wp\/v2\/types\/product"}],"version-history":[{"count":0,"href":"https:\/\/espacetriathlon.com\/de\/wp-json\/wp\/v2\/product\/66096\/revisions"}],"wp:featuredmedia":[{"embeddable":true,"href":"https:\/\/espacetriathlon.com\/de\/wp-json\/wp\/v2\/media\/66032"}],"wp:attachment":[{"href":"https:\/\/espacetriathlon.com\/de\/wp-json\/wp\/v2\/media?parent=66096"}],"wp:term":[{"taxonomy":"product_brand","embeddable":true,"href":"https:\/\/espacetriathlon.com\/de\/wp-json\/wp\/v2\/product_brand?post=66096"},{"taxonomy":"product_cat","embeddable":true,"href":"https:\/\/espacetriathlon.com\/de\/wp-json\/wp\/v2\/product_cat?post=66096"},{"taxonomy":"product_tag","embeddable":true,"href":"https:\/\/espacetriathlon.com\/de\/wp-json\/wp\/v2\/product_tag?post=66096"}],"curies":[{"name":"wp","href":"https:\/\/api.w.org\/{rel}","templated":true}]}}