{"id":66119,"date":"2026-04-26T19:27:46","date_gmt":"2026-04-26T19:27:46","guid":{"rendered":"https:\/\/espacetriathlon.com\/product\/bungee-sicherheitsboje\/"},"modified":"2026-04-26T19:27:46","modified_gmt":"2026-04-26T19:27:46","slug":"bungee-sicherheitsboje","status":"publish","type":"product","link":"https:\/\/espacetriathlon.com\/de\/product\/bungee-sicherheitsboje\/","title":{"rendered":"Bungee Sicherheitsboje"},"content":{"rendered":"","protected":false},"excerpt":{"rendered":"<p>Diese Sicherheitsboje sorgt daf\u00fcr, dass Sie beim Schwimmen im offenen Wasser sichtbar sind, und erh\u00f6ht Ihr Sicherheitsgef\u00fchl und Ihr Selbstvertrauen auf See. In ihrem wasserdichten Inneren k\u00f6nnen Sie Ihre pers\u00f6nlichen Gegenst\u00e4nde oder die ben\u00f6tigten Vorr\u00e4te wie Gels, Riegel oder eine Wasserflasche sicher verstauen, w\u00e4hrend Sie schwimmen. <\/p>\n<p>F\u00fcr mehr Komfort ist er mit einer elastischen Kordel ausgestattet, die das unangenehme Ziehen verhindert, das Wellen verursachen k\u00f6nnen.  <\/p>\n","protected":false},"featured_media":66115,"template":"","meta":[],"product_brand":[],"product_cat":[271],"product_tag":[],"class_list":{"0":"post-66119","1":"product","2":"type-product","3":"status-publish","4":"has-post-thumbnail","6":"product_cat-openwater-de","7":"pa_brand-orca-de","9":"first","10":"instock","11":"shipping-taxable","12":"product-type-simple"},"_links":{"self":[{"href":"https:\/\/espacetriathlon.com\/de\/wp-json\/wp\/v2\/product\/66119","targetHints":{"allow":["GET"]}}],"collection":[{"href":"https:\/\/espacetriathlon.com\/de\/wp-json\/wp\/v2\/product"}],"about":[{"href":"https:\/\/espacetriathlon.com\/de\/wp-json\/wp\/v2\/types\/product"}],"version-history":[{"count":0,"href":"https:\/\/espacetriathlon.com\/de\/wp-json\/wp\/v2\/product\/66119\/revisions"}],"wp:featuredmedia":[{"embeddable":true,"href":"https:\/\/espacetriathlon.com\/de\/wp-json\/wp\/v2\/media\/66115"}],"wp:attachment":[{"href":"https:\/\/espacetriathlon.com\/de\/wp-json\/wp\/v2\/media?parent=66119"}],"wp:term":[{"taxonomy":"product_brand","embeddable":true,"href":"https:\/\/espacetriathlon.com\/de\/wp-json\/wp\/v2\/product_brand?post=66119"},{"taxonomy":"product_cat","embeddable":true,"href":"https:\/\/espacetriathlon.com\/de\/wp-json\/wp\/v2\/product_cat?post=66119"},{"taxonomy":"product_tag","embeddable":true,"href":"https:\/\/espacetriathlon.com\/de\/wp-json\/wp\/v2\/product_tag?post=66119"}],"curies":[{"name":"wp","href":"https:\/\/api.w.org\/{rel}","templated":true}]}}