{"id":66137,"date":"2026-04-26T19:44:56","date_gmt":"2026-04-26T19:44:56","guid":{"rendered":"https:\/\/espacetriathlon.com\/product\/kick-pull-buoy\/"},"modified":"2026-04-26T19:44:56","modified_gmt":"2026-04-26T19:44:56","slug":"kick-pull-buoy","status":"publish","type":"product","link":"https:\/\/espacetriathlon.com\/de\/product\/kick-pull-buoy\/","title":{"rendered":"Kick Pull Buoy"},"content":{"rendered":"","protected":false},"excerpt":{"rendered":"<p>Verbessern Sie Ihr Schwimmtraining mit dem ORCA Pull Kick, der ultimativen 2-in-1-Zugboje und Kickboard. Mit diesem vielseitigen Ger\u00e4t k\u00f6nnen Sie Ihr Training optimieren. Sie k\u00f6nnen Ihren Oberk\u00f6rper isolieren, um Kraft aufzubauen und Ihren Schwimmstil zu verfeinern, oder Ihre Beine trainieren, um Ihren Absto\u00df zu verbessern. Sein einzigartiges ergonomisches Design sorgt f\u00fcr hervorragenden Auftrieb und Stabilit\u00e4t, so dass Sie sich ganz auf Ihre Technik konzentrieren k\u00f6nnen. Dieses leichte Hilfsmittel ist aus langlebigen, chlorbest\u00e4ndigen Materialien gefertigt und der perfekte Begleiter, um im Wasser ein neues Niveau an Kraft und Effizienz zu erreichen.   <\/p>\n","protected":false},"featured_media":66133,"template":"","meta":[],"product_brand":[],"product_cat":[292],"product_tag":[],"class_list":{"0":"post-66137","1":"product","2":"type-product","3":"status-publish","4":"has-post-thumbnail","6":"product_cat-training-aid-de","7":"pa_brand-orca-de","9":"first","10":"instock","11":"shipping-taxable","12":"purchasable","13":"product-type-simple"},"_links":{"self":[{"href":"https:\/\/espacetriathlon.com\/de\/wp-json\/wp\/v2\/product\/66137","targetHints":{"allow":["GET"]}}],"collection":[{"href":"https:\/\/espacetriathlon.com\/de\/wp-json\/wp\/v2\/product"}],"about":[{"href":"https:\/\/espacetriathlon.com\/de\/wp-json\/wp\/v2\/types\/product"}],"version-history":[{"count":0,"href":"https:\/\/espacetriathlon.com\/de\/wp-json\/wp\/v2\/product\/66137\/revisions"}],"wp:featuredmedia":[{"embeddable":true,"href":"https:\/\/espacetriathlon.com\/de\/wp-json\/wp\/v2\/media\/66133"}],"wp:attachment":[{"href":"https:\/\/espacetriathlon.com\/de\/wp-json\/wp\/v2\/media?parent=66137"}],"wp:term":[{"taxonomy":"product_brand","embeddable":true,"href":"https:\/\/espacetriathlon.com\/de\/wp-json\/wp\/v2\/product_brand?post=66137"},{"taxonomy":"product_cat","embeddable":true,"href":"https:\/\/espacetriathlon.com\/de\/wp-json\/wp\/v2\/product_cat?post=66137"},{"taxonomy":"product_tag","embeddable":true,"href":"https:\/\/espacetriathlon.com\/de\/wp-json\/wp\/v2\/product_tag?post=66137"}],"curies":[{"name":"wp","href":"https:\/\/api.w.org\/{rel}","templated":true}]}}