{"id":66167,"date":"2026-04-27T16:27:20","date_gmt":"2026-04-27T16:27:20","guid":{"rendered":"https:\/\/espacetriathlon.com\/product\/apex-swimskin-frauen\/"},"modified":"2026-04-27T16:27:20","modified_gmt":"2026-04-27T16:27:20","slug":"apex-swimskin-frauen","status":"publish","type":"product","link":"https:\/\/espacetriathlon.com\/de\/product\/apex-swimskin-frauen\/","title":{"rendered":"Apex Swimskin Frauen"},"content":{"rendered":"<p>SUPERIOR ELASTICITY<\/p>\n<p>Durch die Verwendung von elastischerem Material im Bereich hinter den Schultern erm\u00f6glicht das Apex Swimskin ein uneingeschr\u00e4nktes Schwimmen und reduziert die Muskelerm\u00fcdung.<\/p>\n<p>COMFORT<\/p>\n<p>Durch die Verwendung von Materialien mit h\u00f6herer Elastizit\u00e4t ist es ein sehr bequemes Produkt zum Schwimmen, vor allem, weil Sie im Schulterbereich nicht eingeschr\u00e4nkt sind.<\/p>\n<p>PERFORMANCE<\/p>\n<p>Die Konstruktion des Swimskin mit HydroSkin+-Gewebe reduziert den Reibungskoeffizienten des Schwimmers erheblich.<\/p>\n<p>MATERIAL<\/p>\n<p>Hergestellt aus nachhaltigen Materialien.<\/p>\n<p>Zusammensetzung:<\/p>\n<p>Elasthan (Spandex): 20 %, Polyamid (Nylon) : 80 %.<\/p>\n","protected":false},"excerpt":{"rendered":"<p>Der Apex Swimskin ist ein Spitzenanzug von Orca, der f\u00fcr Triathlon-Wettk\u00e4mpfe entwickelt wurde, bei denen die Verwendung von Neoprenanz\u00fcgen nicht erlaubt ist. Seine Konstruktion mit HydroSkin+-Gewebe verbessert die Hydrodynamik in der Schwimmphase, w\u00e4hrend die Verwendung von elastischerem Material im Bereich hinter den Schultern es Ihnen erm\u00f6glicht, v\u00f6llig frei und bequem zu schwimmen. <\/p>\n","protected":false},"featured_media":66155,"template":"","meta":[],"product_brand":[],"product_cat":[314],"product_tag":[],"class_list":{"0":"post-66167","1":"product","2":"type-product","3":"status-publish","4":"has-post-thumbnail","6":"product_cat-gear-de","7":"pa_brand-orca-de","8":"pa_size-s-de","9":"pa_size-m-de","10":"pa_size-l-de","12":"first","13":"instock","14":"shipping-taxable","15":"purchasable","16":"product-type-variable"},"_links":{"self":[{"href":"https:\/\/espacetriathlon.com\/de\/wp-json\/wp\/v2\/product\/66167","targetHints":{"allow":["GET"]}}],"collection":[{"href":"https:\/\/espacetriathlon.com\/de\/wp-json\/wp\/v2\/product"}],"about":[{"href":"https:\/\/espacetriathlon.com\/de\/wp-json\/wp\/v2\/types\/product"}],"version-history":[{"count":0,"href":"https:\/\/espacetriathlon.com\/de\/wp-json\/wp\/v2\/product\/66167\/revisions"}],"wp:featuredmedia":[{"embeddable":true,"href":"https:\/\/espacetriathlon.com\/de\/wp-json\/wp\/v2\/media\/66155"}],"wp:attachment":[{"href":"https:\/\/espacetriathlon.com\/de\/wp-json\/wp\/v2\/media?parent=66167"}],"wp:term":[{"taxonomy":"product_brand","embeddable":true,"href":"https:\/\/espacetriathlon.com\/de\/wp-json\/wp\/v2\/product_brand?post=66167"},{"taxonomy":"product_cat","embeddable":true,"href":"https:\/\/espacetriathlon.com\/de\/wp-json\/wp\/v2\/product_cat?post=66167"},{"taxonomy":"product_tag","embeddable":true,"href":"https:\/\/espacetriathlon.com\/de\/wp-json\/wp\/v2\/product_tag?post=66167"}],"curies":[{"name":"wp","href":"https:\/\/api.w.org\/{rel}","templated":true}]}}