{"id":66220,"date":"2026-04-27T19:30:55","date_gmt":"2026-04-27T19:30:55","guid":{"rendered":"https:\/\/espacetriathlon.com\/?post_type=product&#038;p=66220"},"modified":"2026-04-27T19:34:07","modified_gmt":"2026-04-27T19:34:07","slug":"base-body-women","status":"publish","type":"product","link":"https:\/\/espacetriathlon.com\/de\/product\/base-body-women\/","title":{"rendered":"Base Body Women &#8211; Thermo-Unterziehanzug"},"content":{"rendered":"<p>Materialien<\/p>\n<p>Dieses Kleidungsst\u00fcck besteht aus 2 mm Yamamoto-Neopren und einem hochwertigen Innenfutter f\u00fcr maximale Elastizit\u00e4t.<br \/>\nKonstruktion<\/p>\n<p>Ohne Rei\u00dfverschluss oder \u00c4rmel bietet der Thermo-Unterziehanzug zus\u00e4tzlichen Komfort, ob als einzelne Schicht oder unter einem Neoprenanzug getragen.<br \/>\nZusammensetzung:<\/p>\n<p>Neopren : 90 %, Polyamid (Nylon) : 10 %  <\/p>\n","protected":false},"excerpt":{"rendered":"<p>Der Base Body ist das perfekte Accessoire f\u00fcr Ihre bevorzugten Wassersportarten. Er kann als einzelne Schicht in gem\u00e4\u00dfigten Gew\u00e4ssern oder unter einem Neoprenanzug bei sehr niedrigen Temperaturen getragen werden. <\/p>\n<p>Die Verwendung von 100% Yamamoto-Material sorgt f\u00fcr Elastizit\u00e4t, ein geringes Gewicht und Bewegungsfreiheit, w\u00e4hrend die Dicke von 2 mm den W\u00e4rmeschutz bietet, den Sie bei langen Sessions im Wasser ben\u00f6tigen.<\/p>\n","protected":false},"featured_media":66247,"template":"","meta":[],"product_brand":[],"product_cat":[271],"product_tag":[],"class_list":{"0":"post-66220","1":"product","2":"type-product","3":"status-publish","4":"has-post-thumbnail","6":"product_cat-openwater-de","7":"pa_brand-orca-de","8":"pa_size-s-de","9":"pa_size-m-de","10":"pa_size-l-de","12":"first","13":"instock","14":"shipping-taxable","15":"purchasable","16":"product-type-variable"},"_links":{"self":[{"href":"https:\/\/espacetriathlon.com\/de\/wp-json\/wp\/v2\/product\/66220","targetHints":{"allow":["GET"]}}],"collection":[{"href":"https:\/\/espacetriathlon.com\/de\/wp-json\/wp\/v2\/product"}],"about":[{"href":"https:\/\/espacetriathlon.com\/de\/wp-json\/wp\/v2\/types\/product"}],"version-history":[{"count":2,"href":"https:\/\/espacetriathlon.com\/de\/wp-json\/wp\/v2\/product\/66220\/revisions"}],"predecessor-version":[{"id":66255,"href":"https:\/\/espacetriathlon.com\/de\/wp-json\/wp\/v2\/product\/66220\/revisions\/66255"}],"wp:featuredmedia":[{"embeddable":true,"href":"https:\/\/espacetriathlon.com\/de\/wp-json\/wp\/v2\/media\/66247"}],"wp:attachment":[{"href":"https:\/\/espacetriathlon.com\/de\/wp-json\/wp\/v2\/media?parent=66220"}],"wp:term":[{"taxonomy":"product_brand","embeddable":true,"href":"https:\/\/espacetriathlon.com\/de\/wp-json\/wp\/v2\/product_brand?post=66220"},{"taxonomy":"product_cat","embeddable":true,"href":"https:\/\/espacetriathlon.com\/de\/wp-json\/wp\/v2\/product_cat?post=66220"},{"taxonomy":"product_tag","embeddable":true,"href":"https:\/\/espacetriathlon.com\/de\/wp-json\/wp\/v2\/product_tag?post=66220"}],"curies":[{"name":"wp","href":"https:\/\/api.w.org\/{rel}","templated":true}]}}