{"id":66345,"date":"2026-05-05T19:28:46","date_gmt":"2026-05-05T19:28:46","guid":{"rendered":"https:\/\/espacetriathlon.com\/product\/killa-performance\/"},"modified":"2026-05-05T19:28:46","modified_gmt":"2026-05-05T19:28:46","slug":"killa-performance","status":"publish","type":"product","link":"https:\/\/espacetriathlon.com\/de\/product\/killa-performance\/","title":{"rendered":"Killa Performance"},"content":{"rendered":"<p>Optimale Passform<\/p>\n<p>Das ergonomische und dreidimensionale Silikon passt sich verschiedenen Gesichtsformen an und reduziert den Druck um die Augenpartie, was die Brille sehr komfortabel macht und gleichzeitig das Eindringen von Wasser verhindert.<br \/>\nHydrodynamik<\/p>\n<p>Diese Schwimmbrille wurde sorgf\u00e4ltig entwickelt, um die Reibung mit dem Wasser zu minimieren, was Ihnen hilft, wertvolle Sekunden in der Schwimmphase zu sparen.<br \/>\nAnti-Fog<\/p>\n<p>Diese Schwimmbrille hat eine l\u00e4nger anhaltende ANTI-FOG-Beschichtung als andere Schwimmbrillen, so dass Sie l\u00e4nger klar sehen k\u00f6nnen.<br \/>\nSchutz<\/p>\n<p>Alle verf\u00fcgbaren Gl\u00e4ser entsprechen den ISO-18527-3-Vorschriften und bieten UV-380-Schutz<br \/>\nZusammensetzung:<\/p>\n<p>Silikon: 37 %, TPE: 13 %, PC: 47 % <\/p>\n","protected":false},"excerpt":{"rendered":"<p>Die Killa Performance ist eine Schwimmbrille, die f\u00fcr Wettk\u00e4mpfe entwickelt wurde. Dank ihres fortschrittlichen ergonomischen und hydrodynamischen Designs passt sie sich allen Formen und Gr\u00f6\u00dfen an, und ihre \u00e4u\u00dferst bequeme Passform wird Ihnen helfen, sich auf nichts anderes zu konzentrieren als auf die Verbesserung Ihrer Zeiten. Sie ist au\u00dferdem mit einer exklusiven, langlebigen ANTI-FOG-Beschichtung ausgestattet, die das Beschlagen der Brille verhindert und Ihnen jederzeit eine klare Sicht erm\u00f6glicht.<br \/>\nAu\u00dferdem machen die verschiedenen verf\u00fcgbaren Gl\u00e4ser, die alle \u00fcber einen UV-380-Schutz verf\u00fcgen, diese Schwimmbrille zu einer sehr vielseitigen Brille f\u00fcr alle Arten von Wetterbedingungen.    <\/p>\n","protected":false},"featured_media":66333,"template":"","meta":[],"product_brand":[],"product_cat":[283],"product_tag":[],"class_list":{"0":"post-66345","1":"product","2":"type-product","3":"status-publish","4":"has-post-thumbnail","6":"product_cat-goggles-de","7":"pa_brand-orca-de","8":"pa_color_n-clear-black-de","9":"pa_color_n-mirrored-black-de","10":"pa_color_n-smoke-black-de","12":"first","13":"instock","14":"shipping-taxable","15":"purchasable","16":"product-type-variable"},"_links":{"self":[{"href":"https:\/\/espacetriathlon.com\/de\/wp-json\/wp\/v2\/product\/66345","targetHints":{"allow":["GET"]}}],"collection":[{"href":"https:\/\/espacetriathlon.com\/de\/wp-json\/wp\/v2\/product"}],"about":[{"href":"https:\/\/espacetriathlon.com\/de\/wp-json\/wp\/v2\/types\/product"}],"version-history":[{"count":0,"href":"https:\/\/espacetriathlon.com\/de\/wp-json\/wp\/v2\/product\/66345\/revisions"}],"wp:featuredmedia":[{"embeddable":true,"href":"https:\/\/espacetriathlon.com\/de\/wp-json\/wp\/v2\/media\/66333"}],"wp:attachment":[{"href":"https:\/\/espacetriathlon.com\/de\/wp-json\/wp\/v2\/media?parent=66345"}],"wp:term":[{"taxonomy":"product_brand","embeddable":true,"href":"https:\/\/espacetriathlon.com\/de\/wp-json\/wp\/v2\/product_brand?post=66345"},{"taxonomy":"product_cat","embeddable":true,"href":"https:\/\/espacetriathlon.com\/de\/wp-json\/wp\/v2\/product_cat?post=66345"},{"taxonomy":"product_tag","embeddable":true,"href":"https:\/\/espacetriathlon.com\/de\/wp-json\/wp\/v2\/product_tag?post=66345"}],"curies":[{"name":"wp","href":"https:\/\/api.w.org\/{rel}","templated":true}]}}