{"id":66613,"date":"2026-05-17T09:49:46","date_gmt":"2026-05-17T09:49:46","guid":{"rendered":"https:\/\/espacetriathlon.com\/product\/aero-seamless-ss-trisuit-m-weiss-schwarz-maenner\/"},"modified":"2026-05-17T09:49:46","modified_gmt":"2026-05-17T09:49:46","slug":"aero-seamless-ss-trisuit-m-weiss-schwarz-maenner","status":"publish","type":"product","link":"https:\/\/espacetriathlon.com\/de\/product\/aero-seamless-ss-trisuit-m-weiss-schwarz-maenner\/","title":{"rendered":"Aero Seamless Ss Trisuit M &#8211; Wei\u00df\/Schwarz M\u00e4nner"},"content":{"rendered":"<p>Innovation, neu definiert. Der brandneue Aero Seamless SS Trisuit f\u00fcr Herren stellt den H\u00f6hepunkt der Compressport-Leistungstechnik dar und setzt einen neuen Standard f\u00fcr Elite-Triathlon-Bekleidung. Er wurde in Zusammenarbeit mit unseren Profi-Athleten entwickelt und ist der erste vollst\u00e4ndig nahtlose Trisuit auf dem Markt, mit dem Ziel, Irritationen zu minimieren, den Komfort zu maximieren und eine Passform wie eine zweite Haut zu bieten, die sich bei jeder Disziplin m\u00fchelos mit Ihnen bewegt. Der aus modernstem Payen-Garn gefertigte Trisuit ist federleicht, schnelltrocknend und au\u00dfergew\u00f6hnlich atmungsaktiv. Ultrabel\u00fcftete Mesh-Bereiche am R\u00fccken und an der Wirbels\u00e4ule sorgen daf\u00fcr, dass Sie auch in der Hitze von Langstreckenl\u00e4ufen k\u00fchl und konzentriert bleiben. Strategisch platzierte Aero.Stripes auf dem R\u00fccken, den \u00c4rmeln und den Beinabschl\u00fcssen werden durch aufgedruckte Aero.Dots auf den \u00c4rmeln erg\u00e4nzt, die Ihnen helfen, Energie zu sparen und wertvolle Sekunden auf Ihre Zeit zu sparen. Die \u00c4rmeln\u00e4hte sind optimal platziert, um Scheuerstellen zu vermeiden, und bleiben unglaublich flexibel, damit Sie beim Schwimmen, Radfahren oder Laufen volle Bewegungsfreiheit haben. Ein mit innovativem Graphen-Garn durchzogenes, mehrdimensionales Polster bietet unvergleichliche antibakterielle Eigenschaften und K\u00fchlung f\u00fcr Ihre gr\u00f6\u00dften Herausforderungen. Zwei elegante Innentaschen entlang des Frontrei\u00dfverschlusses halten Ihre Gels sicher in Reichweite, w\u00e4hrend eine clever platzierte Eistasche unterhalb des R\u00fcckenkragens verspricht, Ihre Kerntemperatur niedrig zu halten, wenn es auf der Rennbahn hei\u00df hergeht. Der geschlossene Frontrei\u00dfverschluss verf\u00fcgt \u00fcber eine Schutzklappe und eine Garage, um Irritationen zu vermeiden. Mit l\u00e4ngeren \u00c4rmeln und Beinen f\u00fcr verbesserte Aerodynamik und muskelanliegender Unterst\u00fctzung ist der Aero Seamless SS Trisuit auf Geschwindigkeit und Spitzenleistung ausgelegt: die ultimative Waffe f\u00fcr Triathleten auf der Jagd nach ihrer n\u00e4chsten pers\u00f6nlichen Bestleistung.          <\/p>\n","protected":false},"excerpt":{"rendered":"<p>Nahtloser Elite-Triathlonanzug f\u00fcr Herren mit modernster Aerodynamik, \u00fcberragender Atmungsaktivit\u00e4t und Second-Skin-Komfort f\u00fcr Triathlon-Rennen auf h\u00f6chstem Niveau.<br \/>\n Im Windkanal getestetes, hochmodernes aerodynamisches Design mit einer Second-Skin-Passform, l\u00e4ngerem Schnitt und Aero.stripes zur Reduzierung des Luftwiderstands und zum Einsparen von Watt<\/p>\n<p>Vollst\u00e4ndig nahtlose Konstruktion mit ultraleichtem Payen-Garn und Mesh-Eins\u00e4tzen f\u00fcr Komfort, Bel\u00fcftung und Thermoregulierung auf Elite-Niveau<\/p>\n<p>Tri-spezifische Funktionen f\u00fcr maximale Effizienz, einschlie\u00dflich eines ergonomischen Polsters, eines integrierten Eisbeutels und Innentaschen f\u00fcr Nahrung  <\/p>\n","protected":false},"featured_media":66609,"template":"","meta":[],"product_brand":[],"product_cat":[314],"product_tag":[],"class_list":{"0":"post-66613","1":"product","2":"type-product","3":"status-publish","4":"has-post-thumbnail","6":"product_cat-gear-de","7":"pa_brand-compressport-de","8":"pa_size-m-de","9":"pa_size-l-de","11":"first","12":"instock","13":"shipping-taxable","14":"purchasable","15":"product-type-variable"},"_links":{"self":[{"href":"https:\/\/espacetriathlon.com\/de\/wp-json\/wp\/v2\/product\/66613","targetHints":{"allow":["GET"]}}],"collection":[{"href":"https:\/\/espacetriathlon.com\/de\/wp-json\/wp\/v2\/product"}],"about":[{"href":"https:\/\/espacetriathlon.com\/de\/wp-json\/wp\/v2\/types\/product"}],"version-history":[{"count":0,"href":"https:\/\/espacetriathlon.com\/de\/wp-json\/wp\/v2\/product\/66613\/revisions"}],"wp:featuredmedia":[{"embeddable":true,"href":"https:\/\/espacetriathlon.com\/de\/wp-json\/wp\/v2\/media\/66609"}],"wp:attachment":[{"href":"https:\/\/espacetriathlon.com\/de\/wp-json\/wp\/v2\/media?parent=66613"}],"wp:term":[{"taxonomy":"product_brand","embeddable":true,"href":"https:\/\/espacetriathlon.com\/de\/wp-json\/wp\/v2\/product_brand?post=66613"},{"taxonomy":"product_cat","embeddable":true,"href":"https:\/\/espacetriathlon.com\/de\/wp-json\/wp\/v2\/product_cat?post=66613"},{"taxonomy":"product_tag","embeddable":true,"href":"https:\/\/espacetriathlon.com\/de\/wp-json\/wp\/v2\/product_tag?post=66613"}],"curies":[{"name":"wp","href":"https:\/\/api.w.org\/{rel}","templated":true}]}}