{"id":6939,"date":"2021-04-09T12:06:46","date_gmt":"2021-04-09T12:06:46","guid":{"rendered":"https:\/\/espacetriathlon.com\/product\/neoprene-hood\/"},"modified":"2025-05-25T15:46:17","modified_gmt":"2025-05-25T15:46:17","slug":"neoprene-hood","status":"publish","type":"product","link":"https:\/\/espacetriathlon.com\/de\/product\/neoprene-hood\/","title":{"rendered":"Neoprene Hood"},"content":{"rendered":"<p>Extra W\u00e4rme<br \/>\nDas Thermofutter Thermal X verleiht zus\u00e4tzliche W\u00e4rme und dient als W\u00e4rmespeicher, wodurch beim Training keine Energie verloren geht. Dar\u00fcber hinaus bietet die Halsabdeckung eine sp\u00fcrbare thermische Isolierung und minimiert den K\u00f6rperkontakt mit kaltem Wasser.<\/p>\n<p>Komfort<br \/>\nDie Passform dieses Produkts sorgt daf\u00fcr, dass es sich Ihrem Kopf perfekt anpasst und w\u00e4hrend des Trainings nicht verrutscht. Dar\u00fcber hinaus erh\u00f6ht die weiche Haptik des Innenfutters den Komfort.<\/p>\n<p>Wasserundurchl\u00e4ssigkeit<br \/>\nDie Halsabdeckung verhindert das Eindringen von Wasser im Brustbereich und unterst\u00fctzt die Aufrechterhaltung der K\u00f6rpertemperatur.<\/p>\n","protected":false},"excerpt":{"rendered":"<p>Mit der thermischen Neoprenkappe sind Sie selbst dem k\u00e4ltesten Wasser gewachsen und profitieren von maximaler W\u00e4rmeisolierung, sowohl am Kopf als auch im Nackenbereich.<\/p>\n","protected":false},"featured_media":49520,"template":"","meta":[],"product_brand":[],"product_cat":[271],"product_tag":[],"class_list":{"0":"post-6939","1":"product","2":"type-product","3":"status-publish","4":"has-post-thumbnail","6":"product_cat-openwater-de","7":"pa_brand-orca-de","8":"pa_size_cap-xxl-de","9":"pa_size_cap-s-m-de","10":"pa_size_cap-l-xl-de","12":"first","13":"instock","14":"shipping-taxable","15":"purchasable","16":"product-type-variable"},"_links":{"self":[{"href":"https:\/\/espacetriathlon.com\/de\/wp-json\/wp\/v2\/product\/6939","targetHints":{"allow":["GET"]}}],"collection":[{"href":"https:\/\/espacetriathlon.com\/de\/wp-json\/wp\/v2\/product"}],"about":[{"href":"https:\/\/espacetriathlon.com\/de\/wp-json\/wp\/v2\/types\/product"}],"version-history":[{"count":2,"href":"https:\/\/espacetriathlon.com\/de\/wp-json\/wp\/v2\/product\/6939\/revisions"}],"predecessor-version":[{"id":36820,"href":"https:\/\/espacetriathlon.com\/de\/wp-json\/wp\/v2\/product\/6939\/revisions\/36820"}],"wp:featuredmedia":[{"embeddable":true,"href":"https:\/\/espacetriathlon.com\/de\/wp-json\/wp\/v2\/media\/49520"}],"wp:attachment":[{"href":"https:\/\/espacetriathlon.com\/de\/wp-json\/wp\/v2\/media?parent=6939"}],"wp:term":[{"taxonomy":"product_brand","embeddable":true,"href":"https:\/\/espacetriathlon.com\/de\/wp-json\/wp\/v2\/product_brand?post=6939"},{"taxonomy":"product_cat","embeddable":true,"href":"https:\/\/espacetriathlon.com\/de\/wp-json\/wp\/v2\/product_cat?post=6939"},{"taxonomy":"product_tag","embeddable":true,"href":"https:\/\/espacetriathlon.com\/de\/wp-json\/wp\/v2\/product_tag?post=6939"}],"curies":[{"name":"wp","href":"https:\/\/api.w.org\/{rel}","templated":true}]}}