{"id":7272,"date":"2021-04-11T10:27:41","date_gmt":"2021-04-11T10:27:41","guid":{"rendered":"https:\/\/espacetriathlon.com\/product\/rs1-square-leg-black\/"},"modified":"2021-04-11T10:27:41","modified_gmt":"2021-04-11T10:27:41","slug":"rs1-square-leg-black","status":"publish","type":"product","link":"https:\/\/espacetriathlon.com\/de\/product\/rs1-square-leg-black\/","title":{"rendered":"RS1 Square Leg Black"},"content":{"rendered":"<p>Chlor-Resistenz<br \/>\nDank der spezifischen Eigenschaften des Materials beh\u00e4lt diese ultra-chlorbest\u00e4ndige Schwimmbekleidung ihre Leistungsf\u00e4higkeit und profitiert von einer l\u00e4ngeren Lebensdauer.<\/p>\n<p>Recycelte Materialien<br \/>\nDiese Schwimmbekleidung besteht zu 30% aus recyceltem Material, wodurch die Auswirkungen auf die Umwelt auf ein Minimum reduziert werden.<\/p>\n<p>Passform<br \/>\nDas Material bietet eine gute Passform, ohne komprimierend zu wirken, und eignet sich daher ideal f\u00fcr lange Schwimmsessions, die Passgenauigkeit und Komfort erfordern. Dank seiner Chlorbest\u00e4ndigkeit bleibt es auch bei intensivem Gebrauch in Schwimmbecken formstabil und passgenau.<\/p>\n","protected":false},"excerpt":{"rendered":"<p>Entwickelt f\u00fcr das intensive Training im Schwimmbecken, ist der Square Leg RS1 die perfekte L\u00f6sung f\u00fcr diejenigen, die sich eine extrem langlebige und leistungsstarke Boxer-Badehose w\u00fcnschen.<\/p>\n","protected":false},"featured_media":49537,"template":"","meta":[],"product_brand":[],"product_cat":[493],"product_tag":[],"class_list":{"0":"post-7272","1":"product","2":"type-product","3":"status-publish","4":"has-post-thumbnail","6":"product_cat-maenner","7":"pa_brand-orca-de","8":"pa_swim_h-s-32-de","9":"pa_swim_h-m-34-de","10":"pa_swim_h-l-36-de","11":"pa_swim_h-xl-38-de","13":"first","14":"instock","15":"sale","16":"shipping-taxable","17":"purchasable","18":"product-type-variable"},"_links":{"self":[{"href":"https:\/\/espacetriathlon.com\/de\/wp-json\/wp\/v2\/product\/7272","targetHints":{"allow":["GET"]}}],"collection":[{"href":"https:\/\/espacetriathlon.com\/de\/wp-json\/wp\/v2\/product"}],"about":[{"href":"https:\/\/espacetriathlon.com\/de\/wp-json\/wp\/v2\/types\/product"}],"version-history":[{"count":0,"href":"https:\/\/espacetriathlon.com\/de\/wp-json\/wp\/v2\/product\/7272\/revisions"}],"wp:featuredmedia":[{"embeddable":true,"href":"https:\/\/espacetriathlon.com\/de\/wp-json\/wp\/v2\/media\/49537"}],"wp:attachment":[{"href":"https:\/\/espacetriathlon.com\/de\/wp-json\/wp\/v2\/media?parent=7272"}],"wp:term":[{"taxonomy":"product_brand","embeddable":true,"href":"https:\/\/espacetriathlon.com\/de\/wp-json\/wp\/v2\/product_brand?post=7272"},{"taxonomy":"product_cat","embeddable":true,"href":"https:\/\/espacetriathlon.com\/de\/wp-json\/wp\/v2\/product_cat?post=7272"},{"taxonomy":"product_tag","embeddable":true,"href":"https:\/\/espacetriathlon.com\/de\/wp-json\/wp\/v2\/product_tag?post=7272"}],"curies":[{"name":"wp","href":"https:\/\/api.w.org\/{rel}","templated":true}]}}