{"id":7638,"date":"2021-04-14T13:34:06","date_gmt":"2021-04-14T13:34:06","guid":{"rendered":"https:\/\/espacetriathlon.com\/product\/openwater-swim-gloves\/"},"modified":"2024-07-15T10:05:57","modified_gmt":"2024-07-15T10:05:57","slug":"openwater-swim-gloves","status":"publish","type":"product","link":"https:\/\/espacetriathlon.com\/de\/product\/openwater-swim-gloves\/","title":{"rendered":"Women Openwater Swim Gloves"},"content":{"rendered":"<p>Schnitt: Durch den langen Schaft \u00fcberlappen die Handschuhe die \u00c4rmel des Neoprenanzugs, was eine bessere Isolierung gew\u00e4hrleistet<\/p>\n<p>Material: Hergestellt aus 3 mm Neopren, kombiniert mit einem hochelastischen Innenmaterial f\u00fcr eine bessere Passform<\/p>\n","protected":false},"excerpt":{"rendered":"<p>Die Liquid Seam Gloves verf\u00fcgen \u00fcber versiegelte N\u00e4hte, die das Eindringen von Wasser zwischen den Panels verhindern und so die H\u00e4nde auch bei den k\u00e4ltesten Bedingungen sch\u00fctzen. Mit einer Dicke von 3 mm und einem ergonomischen Design passen sich diese Handschuhe optimal an die Handhaltungen beim Freiwasserschwimmen an.<\/p>\n","protected":false},"featured_media":49546,"template":"","meta":[],"product_brand":[],"product_cat":[986,271],"product_tag":[],"class_list":{"0":"post-7638","1":"product","2":"type-product","3":"status-publish","4":"has-post-thumbnail","6":"product_cat-freediving-de","7":"product_cat-openwater-de","8":"pa_brand-orca-de","9":"pa_size-xs-de","10":"pa_size-s-de","11":"pa_size-m-de","13":"first","14":"instock","15":"shipping-taxable","16":"purchasable","17":"product-type-variable"},"_links":{"self":[{"href":"https:\/\/espacetriathlon.com\/de\/wp-json\/wp\/v2\/product\/7638","targetHints":{"allow":["GET"]}}],"collection":[{"href":"https:\/\/espacetriathlon.com\/de\/wp-json\/wp\/v2\/product"}],"about":[{"href":"https:\/\/espacetriathlon.com\/de\/wp-json\/wp\/v2\/types\/product"}],"version-history":[{"count":2,"href":"https:\/\/espacetriathlon.com\/de\/wp-json\/wp\/v2\/product\/7638\/revisions"}],"predecessor-version":[{"id":36837,"href":"https:\/\/espacetriathlon.com\/de\/wp-json\/wp\/v2\/product\/7638\/revisions\/36837"}],"wp:featuredmedia":[{"embeddable":true,"href":"https:\/\/espacetriathlon.com\/de\/wp-json\/wp\/v2\/media\/49546"}],"wp:attachment":[{"href":"https:\/\/espacetriathlon.com\/de\/wp-json\/wp\/v2\/media?parent=7638"}],"wp:term":[{"taxonomy":"product_brand","embeddable":true,"href":"https:\/\/espacetriathlon.com\/de\/wp-json\/wp\/v2\/product_brand?post=7638"},{"taxonomy":"product_cat","embeddable":true,"href":"https:\/\/espacetriathlon.com\/de\/wp-json\/wp\/v2\/product_cat?post=7638"},{"taxonomy":"product_tag","embeddable":true,"href":"https:\/\/espacetriathlon.com\/de\/wp-json\/wp\/v2\/product_tag?post=7638"}],"curies":[{"name":"wp","href":"https:\/\/api.w.org\/{rel}","templated":true}]}}