{"id":9169,"date":"2021-09-01T14:19:32","date_gmt":"2021-09-01T14:19:32","guid":{"rendered":"https:\/\/espacetriathlon.com\/?post_type=product&#038;p=9169"},"modified":"2026-04-19T09:29:32","modified_gmt":"2026-04-19T09:29:32","slug":"cobra-ultra-goggle-copy","status":"publish","type":"product","link":"https:\/\/espacetriathlon.com\/de\/product\/cobra-ultra-goggle-copy\/","title":{"rendered":"Cobra Ultra Swipe Mirror"},"content":{"rendered":"<p>70% Polycarbonate 20% Silicone 8% Thermoplastic Elastomer 2% Polyurethane<\/p>\n","protected":false},"excerpt":{"rendered":"<p>Das Design der Cobra Swipe bietet die gleiche unglaubliche Hydrodynamik und erweiterte seitliche Sicht wie die Cobra Core in einem komfortablen und stromlinienf\u00f6rmigen Design. Ausgestattet mit der No Leak, No Fog, Max Comfort Technologie von arena bietet die Cobra Ultra beeindruckende Sicht nach vorne und Geschwindigkeit in einem aggressiven Design mit gr\u00f6\u00dferer Scheibentiefe f\u00fcr verbesserten Komfort und Wimpernfreiheit.<\/p>\n","protected":false},"featured_media":54880,"template":"","meta":[],"product_brand":[],"product_cat":[283],"product_tag":[],"class_list":{"0":"post-9169","1":"product","2":"type-product","3":"status-publish","4":"has-post-thumbnail","6":"product_cat-goggles-de","7":"pa_brand-arena-de-2","8":"pa_cobra-aqua-black-de","9":"pa_cobra-blue-silver","10":"pa_cobra-emerald-lime-de","11":"pa_cobra-emerald-peacock-de","12":"pa_cobra-gold-red","13":"pa_cobra-silver-black-de","14":"pa_cobra-silver-white-de","15":"pa_cobra-violet-corail-de","16":"pa_cobra-yellow-copper-black-de","17":"pa_cobra-yellow-copper-blue-de","19":"first","20":"instock","21":"sale","22":"shipping-taxable","23":"purchasable","24":"product-type-variable"},"_links":{"self":[{"href":"https:\/\/espacetriathlon.com\/de\/wp-json\/wp\/v2\/product\/9169","targetHints":{"allow":["GET"]}}],"collection":[{"href":"https:\/\/espacetriathlon.com\/de\/wp-json\/wp\/v2\/product"}],"about":[{"href":"https:\/\/espacetriathlon.com\/de\/wp-json\/wp\/v2\/types\/product"}],"version-history":[{"count":2,"href":"https:\/\/espacetriathlon.com\/de\/wp-json\/wp\/v2\/product\/9169\/revisions"}],"predecessor-version":[{"id":36652,"href":"https:\/\/espacetriathlon.com\/de\/wp-json\/wp\/v2\/product\/9169\/revisions\/36652"}],"wp:featuredmedia":[{"embeddable":true,"href":"https:\/\/espacetriathlon.com\/de\/wp-json\/wp\/v2\/media\/54880"}],"wp:attachment":[{"href":"https:\/\/espacetriathlon.com\/de\/wp-json\/wp\/v2\/media?parent=9169"}],"wp:term":[{"taxonomy":"product_brand","embeddable":true,"href":"https:\/\/espacetriathlon.com\/de\/wp-json\/wp\/v2\/product_brand?post=9169"},{"taxonomy":"product_cat","embeddable":true,"href":"https:\/\/espacetriathlon.com\/de\/wp-json\/wp\/v2\/product_cat?post=9169"},{"taxonomy":"product_tag","embeddable":true,"href":"https:\/\/espacetriathlon.com\/de\/wp-json\/wp\/v2\/product_tag?post=9169"}],"curies":[{"name":"wp","href":"https:\/\/api.w.org\/{rel}","templated":true}]}}