{"id":9594,"date":"2021-10-24T07:29:15","date_gmt":"2021-10-24T07:29:15","guid":{"rendered":"https:\/\/espacetriathlon.com\/product\/team-parka-unisex\/"},"modified":"2024-07-15T07:08:47","modified_gmt":"2024-07-15T07:08:47","slug":"team-parka-unisex","status":"publish","type":"product","link":"https:\/\/espacetriathlon.com\/de\/product\/team-parka-unisex\/","title":{"rendered":"Team Parka Unisex"},"content":{"rendered":"<p>100% Polyamide<\/p>\n","protected":false},"excerpt":{"rendered":"<p>Der arena Unisex Teamline W\u00e4rmemantel ist perfekt geeignet f\u00fcr Wettkampf- und Trainingsschwimmer. Die warme Isolierung und die weiche Fleece F\u00fctterung auf der Innenseite sorgen f\u00fcr gr\u00f6\u00dftm\u00f6glichen Tragekomfort. Zahlreiche Taschen bieten Platz f\u00fcr Utensilien und die M\u00f6glichkeit die H\u00e4nde zu w\u00e4rmen. Die gro\u00dfe, Fleece gef\u00fctterte Kapuze bietet optimale Abschirmm\u00f6glichkeiten in der Konzentrationsphase. Ausreichend Platz f\u00fcr Logobedruckung.<\/p>\n","protected":false},"featured_media":49566,"template":"","meta":[],"product_brand":[],"product_cat":[280],"product_tag":[],"class_list":{"0":"post-9594","1":"product","2":"type-product","3":"status-publish","4":"has-post-thumbnail","6":"product_cat-accessories-swims-de","7":"pa_brand-arena-de-2","8":"pa_size-xs-de","9":"pa_size-s-de","10":"pa_size-m-de","11":"pa_size-l-de","12":"pa_size-xl-de","14":"first","15":"instock","16":"sale","17":"shipping-taxable","18":"purchasable","19":"product-type-variable"},"_links":{"self":[{"href":"https:\/\/espacetriathlon.com\/de\/wp-json\/wp\/v2\/product\/9594","targetHints":{"allow":["GET"]}}],"collection":[{"href":"https:\/\/espacetriathlon.com\/de\/wp-json\/wp\/v2\/product"}],"about":[{"href":"https:\/\/espacetriathlon.com\/de\/wp-json\/wp\/v2\/types\/product"}],"version-history":[{"count":2,"href":"https:\/\/espacetriathlon.com\/de\/wp-json\/wp\/v2\/product\/9594\/revisions"}],"predecessor-version":[{"id":36624,"href":"https:\/\/espacetriathlon.com\/de\/wp-json\/wp\/v2\/product\/9594\/revisions\/36624"}],"wp:featuredmedia":[{"embeddable":true,"href":"https:\/\/espacetriathlon.com\/de\/wp-json\/wp\/v2\/media\/49566"}],"wp:attachment":[{"href":"https:\/\/espacetriathlon.com\/de\/wp-json\/wp\/v2\/media?parent=9594"}],"wp:term":[{"taxonomy":"product_brand","embeddable":true,"href":"https:\/\/espacetriathlon.com\/de\/wp-json\/wp\/v2\/product_brand?post=9594"},{"taxonomy":"product_cat","embeddable":true,"href":"https:\/\/espacetriathlon.com\/de\/wp-json\/wp\/v2\/product_cat?post=9594"},{"taxonomy":"product_tag","embeddable":true,"href":"https:\/\/espacetriathlon.com\/de\/wp-json\/wp\/v2\/product_tag?post=9594"}],"curies":[{"name":"wp","href":"https:\/\/api.w.org\/{rel}","templated":true}]}}