{"id":9609,"date":"2021-10-24T07:43:12","date_gmt":"2021-10-24T07:43:12","guid":{"rendered":"https:\/\/espacetriathlon.com\/product\/heatseeker-vest\/"},"modified":"2024-07-15T07:03:42","modified_gmt":"2024-07-15T07:03:42","slug":"heatseeker-vest","status":"publish","type":"product","link":"https:\/\/espacetriathlon.com\/de\/product\/heatseeker-vest\/","title":{"rendered":"Heatseeker vest Men"},"content":{"rendered":"<p>100% 2mm neopren<\/p>\n","protected":false},"excerpt":{"rendered":"<p>Die Orca Heatseeker Vest der neuesten Generation ist eine thermische Basisschicht, die unter einem Neoprenanzug in kaltem Wasser getragen werden kann, um die W\u00e4rme im Wasser zu erh\u00f6hen. Sie kann eine zus\u00e4tzliche Barriere gegen Windchill bei jeder Art von Outdoor-Wassersport bieten. Die Orca Heatseeker Vest ist eine wertvolle Erg\u00e4nzung f\u00fcr die Ausr\u00fcstung eines jeden Wassersportlers.<\/p>\n","protected":false},"featured_media":49570,"template":"","meta":[],"product_brand":[],"product_cat":[271],"product_tag":[],"class_list":{"0":"post-9609","1":"product","2":"type-product","3":"status-publish","4":"has-post-thumbnail","6":"product_cat-openwater-de","7":"pa_brand-orca-de","8":"pa_size-s-de","9":"pa_size-m-de","10":"pa_size-l-de","11":"pa_size-xl-de","12":"pa_size-xxl-de","14":"first","15":"instock","16":"shipping-taxable","17":"purchasable","18":"product-type-variable"},"_links":{"self":[{"href":"https:\/\/espacetriathlon.com\/de\/wp-json\/wp\/v2\/product\/9609","targetHints":{"allow":["GET"]}}],"collection":[{"href":"https:\/\/espacetriathlon.com\/de\/wp-json\/wp\/v2\/product"}],"about":[{"href":"https:\/\/espacetriathlon.com\/de\/wp-json\/wp\/v2\/types\/product"}],"version-history":[{"count":2,"href":"https:\/\/espacetriathlon.com\/de\/wp-json\/wp\/v2\/product\/9609\/revisions"}],"predecessor-version":[{"id":36614,"href":"https:\/\/espacetriathlon.com\/de\/wp-json\/wp\/v2\/product\/9609\/revisions\/36614"}],"wp:featuredmedia":[{"embeddable":true,"href":"https:\/\/espacetriathlon.com\/de\/wp-json\/wp\/v2\/media\/49570"}],"wp:attachment":[{"href":"https:\/\/espacetriathlon.com\/de\/wp-json\/wp\/v2\/media?parent=9609"}],"wp:term":[{"taxonomy":"product_brand","embeddable":true,"href":"https:\/\/espacetriathlon.com\/de\/wp-json\/wp\/v2\/product_brand?post=9609"},{"taxonomy":"product_cat","embeddable":true,"href":"https:\/\/espacetriathlon.com\/de\/wp-json\/wp\/v2\/product_cat?post=9609"},{"taxonomy":"product_tag","embeddable":true,"href":"https:\/\/espacetriathlon.com\/de\/wp-json\/wp\/v2\/product_tag?post=9609"}],"curies":[{"name":"wp","href":"https:\/\/api.w.org\/{rel}","templated":true}]}}