{"id":47132,"date":"2025-04-13T20:16:16","date_gmt":"2025-04-13T20:16:16","guid":{"rendered":"https:\/\/espacetriathlon.com\/?post_type=product&#038;p=47132"},"modified":"2026-02-21T11:14:42","modified_gmt":"2026-02-21T11:14:42","slug":"athlex-lite-trisuit-men","status":"publish","type":"product","link":"https:\/\/espacetriathlon.com\/en\/product\/athlex-lite-trisuit-men\/","title":{"rendered":"Athlex Lite Trisuit Men"},"content":{"rendered":"<p>MAXIMUM ELASTICITY<br \/>\nThe incorporation of highly elastic fabrics guarantee a perfect fit, providing good compression without reducing the suit\u2019s flexibility.<\/p>\n<p>COMFORT<br \/>\nThe Italian Tri-Tech 4mm chamois with 120 kgs\/m3 density is quick drying and provides the highest level of comfort on your bike. In addition, the Vapour-cool technology based on nanocrystals helps to cool the athlete\u2019s body, facilitating the fast evaporation of sweat. Finally, the two back pockets provide you with the necessary space to store the nutrition you need during the triathlon competition.<\/p>\n<table width=\"125\">\n<tbody>\n<tr>\n<td width=\"125\"><\/td>\n<\/tr>\n<\/tbody>\n<\/table>\n","protected":false},"excerpt":{"rendered":"<table width=\"89\">\n<tbody>\n<tr>\n<td width=\"89\"><\/td>\n<\/tr>\n<\/tbody>\n<\/table>\n<p>La trifonction Athlex Lite int\u00e8gre les technologies n\u00e9cessaires pour vous aider \u00e0 am\u00e9liorer vos performances lors de vos comp\u00e9titions de triathlon. Le textile extensible aux \u00e9paules et au dos conf\u00e8re une flexibilit\u00e9 maximale et permet un ajustement parfait au corps. La technologie Vapour-cool, incorpor\u00e9e au buste et aux jambes, favorise le refroidissement du corps et l&#8217;\u00e9vaporation rapide de la sueur, ce qui permet de rester \u00e0 l\u2019aise dans toutes les \u00e9preuves.<\/p>\n","protected":false},"featured_media":47149,"template":"","meta":[],"product_brand":[],"product_cat":[312],"product_tag":[],"class_list":{"0":"post-47132","1":"product","2":"type-product","3":"status-publish","4":"has-post-thumbnail","6":"product_cat-gear-en","7":"pa_brand-orca-en","8":"pa_size-s","9":"pa_size-m","10":"pa_size-l","11":"pa_size-xl","13":"first","14":"instock","15":"shipping-taxable","16":"purchasable","17":"product-type-variable"},"_links":{"self":[{"href":"https:\/\/espacetriathlon.com\/en\/wp-json\/wp\/v2\/product\/47132","targetHints":{"allow":["GET"]}}],"collection":[{"href":"https:\/\/espacetriathlon.com\/en\/wp-json\/wp\/v2\/product"}],"about":[{"href":"https:\/\/espacetriathlon.com\/en\/wp-json\/wp\/v2\/types\/product"}],"version-history":[{"count":3,"href":"https:\/\/espacetriathlon.com\/en\/wp-json\/wp\/v2\/product\/47132\/revisions"}],"predecessor-version":[{"id":57344,"href":"https:\/\/espacetriathlon.com\/en\/wp-json\/wp\/v2\/product\/47132\/revisions\/57344"}],"wp:featuredmedia":[{"embeddable":true,"href":"https:\/\/espacetriathlon.com\/en\/wp-json\/wp\/v2\/media\/47149"}],"wp:attachment":[{"href":"https:\/\/espacetriathlon.com\/en\/wp-json\/wp\/v2\/media?parent=47132"}],"wp:term":[{"taxonomy":"product_brand","embeddable":true,"href":"https:\/\/espacetriathlon.com\/en\/wp-json\/wp\/v2\/product_brand?post=47132"},{"taxonomy":"product_cat","embeddable":true,"href":"https:\/\/espacetriathlon.com\/en\/wp-json\/wp\/v2\/product_cat?post=47132"},{"taxonomy":"product_tag","embeddable":true,"href":"https:\/\/espacetriathlon.com\/en\/wp-json\/wp\/v2\/product_tag?post=47132"}],"curies":[{"name":"wp","href":"https:\/\/api.w.org\/{rel}","templated":true}]}}