{"id":50225,"date":"2025-07-01T16:42:05","date_gmt":"2025-07-01T16:42:05","guid":{"rendered":"https:\/\/espacetriathlon.com\/a-propos\/"},"modified":"2025-08-14T15:47:02","modified_gmt":"2025-08-14T15:47:02","slug":"a-propos","status":"publish","type":"page","link":"https:\/\/espacetriathlon.com\/fr\/a-propos\/","title":{"rendered":"\u00c0 propos"},"content":{"rendered":"\t\t<div data-elementor-type=\"wp-page\" data-elementor-id=\"50225\" class=\"elementor elementor-50225 elementor-104\" data-elementor-post-type=\"page\">\n\t\t\t\t<div class=\"elementor-element elementor-element-0914b17 e-flex e-con-boxed e-con e-parent\" data-id=\"0914b17\" data-element_type=\"container\" data-e-type=\"container\" data-settings=\"{&quot;background_background&quot;:&quot;classic&quot;}\">\n\t\t\t\t\t<div class=\"e-con-inner\">\n\t\t\t\t<div class=\"elementor-element elementor-element-d5bcced elementor-widget elementor-widget-heading\" data-id=\"d5bcced\" data-element_type=\"widget\" data-e-type=\"widget\" data-widget_type=\"heading.default\">\n\t\t\t\t\t<h2 class=\"elementor-heading-title elementor-size-default\">\u00c0 propos<\/h2>\t\t\t\t<\/div>\n\t\t\t\t\t<\/div>\n\t\t\t\t<\/div>\n\t\t<div class=\"elementor-element elementor-element-9299316 e-flex e-con-boxed e-con e-parent\" data-id=\"9299316\" data-element_type=\"container\" data-e-type=\"container\">\n\t\t\t\t\t<div class=\"e-con-inner\">\n\t\t<div class=\"elementor-element elementor-element-b439be6 e-con-full e-flex e-con e-child\" data-id=\"b439be6\" data-element_type=\"container\" data-e-type=\"container\">\n\t\t\t\t<div class=\"elementor-element elementor-element-f0be9cb elementor-widget elementor-widget-heading\" data-id=\"f0be9cb\" data-element_type=\"widget\" data-e-type=\"widget\" data-widget_type=\"heading.default\">\n\t\t\t\t\t<h2 class=\"elementor-heading-title elementor-size-default\">\n\u00c0 propos\n<\/h2>\t\t\t\t<\/div>\n\t\t\t\t<div class=\"elementor-element elementor-element-ee62cbc elementor-widget elementor-widget-text-editor\" data-id=\"ee62cbc\" data-element_type=\"widget\" data-e-type=\"widget\" data-widget_type=\"text-editor.default\">\n\t\t\t\t\t\t\t\t\tL&#8217;Espace Triathlon (Sportmax) de Lausanne et Nyon est un lieu unique d\u00e9di\u00e9 au mat\u00e9riel de triathlon et plus g\u00e9n\u00e9ralement \u00e0 la natation en piscine ou en eau libre.\nCet espace est un lieu o\u00f9 tout athl\u00e8te d&#8217;endurance (triathl\u00e8te, nageur), quelles que soient ses ambitions, peut trouver le mat\u00e9riel adapt\u00e9 \u00e0 ses besoins et l&#8217;essayer en avant-premi\u00e8re, en magasin ou au bord du lac.\n\t\t\t\t\t\t\t\t<\/div>\n\t\t\t\t<\/div>\n\t\t<div class=\"elementor-element elementor-element-ea22b63 e-con-full e-flex e-con e-child\" data-id=\"ea22b63\" data-element_type=\"container\" data-e-type=\"container\">\n\t\t\t\t<div class=\"elementor-element elementor-element-0649c90 elementor-widget elementor-widget-image\" data-id=\"0649c90\" data-element_type=\"widget\" data-e-type=\"widget\" data-widget_type=\"image.default\">\n\t\t\t\t\t\t\t\t\t\t\t\t\t\t\t<img decoding=\"async\" src=\"https:\/\/darkslateblue-cattle-473851.hostingersite.com\/wp-content\/uploads\/2025\/07\/about-page-min.png\" title=\"\" alt=\"\" loading=\"lazy\" \/>\t\t\t\t\t\t\t\t\t\t\t\t\t\t\t<\/div>\n\t\t\t\t<\/div>\n\t\t\t\t\t<\/div>\n\t\t\t\t<\/div>\n\t\t\t\t<\/div>\n\t\t","protected":false},"excerpt":{"rendered":"<p>\u00c0 propos \u00c0 propos L&#8217;Espace Triathlon (Sportmax) de Lausanne et Nyon est un lieu unique d\u00e9di\u00e9 au mat\u00e9riel de triathlon et plus g\u00e9n\u00e9ralement \u00e0 la natation en piscine ou en eau libre. Cet espace est un lieu o\u00f9 tout athl\u00e8te d&#8217;endurance (triathl\u00e8te, nageur), quelles que soient ses ambitions, peut trouver le mat\u00e9riel adapt\u00e9 \u00e0 ses [&hellip;]<\/p>\n","protected":false},"author":1,"featured_media":0,"parent":0,"menu_order":0,"comment_status":"closed","ping_status":"closed","template":"","meta":{"footnotes":""},"class_list":["post-50225","page","type-page","status-publish","hentry"],"_links":{"self":[{"href":"https:\/\/espacetriathlon.com\/fr\/wp-json\/wp\/v2\/pages\/50225","targetHints":{"allow":["GET"]}}],"collection":[{"href":"https:\/\/espacetriathlon.com\/fr\/wp-json\/wp\/v2\/pages"}],"about":[{"href":"https:\/\/espacetriathlon.com\/fr\/wp-json\/wp\/v2\/types\/page"}],"author":[{"embeddable":true,"href":"https:\/\/espacetriathlon.com\/fr\/wp-json\/wp\/v2\/users\/1"}],"replies":[{"embeddable":true,"href":"https:\/\/espacetriathlon.com\/fr\/wp-json\/wp\/v2\/comments?post=50225"}],"version-history":[{"count":7,"href":"https:\/\/espacetriathlon.com\/fr\/wp-json\/wp\/v2\/pages\/50225\/revisions"}],"predecessor-version":[{"id":53818,"href":"https:\/\/espacetriathlon.com\/fr\/wp-json\/wp\/v2\/pages\/50225\/revisions\/53818"}],"wp:attachment":[{"href":"https:\/\/espacetriathlon.com\/fr\/wp-json\/wp\/v2\/media?parent=50225"}],"curies":[{"name":"wp","href":"https:\/\/api.w.org\/{rel}","templated":true}]}}