{"id":50242,"date":"2025-07-07T17:30:37","date_gmt":"2025-07-07T17:30:37","guid":{"rendered":"https:\/\/espacetriathlon.com\/conditions-generales-de-vente\/"},"modified":"2025-08-12T19:34:31","modified_gmt":"2025-08-12T19:34:31","slug":"conditions-generales-de-vente","status":"publish","type":"page","link":"https:\/\/espacetriathlon.com\/fr\/conditions-generales-de-vente\/","title":{"rendered":"Conditions g\u00e9n\u00e9rales de vente"},"content":{"rendered":"\t\t<div data-elementor-type=\"wp-page\" data-elementor-id=\"50242\" class=\"elementor elementor-50242 elementor-49220\" data-elementor-post-type=\"page\">\n\t\t\t\t<div class=\"elementor-element elementor-element-50b9b73b e-flex e-con-boxed e-con e-parent\" data-id=\"50b9b73b\" data-element_type=\"container\" data-e-type=\"container\" data-settings=\"{&quot;background_background&quot;:&quot;classic&quot;}\">\n\t\t\t\t\t<div class=\"e-con-inner\">\n\t\t\t\t<div class=\"elementor-element elementor-element-663928cb elementor-widget elementor-widget-heading\" data-id=\"663928cb\" data-element_type=\"widget\" data-e-type=\"widget\" data-widget_type=\"heading.default\">\n\t\t\t\t\t<h2 class=\"elementor-heading-title elementor-size-default\"> Conditions g\u00e9n\u00e9rales de vente <\/h2>\t\t\t\t<\/div>\n\t\t\t\t\t<\/div>\n\t\t\t\t<\/div>\n\t\t<div class=\"elementor-element elementor-element-13a4ffed e-flex e-con-boxed e-con e-parent\" data-id=\"13a4ffed\" data-element_type=\"container\" data-e-type=\"container\">\n\t\t\t\t\t<div class=\"e-con-inner\">\n\t\t<div class=\"elementor-element elementor-element-6576ac02 e-con-full e-flex e-con e-child\" data-id=\"6576ac02\" data-element_type=\"container\" data-e-type=\"container\">\n\t\t\t\t<div class=\"elementor-element elementor-element-77648660 elementor-widget elementor-widget-heading\" data-id=\"77648660\" data-element_type=\"widget\" data-e-type=\"widget\" data-widget_type=\"heading.default\">\n\t\t\t\t\t<h2 class=\"elementor-heading-title elementor-size-default\">\nPrix\n\n<\/h2>\t\t\t\t<\/div>\n\t\t\t\t<div class=\"elementor-element elementor-element-210dd3d9 elementor-widget elementor-widget-text-editor\" data-id=\"210dd3d9\" data-element_type=\"widget\" data-e-type=\"widget\" data-widget_type=\"text-editor.default\">\n\t\t\t\t\t\t\t\t\tLes prix figurant dans ce catalogue sont indiqu\u00e9s en francs suisses, nets, TVA comprise, et sont garantis. Les articles couverts par la garantie sont soumis aux conditions de l&#8217;offre en vigueur au moment de l&#8217;achat. La garantie prend effet \u00e0 la date de livraison de l&#8217;article, attest\u00e9e par le document d&#8217;accompagnement (facture), que nous vous demandons de conserver en lieu s\u00fbr. Les dommages dus \u00e0 un mauvais entretien, au non-respect des instructions ou \u00e0 l&#8217;usure normale ne sont pas couverts.\t\t\t\t\t\t\t\t<\/div>\n\t\t\t\t<div class=\"elementor-element elementor-element-2cb246b elementor-widget elementor-widget-heading\" data-id=\"2cb246b\" data-element_type=\"widget\" data-e-type=\"widget\" data-widget_type=\"heading.default\">\n\t\t\t\t\t<h2 class=\"elementor-heading-title elementor-size-default\">Disponibilit\u00e9 \n\n\n<\/h2>\t\t\t\t<\/div>\n\t\t\t\t<div class=\"elementor-element elementor-element-2bb4ab3 elementor-widget elementor-widget-text-editor\" data-id=\"2bb4ab3\" data-element_type=\"widget\" data-e-type=\"widget\" data-widget_type=\"text-editor.default\">\n\t\t\t\t\t\t\t\t\tNotre engagement de livraison est nul en cas de d\u00e9faillance ou de non-respect des d\u00e9lais de livraison de la part de nos propres fournisseurs, et dans la mesure o\u00f9 cette indisponibilit\u00e9 n&#8217;est pas imputable \u00e0 Sportmax Sarl. Si un produit n&#8217;est pas disponible, nous vous en informerons d\u00e8s que possible.\t\t\t\t\t\t\t\t<\/div>\n\t\t\t\t<div class=\"elementor-element elementor-element-0ff5e72 elementor-widget elementor-widget-heading\" data-id=\"0ff5e72\" data-element_type=\"widget\" data-e-type=\"widget\" data-widget_type=\"heading.default\">\n\t\t\t\t\t<h2 class=\"elementor-heading-title elementor-size-default\">Modes de paiement\n\n\n\n<\/h2>\t\t\t\t<\/div>\n\t\t\t\t<div class=\"elementor-element elementor-element-90dc880 elementor-widget elementor-widget-text-editor\" data-id=\"90dc880\" data-element_type=\"widget\" data-e-type=\"widget\" data-widget_type=\"text-editor.default\">\n\t\t\t\t\t\t\t\t\tModes de paiement : paiement par carte bancaire.\t\t\t\t\t\t\t\t<\/div>\n\t\t\t\t<div class=\"elementor-element elementor-element-8c3a554 elementor-widget elementor-widget-heading\" data-id=\"8c3a554\" data-element_type=\"widget\" data-e-type=\"widget\" data-widget_type=\"heading.default\">\n\t\t\t\t\t<h2 class=\"elementor-heading-title elementor-size-default\">Livraison et transport\n\n\n\n<\/h2>\t\t\t\t<\/div>\n\t\t\t\t<div class=\"elementor-element elementor-element-870fbb5 elementor-widget elementor-widget-text-editor\" data-id=\"870fbb5\" data-element_type=\"widget\" data-e-type=\"widget\" data-widget_type=\"text-editor.default\">\n\t\t\t\t\t\t\t\t\tLivraison et transport\nLes articles disponibles sont exp\u00e9di\u00e9s par la poste sous 1 \u00e0 2 jours environ. Sportmax Sarl ne livre pas aux bo\u00eetes postales et ne livre pas aux mineurs ou aux personnes sous tutelle, sauf autorisation \u00e9crite des parents ou du tuteur.\t\t\t\t\t\t\t\t<\/div>\n\t\t\t\t<div class=\"elementor-element elementor-element-78e4003 elementor-widget elementor-widget-heading\" data-id=\"78e4003\" data-element_type=\"widget\" data-e-type=\"widget\" data-widget_type=\"heading.default\">\n\t\t\t\t\t<h2 class=\"elementor-heading-title elementor-size-default\">Retour ou \u00e9change de marchandises\n\n\n\n<\/h2>\t\t\t\t<\/div>\n\t\t\t\t<div class=\"elementor-element elementor-element-f798ea0 elementor-widget elementor-widget-text-editor\" data-id=\"f798ea0\" data-element_type=\"widget\" data-e-type=\"widget\" data-widget_type=\"text-editor.default\">\n\t\t\t\t\t\t\t\t\tLivraison et transport\nRetour ou \u00e9change de marchandises\nLes articles doivent \u00eatre retourn\u00e9s intacts et complets, dans leur emballage d&#8217;origine (avec les \u00e9tiquettes de r\u00e9f\u00e9rence), dans les 7 jours suivant la r\u00e9ception de votre colis. Les frais de retour sont \u00e0 votre charge. Dans le cas d&#8217;un \u00e9change, les frais d&#8217;envoi de votre nouvelle commande sont gratuits.\t\t\t\t\t\t\t\t<\/div>\n\t\t\t\t<div class=\"elementor-element elementor-element-dd81346 elementor-widget elementor-widget-heading\" data-id=\"dd81346\" data-element_type=\"widget\" data-e-type=\"widget\" data-widget_type=\"heading.default\">\n\t\t\t\t\t<h2 class=\"elementor-heading-title elementor-size-default\">Garantie l\u00e9gale\n\n\n\n<\/h2>\t\t\t\t<\/div>\n\t\t\t\t<div class=\"elementor-element elementor-element-1d0c202 elementor-widget elementor-widget-text-editor\" data-id=\"1d0c202\" data-element_type=\"widget\" data-e-type=\"widget\" data-widget_type=\"text-editor.default\">\n\t\t\t\t\t\t\t\t\tGarantie l\u00e9gale\nV\u00e9rifiez imm\u00e9diatement la marchandise livr\u00e9e afin de d\u00e9celer tout d\u00e9faut de mat\u00e9riau et de fabrication \u00e9vident, ainsi que tout dommage d\u00fb au transport. Conform\u00e9ment \u00e0 la loi, vous \u00eates tenu de nous signaler tout d\u00e9faut ou vice dans les marchandises livr\u00e9es afin que nous puissions y rem\u00e9dier.\t\t\t\t\t\t\t\t<\/div>\n\t\t\t\t<div class=\"elementor-element elementor-element-a3637de elementor-widget elementor-widget-heading\" data-id=\"a3637de\" data-element_type=\"widget\" data-e-type=\"widget\" data-widget_type=\"heading.default\">\n\t\t\t\t\t<h2 class=\"elementor-heading-title elementor-size-default\">Protection des donn\u00e9es\n\n\n\n<\/h2>\t\t\t\t<\/div>\n\t\t\t\t<div class=\"elementor-element elementor-element-7f96bcd elementor-widget elementor-widget-text-editor\" data-id=\"7f96bcd\" data-element_type=\"widget\" data-e-type=\"widget\" data-widget_type=\"text-editor.default\">\n\t\t\t\t\t\t\t\t\tToutes les donn\u00e9es personnelles seront trait\u00e9es de mani\u00e8re confidentielle. Les informations n\u00e9cessaires au traitement de votre commande seront trait\u00e9es \u00e9lectroniquement et ne seront pas transmises \u00e0 des tiers.\t\t\t\t\t\t\t\t<\/div>\n\t\t\t\t<div class=\"elementor-element elementor-element-2a8a12f elementor-widget elementor-widget-heading\" data-id=\"2a8a12f\" data-element_type=\"widget\" data-e-type=\"widget\" data-widget_type=\"heading.default\">\n\t\t\t\t\t<h2 class=\"elementor-heading-title elementor-size-default\">Droit applicable et lieu de juridiction\n\n\n\n<\/h2>\t\t\t\t<\/div>\n\t\t\t\t<div class=\"elementor-element elementor-element-908dbd8 elementor-widget elementor-widget-text-editor\" data-id=\"908dbd8\" data-element_type=\"widget\" data-e-type=\"widget\" data-widget_type=\"text-editor.default\">\n\t\t\t\t\t\t\t\t\tLe droit suisse est applicable et tout litige sera de la comp\u00e9tence du Tribunal d&#8217;instance de Nyon.\nSportmax Sarl \u2013 Route du Boiron 77 \u2013 1260 Nyon CHE-110.199.286\t\t\t\t\t\t\t\t<\/div>\n\t\t\t\t<\/div>\n\t\t\t\t\t<\/div>\n\t\t\t\t<\/div>\n\t\t\t\t<\/div>\n\t\t","protected":false},"excerpt":{"rendered":"<p>Conditions g\u00e9n\u00e9rales de vente Prix Les prix figurant dans ce catalogue sont indiqu\u00e9s en francs suisses, nets, TVA comprise, et sont garantis. Les articles couverts par la garantie sont soumis aux conditions de l&#8217;offre en vigueur au moment de l&#8217;achat. La garantie prend effet \u00e0 la date de livraison de l&#8217;article, attest\u00e9e par le document [&hellip;]<\/p>\n","protected":false},"author":1,"featured_media":0,"parent":0,"menu_order":0,"comment_status":"closed","ping_status":"closed","template":"","meta":{"footnotes":""},"class_list":["post-50242","page","type-page","status-publish","hentry"],"_links":{"self":[{"href":"https:\/\/espacetriathlon.com\/fr\/wp-json\/wp\/v2\/pages\/50242","targetHints":{"allow":["GET"]}}],"collection":[{"href":"https:\/\/espacetriathlon.com\/fr\/wp-json\/wp\/v2\/pages"}],"about":[{"href":"https:\/\/espacetriathlon.com\/fr\/wp-json\/wp\/v2\/types\/page"}],"author":[{"embeddable":true,"href":"https:\/\/espacetriathlon.com\/fr\/wp-json\/wp\/v2\/users\/1"}],"replies":[{"embeddable":true,"href":"https:\/\/espacetriathlon.com\/fr\/wp-json\/wp\/v2\/comments?post=50242"}],"version-history":[{"count":2,"href":"https:\/\/espacetriathlon.com\/fr\/wp-json\/wp\/v2\/pages\/50242\/revisions"}],"predecessor-version":[{"id":53770,"href":"https:\/\/espacetriathlon.com\/fr\/wp-json\/wp\/v2\/pages\/50242\/revisions\/53770"}],"wp:attachment":[{"href":"https:\/\/espacetriathlon.com\/fr\/wp-json\/wp\/v2\/media?parent=50242"}],"curies":[{"name":"wp","href":"https:\/\/api.w.org\/{rel}","templated":true}]}}