{"id":50254,"date":"2025-07-04T16:31:55","date_gmt":"2025-07-04T16:31:55","guid":{"rendered":"https:\/\/espacetriathlon.com\/choisir-une-combinaison-en-neoprene\/"},"modified":"2025-08-08T17:36:32","modified_gmt":"2025-08-08T17:36:32","slug":"choisir-une-combinaison-en-neoprene","status":"publish","type":"page","link":"https:\/\/espacetriathlon.com\/fr\/choisir-une-combinaison-en-neoprene\/","title":{"rendered":"Choisir une combinaison en n\u00e9opr\u00e8ne"},"content":{"rendered":"\t\t<div data-elementor-type=\"wp-page\" data-elementor-id=\"50254\" class=\"elementor elementor-50254 elementor-49218\" data-elementor-post-type=\"page\">\n\t\t\t\t<div class=\"elementor-element elementor-element-6f3841d1 e-flex e-con-boxed e-con e-parent\" data-id=\"6f3841d1\" data-element_type=\"container\" data-e-type=\"container\" data-settings=\"{&quot;background_background&quot;:&quot;classic&quot;}\">\n\t\t\t\t\t<div class=\"e-con-inner\">\n\t\t\t\t<div class=\"elementor-element elementor-element-7a899fd4 elementor-widget elementor-widget-heading\" data-id=\"7a899fd4\" data-element_type=\"widget\" data-e-type=\"widget\" data-widget_type=\"heading.default\">\n\t\t\t\t\t<h2 class=\"elementor-heading-title elementor-size-default\"> Choisir une combinaison en n\u00e9opr\u00e8ne <\/h2>\t\t\t\t<\/div>\n\t\t\t\t\t<\/div>\n\t\t\t\t<\/div>\n\t\t<div class=\"elementor-element elementor-element-ca7882c e-flex e-con-boxed e-con e-parent\" data-id=\"ca7882c\" data-element_type=\"container\" data-e-type=\"container\">\n\t\t\t\t\t<div class=\"e-con-inner\">\n\t\t<div class=\"elementor-element elementor-element-29bfef64 e-con-full e-flex e-con e-child\" data-id=\"29bfef64\" data-element_type=\"container\" data-e-type=\"container\">\n\t\t\t\t<div class=\"elementor-element elementor-element-18ba13a9 elementor-widget elementor-widget-heading\" data-id=\"18ba13a9\" data-element_type=\"widget\" data-e-type=\"widget\" data-widget_type=\"heading.default\">\n\t\t\t\t\t<h2 class=\"elementor-heading-title elementor-size-default\">Avez-vous besoin d\u2019aide pour choisir la combinaison en n\u00e9opr\u00e8ne la plus adapt\u00e9e ?\n<\/h2>\t\t\t\t<\/div>\n\t\t\t\t<div class=\"elementor-element elementor-element-72599807 elementor-widget elementor-widget-text-editor\" data-id=\"72599807\" data-element_type=\"widget\" data-e-type=\"widget\" data-widget_type=\"text-editor.default\">\n\t\t\t\t\t\t\t\t\tUne combinaison n\u00e9opr\u00e8ne co\u00fbte entre 200 et 800 francs. Chaque mod\u00e8le poss\u00e8de ses propres caract\u00e9ristiques et correspond \u00e0 un type de nageur. Les crit\u00e8res de choix sont multiples : budget, caract\u00e9ristiques (distance vis\u00e9e, niveau de flottabilit\u00e9, niveau de performance), objectifs sportifs (natation loisir, nage en eau libre, triathlon courte ou moyenne distance) et m\u00eame strat\u00e9gies de course. Les tailles sont parfois difficiles \u00e0 d\u00e9terminer pr\u00e9cis\u00e9ment sans essayer la combinaison en magasin.   \n<br><br>Comment proc\u00e9der ?\n<br><br>\u2013 Venez nous rendre visite dans nos magasins : vous aurez toutes les informations pour faire votre choix et vous aurez la possibilit\u00e9 d\u2019essayer les combinaisons.\n\n\u2013 Participez \u00e0 un test sur le lac : Nous organisons diff\u00e9rents tests qui vous permettent d\u2019essayer une combinaison dans l\u2019eau et d\u2019exprimer votre avis.\n<br><br>\u2013 R\u00e9ponses \u00e0 quelques questions : Nous avons d\u00e9velopp\u00e9 un outil d&#8217;\u00e9valuation sp\u00e9cifique pour vous aider \u00e0 choisir la combinaison la mieux adapt\u00e9e \u00e0 vos caract\u00e9ristiques et \u00e0 vos objectifs. Demandez-nous le questionnaire et nous vous l&#8217;enverrons. \n\t\t\t\t\t\t\t\t<\/div>\n\t\t\t\t<\/div>\n\t\t<div class=\"elementor-element elementor-element-3bf95cc6 e-con-full e-flex e-con e-child\" data-id=\"3bf95cc6\" data-element_type=\"container\" data-e-type=\"container\">\n\t\t\t\t<div class=\"elementor-element elementor-element-3ca4695f elementor-widget elementor-widget-image\" data-id=\"3ca4695f\" data-element_type=\"widget\" data-e-type=\"widget\" data-widget_type=\"image.default\">\n\t\t\t\t\t\t\t\t\t\t\t\t\t\t\t<img fetchpriority=\"high\" decoding=\"async\" width=\"620\" height=\"620\" src=\"https:\/\/espacetriathlon.com\/wp-content\/uploads\/2020\/10\/KA62TT01-FRONT.jpg\" class=\"attachment-large size-large wp-image-1042\" alt=\"\" srcset=\"https:\/\/espacetriathlon.com\/wp-content\/uploads\/2020\/10\/KA62TT01-FRONT.jpg 620w, https:\/\/espacetriathlon.com\/wp-content\/uploads\/2020\/10\/KA62TT01-FRONT-430x430.jpg 430w, https:\/\/espacetriathlon.com\/wp-content\/uploads\/2020\/10\/KA62TT01-FRONT-150x150.jpg 150w, https:\/\/espacetriathlon.com\/wp-content\/uploads\/2020\/10\/KA62TT01-FRONT-300x300.jpg 300w, https:\/\/espacetriathlon.com\/wp-content\/uploads\/2020\/10\/KA62TT01-FRONT-600x600.jpg 600w, https:\/\/espacetriathlon.com\/wp-content\/uploads\/2020\/10\/KA62TT01-FRONT-100x100.jpg 100w\" sizes=\"(max-width: 620px) 100vw, 620px\" \/>\t\t\t\t\t\t\t\t\t\t\t\t\t\t\t<\/div>\n\t\t\t\t<\/div>\n\t\t\t\t\t<\/div>\n\t\t\t\t<\/div>\n\t\t\t\t<\/div>\n\t\t","protected":false},"excerpt":{"rendered":"<p>Choisir une combinaison en n\u00e9opr\u00e8ne Avez-vous besoin d\u2019aide pour choisir la combinaison en n\u00e9opr\u00e8ne la plus adapt\u00e9e ? Une combinaison n\u00e9opr\u00e8ne co\u00fbte entre 200 et 800 francs. Chaque mod\u00e8le poss\u00e8de ses propres caract\u00e9ristiques et correspond \u00e0 un type de nageur. Les crit\u00e8res de choix sont multiples : budget, caract\u00e9ristiques (distance vis\u00e9e, niveau de flottabilit\u00e9, niveau [&hellip;]<\/p>\n","protected":false},"author":1,"featured_media":0,"parent":0,"menu_order":0,"comment_status":"closed","ping_status":"closed","template":"","meta":{"footnotes":""},"class_list":["post-50254","page","type-page","status-publish","hentry"],"_links":{"self":[{"href":"https:\/\/espacetriathlon.com\/fr\/wp-json\/wp\/v2\/pages\/50254","targetHints":{"allow":["GET"]}}],"collection":[{"href":"https:\/\/espacetriathlon.com\/fr\/wp-json\/wp\/v2\/pages"}],"about":[{"href":"https:\/\/espacetriathlon.com\/fr\/wp-json\/wp\/v2\/types\/page"}],"author":[{"embeddable":true,"href":"https:\/\/espacetriathlon.com\/fr\/wp-json\/wp\/v2\/users\/1"}],"replies":[{"embeddable":true,"href":"https:\/\/espacetriathlon.com\/fr\/wp-json\/wp\/v2\/comments?post=50254"}],"version-history":[{"count":7,"href":"https:\/\/espacetriathlon.com\/fr\/wp-json\/wp\/v2\/pages\/50254\/revisions"}],"predecessor-version":[{"id":51826,"href":"https:\/\/espacetriathlon.com\/fr\/wp-json\/wp\/v2\/pages\/50254\/revisions\/51826"}],"wp:attachment":[{"href":"https:\/\/espacetriathlon.com\/fr\/wp-json\/wp\/v2\/media?parent=50254"}],"curies":[{"name":"wp","href":"https:\/\/api.w.org\/{rel}","templated":true}]}}