{"id":55589,"date":"2025-07-01T13:09:10","date_gmt":"2025-07-01T13:09:10","guid":{"rendered":"https:\/\/espacetriathlon.com\/chariot\/"},"modified":"2025-10-11T14:22:51","modified_gmt":"2025-10-11T14:22:51","slug":"chariot","status":"publish","type":"page","link":"https:\/\/espacetriathlon.com\/fr\/chariot\/","title":{"rendered":"Chariot"},"content":{"rendered":"\t\t<div data-elementor-type=\"wp-page\" data-elementor-id=\"55589\" class=\"elementor elementor-55589 elementor-9\" data-elementor-post-type=\"page\">\n\t\t\t\t<div class=\"elementor-element elementor-element-26a1fe38 e-flex e-con-boxed e-con e-parent\" data-id=\"26a1fe38\" data-element_type=\"container\" data-e-type=\"container\">\n\t\t\t\t\t<div class=\"e-con-inner\">\n\t\t\t\t\t<\/div>\n\t\t\t\t<\/div>\n\t\t\t\t<\/div>\n\t\t","protected":false},"excerpt":{"rendered":"<p>Supprimer l\u2019\u00e9l\u00e9ment Miniature Produit Prix Quantit\u00e9 Sous-total &times; Apex Flow Men V2 &#8211; T6 (167-175 cm\/ 67-75 kg) &#67;&#72;&#70;869.00 quantit\u00e9 de Apex Flow Men V2 &#8211; T6 (167-175 cm\/ 67-75 kg)&nbsp; &#67;&#72;&#70;869.00 Overall estimated dispatch date: Oct 17, 2025 Mise \u00e0 jour le panier Appliquer le code promo Totaux du panier Sous-total &#67;&#72;&#70;869.00 Exp\u00e9dition Free [&hellip;]<\/p>\n","protected":false},"author":1,"featured_media":0,"parent":0,"menu_order":0,"comment_status":"closed","ping_status":"closed","template":"","meta":{"footnotes":""},"class_list":["post-55589","page","type-page","status-publish","hentry"],"_links":{"self":[{"href":"https:\/\/espacetriathlon.com\/fr\/wp-json\/wp\/v2\/pages\/55589","targetHints":{"allow":["GET"]}}],"collection":[{"href":"https:\/\/espacetriathlon.com\/fr\/wp-json\/wp\/v2\/pages"}],"about":[{"href":"https:\/\/espacetriathlon.com\/fr\/wp-json\/wp\/v2\/types\/page"}],"author":[{"embeddable":true,"href":"https:\/\/espacetriathlon.com\/fr\/wp-json\/wp\/v2\/users\/1"}],"replies":[{"embeddable":true,"href":"https:\/\/espacetriathlon.com\/fr\/wp-json\/wp\/v2\/comments?post=55589"}],"version-history":[{"count":4,"href":"https:\/\/espacetriathlon.com\/fr\/wp-json\/wp\/v2\/pages\/55589\/revisions"}],"predecessor-version":[{"id":56855,"href":"https:\/\/espacetriathlon.com\/fr\/wp-json\/wp\/v2\/pages\/55589\/revisions\/56855"}],"wp:attachment":[{"href":"https:\/\/espacetriathlon.com\/fr\/wp-json\/wp\/v2\/media?parent=55589"}],"curies":[{"name":"wp","href":"https:\/\/api.w.org\/{rel}","templated":true}]}}