{"id":11210,"date":"2022-01-15T11:26:00","date_gmt":"2022-01-15T11:26:00","guid":{"rendered":"https:\/\/espacetriathlon.com\/?post_type=product&#038;p=11210"},"modified":"2025-04-03T13:01:08","modified_gmt":"2025-04-03T13:01:08","slug":"men-openwater-swim-gloves","status":"publish","type":"product","link":"https:\/\/espacetriathlon.com\/fr\/product\/men-openwater-swim-gloves\/","title":{"rendered":"Men Openwater Swim Gloves"},"content":{"rendered":"<p>Mati\u00e8res : Ils sont confectionn\u00e9s dans un n\u00e9opr\u00e8ne de 3 mm et comportent un tissu int\u00e9rieur tr\u00e8s extensible pour un meilleur ajustement.<\/p>\n<p>Coupe : La marge de longueur dans la coupe permet d\u2019obtenir un chevauchement des gants avec le n\u00e9opr\u00e8ne pour une meilleure isolation.<\/p>\n","protected":false},"excerpt":{"rendered":"<p>Les Liquid Seam Gloves sont dot\u00e9s de coutures liquides qui emp\u00eachent l&#8217;eau de s\u2019infiltrer entre les empi\u00e8cements, prot\u00e9geant ainsi vos mains des temp\u00e9ratures les plus basses. Avec une \u00e9paisseur de 3 mm et une coupe ergonomique, ces gants s&#8217;adaptent parfaitement \u00e0 la position de vos mains lorsque vous nagez en eau libre.<\/p>\n","protected":false},"featured_media":49577,"template":"","meta":[],"product_brand":[],"product_cat":[985,270],"product_tag":[],"class_list":{"0":"post-11210","1":"product","2":"type-product","3":"status-publish","4":"has-post-thumbnail","6":"product_cat-apnee","7":"product_cat-openwater-fr","8":"pa_brand-orca","9":"pa_size-s-fr","10":"pa_size-m-fr","11":"pa_size-l-fr","13":"first","14":"instock","15":"shipping-taxable","16":"purchasable","17":"product-type-variable"},"_links":{"self":[{"href":"https:\/\/espacetriathlon.com\/fr\/wp-json\/wp\/v2\/product\/11210","targetHints":{"allow":["GET"]}}],"collection":[{"href":"https:\/\/espacetriathlon.com\/fr\/wp-json\/wp\/v2\/product"}],"about":[{"href":"https:\/\/espacetriathlon.com\/fr\/wp-json\/wp\/v2\/types\/product"}],"version-history":[{"count":2,"href":"https:\/\/espacetriathlon.com\/fr\/wp-json\/wp\/v2\/product\/11210\/revisions"}],"predecessor-version":[{"id":36561,"href":"https:\/\/espacetriathlon.com\/fr\/wp-json\/wp\/v2\/product\/11210\/revisions\/36561"}],"wp:featuredmedia":[{"embeddable":true,"href":"https:\/\/espacetriathlon.com\/fr\/wp-json\/wp\/v2\/media\/49577"}],"wp:attachment":[{"href":"https:\/\/espacetriathlon.com\/fr\/wp-json\/wp\/v2\/media?parent=11210"}],"wp:term":[{"taxonomy":"product_brand","embeddable":true,"href":"https:\/\/espacetriathlon.com\/fr\/wp-json\/wp\/v2\/product_brand?post=11210"},{"taxonomy":"product_cat","embeddable":true,"href":"https:\/\/espacetriathlon.com\/fr\/wp-json\/wp\/v2\/product_cat?post=11210"},{"taxonomy":"product_tag","embeddable":true,"href":"https:\/\/espacetriathlon.com\/fr\/wp-json\/wp\/v2\/product_tag?post=11210"}],"curies":[{"name":"wp","href":"https:\/\/api.w.org\/{rel}","templated":true}]}}